{"id":992,"date":"2023-08-16T21:44:24","date_gmt":"2023-08-17T02:44:24","guid":{"rendered":"http:\/\/municipiolahuacana.com\/?page_id=992"},"modified":"2023-08-16T21:57:14","modified_gmt":"2023-08-17T02:57:14","slug":"dif-conac-2do-trimestre","status":"publish","type":"page","link":"https:\/\/municipiolahuacana.com\/index.php\/dif-conac-2do-trimestre\/","title":{"rendered":"DIF &#8211; CONAC 2DO TRIMESTRE 2023"},"content":{"rendered":"\n<div class=\"wp-block-themeisle-blocks-advanced-columns has-1-columns has-desktop-equal-layout has-tablet-equal-layout has-mobile-equal-layout has-default-gap has-vertical-unset\" id=\"wp-block-themeisle-blocks-advanced-columns-6272d973\"><div class=\"wp-block-themeisle-blocks-advanced-columns-overlay\"><\/div><div class=\"innerblocks-wrap\">\n<div class=\"wp-block-themeisle-blocks-advanced-column\" id=\"wp-block-themeisle-blocks-advanced-column-f6a95734\">\n<figure class=\"wp-block-table is-style-stripes\"><table><tbody><tr><td><a href=\"http:\/\/www.municipiolahuacana.com\/DIF\/2023\/CONAC\/2do_Trim\/1.-%20Estado%20de%20Actividades.pdf\" title=\"1.- Estado de Actividades\">1.- Estado de Actividades<\/a><\/td><\/tr><tr><td><a href=\"http:\/\/www.municipiolahuacana.com\/DIF\/2023\/CONAC\/2do_Trim\/2.-%20Estado%20de%20Situacion%20Financiera.pdf\" title=\"2.- Estado de Situaci\u00f3n Financiera\">2.- Estado de Situaci\u00f3n Financiera<\/a><\/td><\/tr><tr><td><a href=\"http:\/\/www.municipiolahuacana.com\/DIF\/2023\/CONAC\/2do_Trim\/3.-%20Estado%20de%20Variacion%20en%20la%20Hacienda%20Publica.pdf\" title=\"3.- Estado de Variaci\u00f3n en la Hacienda Publica\">3.- Estado de Variaci\u00f3n en la Hacienda Publica<\/a><\/td><\/tr><tr><td><a href=\"http:\/\/www.municipiolahuacana.com\/DIF\/2023\/CONAC\/2do_Trim\/4.-%20Estado%20de%20Cambios%20en%20la%20Situacion%20Financiera.pdf\" title=\"4.- Estado de Cambios en la Situaci\u00f3n Financiera\">4.- Estado de Cambios en la Situaci\u00f3n Financiera<\/a><\/td><\/tr><tr><td><a href=\"http:\/\/www.municipiolahuacana.com\/DIF\/2023\/CONAC\/2do_Trim\/5.-%20Estado%20de%20Flujos%20de%20Efectivo.pdf\" title=\"5.- Estado de Flujos de Efectivo\">5.- Estado de Flujos de Efectivo<\/a><\/td><\/tr><tr><td><a href=\"http:\/\/www.municipiolahuacana.com\/DIF\/2023\/CONAC\/2do_Trim\/6.-%20Estado%20Analitico%20del%20Activo.pdf\" title=\"6.- Estado Anal\u00edtico del Activo\">6.- Estado Anal\u00edtico del Activo<\/a><\/td><\/tr><tr><td><a href=\"http:\/\/www.municipiolahuacana.com\/DIF\/2023\/CONAC\/2do_Trim\/7.-%20Estado%20Analitico%20de%20la%20deuda%20y%20Otros%20Pasivos.pdf\" title=\"7.- Estado Anal\u00edtico de la deuda y Otros Pasivos\">7.- Estado Anal\u00edtico de la deuda y Otros Pasivos<\/a><\/td><\/tr><tr><td><a href=\"http:\/\/www.municipiolahuacana.com\/DIF\/2023\/CONAC\/2do_Trim\/8.-%20Informe%20sobre%20Pasivo%20Contingente.pdf\" title=\"8.- Informe sobre Pasivo Contingente\">8.- Informe sobre Pasivo Contingente<\/a><\/td><\/tr><tr><td><a href=\"http:\/\/www.municipiolahuacana.com\/DIF\/2023\/CONAC\/2do_Trim\/9.-%20Nota%20a%20los%20Estados%20Financieron.pdf\" title=\"9.- Nota a los Estados Financieros\">9.- Nota a los Estados Financieros<\/a><\/td><\/tr><tr><td><a href=\"http:\/\/www.municipiolahuacana.com\/DIF\/2023\/CONAC\/2do_Trim\/10.-%20Estado%20Analitico%20de%20Egresos.pdf\" title=\"10.- Estado Anal\u00edtico de Egresos\">10.- Estado Anal\u00edtico de Egresos<\/a><\/td><\/tr><tr><td><a href=\"http:\/\/www.municipiolahuacana.com\/DIF\/2023\/CONAC\/2do_Trim\/11.-%20Estado%20Analitico%20del%20Ejercicio%20Presupuesto%20de%20Egresos%20con%20base%20en%20la%20clasificacion%20Administrativa.pdf\" title=\"11.- Estado Anal\u00edtico del Ejercicio Presupuesto de Egresos con base en la clasificaci\u00f3n Administrativa\">11.- Estado Anal\u00edtico del Ejercicio Presupuesto de Egresos con base en la clasificaci\u00f3n Administrativa<\/a><\/td><\/tr><tr><td><a href=\"http:\/\/www.municipiolahuacana.com\/DIF\/2023\/CONAC\/2do_Trim\/12.-%20Estado%20Analitico%20del%20ejercicio%20del%20presupuesto%20de%20Egresos%20con%20base%20en%20la%20clasificacion%20Economica%20%28%20por%20tipo%20de%20gasto%20%29.pdf\" title=\"12.- Estado Anal\u00edtico del ejercicio del presupuesto de Egresos con base en la clasificaci\u00f3n Econ\u00f3mica (por tipo de gasto)\">12.- Estado Anal\u00edtico del ejercicio del presupuesto de Egresos con base en la clasificaci\u00f3n Econ\u00f3mica (por tipo de gasto)<\/a><\/td><\/tr><tr><td><a href=\"http:\/\/www.municipiolahuacana.com\/DIF\/2023\/CONAC\/2do_Trim\/13.-%20Estado%20Analitico%20del%20ejercicio%20del%20presupuesto%20de%20Egresos%20con%20base%20en%20la%20clasificacion%20por%20Objeto%20de%20gasto.pdf\" title=\"13.- Estado Anal\u00edtico del ejercicio del presupuesto de Egresos con base en la clasificaci\u00f3n por Objeto de gasto\">13.- Estado Anal\u00edtico del ejercicio del presupuesto de Egresos con base en la clasificaci\u00f3n por Objeto de gasto<\/a><\/td><\/tr><tr><td><a href=\"http:\/\/www.municipiolahuacana.com\/DIF\/2023\/CONAC\/2do_Trim\/14.-%20Estado%20Analitico%20del%20Ejercicio%20del%20presupuesto%20de%20Egresos%20con%20base%20en%20la%20clasificacion%20Funcional.pdf\" title=\"14.- Estado Anal\u00edtico del Ejercicio del presupuesto de Egresos con base en la clasificaci\u00f3n Funcional\">14.- Estado Anal\u00edtico del Ejercicio del presupuesto de Egresos con base en la clasificaci\u00f3n Funcional<\/a><\/td><\/tr><tr><td><a href=\"http:\/\/www.municipiolahuacana.com\/DIF\/2023\/CONAC\/2do_Trim\/15.-%20Endeudamiento%20Neto.pdf\" title=\"15.- Endeudamiento Neto\">15.- Endeudamiento Neto<\/a><\/td><\/tr><tr><td><a href=\"http:\/\/www.municipiolahuacana.com\/DIF\/2023\/CONAC\/2do_Trim\/16.-%20Intereses%20de%20la%20Deuda.pdf\" title=\"16.- Intereses de la Deuda\">16.- Intereses de la Deuda<\/a><\/td><\/tr><tr><td><a href=\"http:\/\/www.municipiolahuacana.com\/DIF\/2023\/CONAC\/2do_Trim\/17.-%20Gasto%20por%20Categoria%20Programatica.pdf\" title=\"17.- Gasto por Categor\u00eda Program\u00e1tica\">17.- Gasto por Categor\u00eda Program\u00e1tica<\/a><\/td><\/tr><tr><td><a href=\"http:\/\/www.municipiolahuacana.com\/DIF\/2023\/CONAC\/2do_Trim\/18.-%20Indicadores%20de%20Resultados.pdf\" title=\"18.- Indicadores de Resultados\">18.- Indicadores de Resultados<\/a><\/td><\/tr><tr><td><a href=\"http:\/\/www.municipiolahuacana.com\/DIF\/2023\/CONAC\/2do_Trim\/19.-%20Inventario%20de%20Bienes%20Muebles%20e%20Inmuebles.pdf\" title=\"19.- Inventario de Bienes Muebles e Inmuebles\">19.- Inventario de Bienes Muebles e Inmuebles<\/a><\/td><\/tr><\/tbody><\/table><\/figure>\n<\/div>\n<\/div><\/div>\n","protected":false},"excerpt":{"rendered":"","protected":false},"author":1,"featured_media":0,"parent":0,"menu_order":0,"comment_status":"closed","ping_status":"closed","template":"","meta":{"om_disable_all_campaigns":false,"_monsterinsights_skip_tracking":false,"_monsterinsights_sitenote_active":false,"_monsterinsights_sitenote_note":"","_monsterinsights_sitenote_category":0,"footnotes":""},"class_list":["post-992","page","type-page","status-publish","hentry"],"aioseo_notices":[],"_links":{"self":[{"href":"https:\/\/municipiolahuacana.com\/index.php\/wp-json\/wp\/v2\/pages\/992","targetHints":{"allow":["GET"]}}],"collection":[{"href":"https:\/\/municipiolahuacana.com\/index.php\/wp-json\/wp\/v2\/pages"}],"about":[{"href":"https:\/\/municipiolahuacana.com\/index.php\/wp-json\/wp\/v2\/types\/page"}],"author":[{"embeddable":true,"href":"https:\/\/municipiolahuacana.com\/index.php\/wp-json\/wp\/v2\/users\/1"}],"replies":[{"embeddable":true,"href":"https:\/\/municipiolahuacana.com\/index.php\/wp-json\/wp\/v2\/comments?post=992"}],"version-history":[{"count":4,"href":"https:\/\/municipiolahuacana.com\/index.php\/wp-json\/wp\/v2\/pages\/992\/revisions"}],"predecessor-version":[{"id":1002,"href":"https:\/\/municipiolahuacana.com\/index.php\/wp-json\/wp\/v2\/pages\/992\/revisions\/1002"}],"wp:attachment":[{"href":"https:\/\/municipiolahuacana.com\/index.php\/wp-json\/wp\/v2\/media?parent=992"}],"curies":[{"name":"wp","href":"https:\/\/api.w.org\/{rel}","templated":true}]}}