{"id":963,"date":"2023-08-15T20:11:47","date_gmt":"2023-08-16T01:11:47","guid":{"rendered":"http:\/\/municipiolahuacana.com\/?page_id=963"},"modified":"2023-08-15T20:45:53","modified_gmt":"2023-08-16T01:45:53","slug":"capam-conac-2do-trimestre-2023","status":"publish","type":"page","link":"https:\/\/municipiolahuacana.com\/index.php\/capam-conac-2do-trimestre-2023\/","title":{"rendered":"CAPAM \u2013 CONAC 2do Trimestre 2023"},"content":{"rendered":"\n<div class=\"wp-block-themeisle-blocks-advanced-columns has-1-columns has-desktop-equal-layout has-tablet-equal-layout has-mobile-equal-layout has-default-gap has-vertical-unset\" id=\"wp-block-themeisle-blocks-advanced-columns-1f73e912\"><div class=\"wp-block-themeisle-blocks-advanced-columns-overlay\"><\/div><div class=\"innerblocks-wrap\">\n<div class=\"wp-block-themeisle-blocks-advanced-column\" id=\"wp-block-themeisle-blocks-advanced-column-e08e4177\">\n<figure class=\"wp-block-table is-style-stripes\"><table><tbody><tr><td><a href=\"http:\/\/www.municipiolahuacana.com\/capam\/CONAC\/2023\/2do_Trim\/Anexos1%2C2%2C3%2C42dotri23.PDF\" title=\"Anexos 1, 2, 3, 4\">Anexos 1, 2, 3, 4<\/a><\/td><\/tr><tr><td><a href=\"http:\/\/www.municipiolahuacana.com\/capam\/CONAC\/2023\/2do_Trim\/BalancePresupuestario2dotri23.PDF\" title=\"Balance Presupuestario\">Balance Presupuestario<\/a><\/td><\/tr><tr><td><a href=\"http:\/\/www.municipiolahuacana.com\/capam\/CONAC\/2023\/2do_Trim\/Conci.EgrPresupGastContable2dotri23.PDF\" title=\"Conciliaci\u00f3n Egresos Presupuestarios Gasto Contable\">Conciliaci\u00f3n Egresos Presupuestarios Gasto Contable<\/a><\/td><\/tr><tr><td><a href=\"http:\/\/www.municipiolahuacana.com\/capam\/CONAC\/2023\/2do_Trim\/Concil.IngresosPresupContables2dotri23.PDF\" title=\"Conciliaci\u00f3n Ingresos Presupuestarios Contables\">Conciliaci\u00f3n Ingresos Presupuestarios Contables<\/a><\/td><\/tr><tr><td><a href=\"http:\/\/www.municipiolahuacana.com\/capam\/CONAC\/2023\/2do_Trim\/Est.Anal.Activo2dotri23.PDF\" title=\"Estado Anal\u00edtico Activo\">Estado Anal\u00edtico Activo<\/a><\/td><\/tr><tr><td><a href=\"http:\/\/www.municipiolahuacana.com\/capam\/CONAC\/2023\/2do_Trim\/EstAnal.IngresoDetallado2dotri23.PDF\" title=\"Estado Anal\u00edtico Ingreso Detallado\">Estado Anal\u00edtico Ingreso Detallado<\/a><\/td><\/tr><tr><td><a href=\"http:\/\/www.municipiolahuacana.com\/capam\/CONAC\/2023\/2do_Trim\/EstAnalEjercEgreDetallClasFunc2dotri23.PDF\" title=\"Estado Anal\u00edtico Ejercicio Egresos Detallado Clasificaci\u00f3n Funcional\">Estado Anal\u00edtico Ejercicio Egresos Detallado Clasificaci\u00f3n Funcional<\/a><\/td><\/tr><tr><td><a href=\"http:\/\/www.municipiolahuacana.com\/capam\/CONAC\/2023\/2do_Trim\/EstAnalEjerPresEgreServ.Perso2dotri23.PDF\" title=\"Estado Anal\u00edtico Ejercicio Presupuesto Egresos Servicios Personales\">Estado Anal\u00edtico Ejercicio Presupuesto Egresos Servicios Personales<\/a><\/td><\/tr><tr><td><a href=\"http:\/\/www.municipiolahuacana.com\/capam\/CONAC\/2023\/2do_Trim\/EstAnalPresEgresDetallxObjGast2dotri23.PDF\" title=\"Estado Anal\u00edtico Presupuesto Egresos Detallado por Objeto del Gasto\">Estado Anal\u00edtico Presupuesto Egresos Detallado por Objeto del Gasto<\/a><\/td><\/tr><tr><td><a href=\"http:\/\/www.municipiolahuacana.com\/capam\/CONAC\/2023\/2do_Trim\/EstAnalPresupEgreDetallAdmin2dotri23.PDF\" title=\"Estado Anal\u00edtico Presupuesto Egresos Detallado Administrativo\">Estado Anal\u00edtico Presupuesto Egresos Detallado Administrativo<\/a><\/td><\/tr><tr><td><a href=\"http:\/\/www.municipiolahuacana.com\/capam\/CONAC\/2023\/2do_Trim\/EstAnlEjercPresupEgreObjedelGasto2dotri23.Pdf\" title=\"Estado Anal\u00edtico Ejercicio Presupuesto Egresos Objeto del Gasto\">Estado Anal\u00edtico Ejercicio Presupuesto Egresos Objeto del Gasto<\/a><\/td><\/tr><tr><td><a href=\"http:\/\/www.municipiolahuacana.com\/capam\/CONAC\/2023\/2do_Trim\/EstAnlEjerEgredetallxObtGasto2dotri23.PDF\" title=\"Estado Anal\u00edtico Ejercicio Egresos Detallado por Objeto del Gasto\">Estado Anal\u00edtico Ejercicio Egresos Detallado por Objeto del Gasto<\/a><\/td><\/tr><tr><td><a href=\"http:\/\/www.municipiolahuacana.com\/capam\/CONAC\/2023\/2do_Trim\/Estd.Act2dotri23.PDF\" title=\"Estado de Actividades\">Estado de Actividades<\/a><\/td><\/tr><tr><td><a href=\"http:\/\/www.municipiolahuacana.com\/capam\/CONAC\/2023\/2do_Trim\/Estd.Analit.Ingr.2dotri23.PDF\" title=\"Estado Anal\u00edtico de Ingresos\">Estado Anal\u00edtico de Ingresos<\/a><\/td><\/tr><tr><td><a href=\"http:\/\/www.municipiolahuacana.com\/capam\/CONAC\/2023\/2do_Trim\/estd.Analt.Ingreso2dotri23.PDF\" title=\"Estado Anal\u00edtico de Ingresos\">Estado Anal\u00edtico de Ingresos<\/a><\/td><\/tr><tr><td><a href=\"http:\/\/www.municipiolahuacana.com\/capam\/CONAC\/2023\/2do_Trim\/Estd.Anl.ejerc.pres.egre.economica2dotri23Xerox%20Scan_08022023004109.PDF\" title=\"Estado Anal\u00edtico Ejercicio Presupuesto de Egresos Clasificaci\u00f3n Econ\u00f3mica\">Estado Anal\u00edtico Ejercicio Presupuesto de Egresos Clasificaci\u00f3n Econ\u00f3mica<\/a><\/td><\/tr><tr><td><a href=\"http:\/\/www.municipiolahuacana.com\/capam\/CONAC\/2023\/2do_Trim\/Estd.Anl.ejerc.presup.egresoadm2dotri23.PDF\" title=\"Estado Anal\u00edtico Ejercicio Presupuesto Egresos\">Estado Anal\u00edtico Ejercicio Presupuesto Egresos<\/a><\/td><\/tr><tr><td><a href=\"http:\/\/www.municipiolahuacana.com\/capam\/CONAC\/2023\/2do_Trim\/Estd.Camb.SituFina2dodtri23.PDF\" title=\"Estado Cambio Situaci\u00f3n Financiera\">Estado Cambio Situaci\u00f3n Financiera<\/a><\/td><\/tr><tr><td><a href=\"http:\/\/www.municipiolahuacana.com\/capam\/CONAC\/2023\/2do_Trim\/Estd.flujo.Efec2dotri23.PDF\" title=\"Estado Flujo Efectivo\">Estado Flujo Efectivo<\/a><\/td><\/tr><tr><td><a href=\"http:\/\/www.municipiolahuacana.com\/capam\/CONAC\/2023\/2do_Trim\/Estd.Sit.fin2dotri23.PDF\" title=\"Estado Situaci\u00f3n Financiera\">Estado Situaci\u00f3n Financiera<\/a><\/td><\/tr><tr><td><a href=\"http:\/\/www.municipiolahuacana.com\/capam\/CONAC\/2023\/2do_Trim\/Estd.SitFinanDetallado2dotri23.PDF\" title=\"Estado Situaci\u00f3n Financiera Detallado\">Estado Situaci\u00f3n Financiera Detallado<\/a><\/td><\/tr><tr><td><a href=\"http:\/\/www.municipiolahuacana.com\/capam\/CONAC\/2023\/2do_Trim\/Estd.Vari.Haci.Publica2dotri23.PDF\" title=\"Estado Variaci\u00f3n Hacienda P\u00fablica\">Estado Variaci\u00f3n Hacienda P\u00fablica<\/a><\/td><\/tr><tr><td><a href=\"http:\/\/www.municipiolahuacana.com\/capam\/CONAC\/2023\/2do_Trim\/EstdAnalEjerPreEgreFuncional2dotri23.PDF\" title=\"Estado Anal\u00edtico Ejercicio Presupuesto Egresos Clasificaci\u00f3n Funcional\">Estado Anal\u00edtico Ejercicio Presupuesto Egresos Clasificaci\u00f3n Funcional<\/a><\/td><\/tr><tr><td><a href=\"http:\/\/www.municipiolahuacana.com\/capam\/CONAC\/2023\/2do_Trim\/EstdAnalEjerPresEgreObjetGasto2dotri23.PDF\" title=\"Estado Anal\u00edtico Ejercicio Presupuesto Egresos Clasificaci\u00f3n Objeto Gasto\">Estado Anal\u00edtico Ejercicio Presupuesto Egresos Clasificaci\u00f3n Objeto Gasto<\/a><\/td><\/tr><tr><td><a href=\"http:\/\/www.municipiolahuacana.com\/capam\/CONAC\/2023\/2do_Trim\/FormaGastFederaReintigro2dotri23.PDF\" title=\"Formato del Ejercicio y Destino del Gasto Federalizado y Reintegro\">Formato del Ejercicio y Destino del Gasto Federalizado y Reintegro<\/a><\/td><\/tr><tr><td><a href=\"http:\/\/www.municipiolahuacana.com\/capam\/CONAC\/2023\/2do_Trim\/InfAnalDeudPublOtrosPasiv2dotri23.PDF\" title=\"Informe Anual Deuda P\u00fablica Otros Pasivos\">Informe Anual Deuda P\u00fablica Otros Pasivos<\/a><\/td><\/tr><tr><td><a href=\"http:\/\/www.municipiolahuacana.com\/capam\/CONAC\/2023\/2do_Trim\/InfAnlObligDifernFinanciamiento2dotri23.PDF\" title=\"Informe Anual Obligaciones Diferentes Fuentes de Financiamiento\">Informe Anual Obligaciones Diferentes Fuentes de Financiamiento<\/a><\/td><\/tr><tr><td><a href=\"http:\/\/www.municipiolahuacana.com\/capam\/CONAC\/2023\/2do_Trim\/InformeEstudActuariales.PDF\" title=\"Informe Estudios Actuariales\">Informe Estudios Actuariales<\/a><\/td><\/tr><tr><td><a href=\"http:\/\/www.municipiolahuacana.com\/capam\/CONAC\/2023\/2do_Trim\/NotasEstdFin2dotri23.PDF\" title=\"Notas Estados Financieros\">Notas Estados Financieros<\/a><\/td><\/tr><tr><td><a href=\"http:\/\/www.municipiolahuacana.com\/capam\/CONAC\/2023\/2do_Trim\/Proyec.Ingresos2dotri23.PDF\" title=\"Proyecciones de Ingresos\">Proyecciones de Ingresos<\/a><\/td><\/tr><tr><td><a href=\"http:\/\/www.municipiolahuacana.com\/capam\/CONAC\/2023\/2do_Trim\/ProyeccionesEgresos2dotri23.PDF\" title=\"Proyecciones de Egresos\">Proyecciones de Egresos<\/a><\/td><\/tr><tr><td><a href=\"http:\/\/www.municipiolahuacana.com\/capam\/CONAC\/2023\/2do_Trim\/ResultadosEgresos2dotri23.PDF\" title=\"Resultados Egresos\">Resultados Egresos<\/a><\/td><\/tr><tr><td><a href=\"http:\/\/www.municipiolahuacana.com\/capam\/CONAC\/2023\/2do_Trim\/ResultadosIngresos2dotri23.PDF\" title=\"Resultados Ingresos\">Resultados Ingresos<\/a><\/td><\/tr><\/tbody><\/table><\/figure>\n<\/div>\n<\/div><\/div>\n","protected":false},"excerpt":{"rendered":"","protected":false},"author":1,"featured_media":0,"parent":0,"menu_order":0,"comment_status":"closed","ping_status":"closed","template":"","meta":{"om_disable_all_campaigns":false,"_monsterinsights_skip_tracking":false,"_monsterinsights_sitenote_active":false,"_monsterinsights_sitenote_note":"","_monsterinsights_sitenote_category":0,"footnotes":""},"class_list":["post-963","page","type-page","status-publish","hentry"],"aioseo_notices":[],"_links":{"self":[{"href":"https:\/\/municipiolahuacana.com\/index.php\/wp-json\/wp\/v2\/pages\/963","targetHints":{"allow":["GET"]}}],"collection":[{"href":"https:\/\/municipiolahuacana.com\/index.php\/wp-json\/wp\/v2\/pages"}],"about":[{"href":"https:\/\/municipiolahuacana.com\/index.php\/wp-json\/wp\/v2\/types\/page"}],"author":[{"embeddable":true,"href":"https:\/\/municipiolahuacana.com\/index.php\/wp-json\/wp\/v2\/users\/1"}],"replies":[{"embeddable":true,"href":"https:\/\/municipiolahuacana.com\/index.php\/wp-json\/wp\/v2\/comments?post=963"}],"version-history":[{"count":10,"href":"https:\/\/municipiolahuacana.com\/index.php\/wp-json\/wp\/v2\/pages\/963\/revisions"}],"predecessor-version":[{"id":981,"href":"https:\/\/municipiolahuacana.com\/index.php\/wp-json\/wp\/v2\/pages\/963\/revisions\/981"}],"wp:attachment":[{"href":"https:\/\/municipiolahuacana.com\/index.php\/wp-json\/wp\/v2\/media?parent=963"}],"curies":[{"name":"wp","href":"https:\/\/api.w.org\/{rel}","templated":true}]}}