{"id":84,"date":"2021-07-04T01:54:49","date_gmt":"2021-07-04T06:54:49","guid":{"rendered":"http:\/\/municipiolahuacana.com\/?page_id=84"},"modified":"2021-07-04T01:54:50","modified_gmt":"2021-07-04T06:54:50","slug":"personajes-ilustres","status":"publish","type":"page","link":"https:\/\/municipiolahuacana.com\/index.php\/personajes-ilustres\/","title":{"rendered":"Personajes Ilustres"},"content":{"rendered":"\n<p><strong><span style=\"color:#027ca7\" class=\"has-inline-color\">Don Ernesto Rodr\u00edguez.<\/span><\/strong><\/p>\n\n\n\n<p>Sin ser nativo de este municipio destac\u00f3 como luchador social logrando el reparto de tierras, naciendo as\u00ed el ejido La Huacana<\/p>\n","protected":false},"excerpt":{"rendered":"<p>Don Ernesto Rodr\u00edguez. Sin ser nativo de este municipio destac\u00f3 como luchador social logrando el reparto de tierras, naciendo as\u00ed el ejido La Huacana<\/p>\n","protected":false},"author":1,"featured_media":0,"parent":0,"menu_order":0,"comment_status":"closed","ping_status":"closed","template":"","meta":{"om_disable_all_campaigns":false,"_monsterinsights_skip_tracking":false,"_monsterinsights_sitenote_active":false,"_monsterinsights_sitenote_note":"","_monsterinsights_sitenote_category":0,"footnotes":""},"class_list":["post-84","page","type-page","status-publish","hentry"],"aioseo_notices":[],"_links":{"self":[{"href":"https:\/\/municipiolahuacana.com\/index.php\/wp-json\/wp\/v2\/pages\/84","targetHints":{"allow":["GET"]}}],"collection":[{"href":"https:\/\/municipiolahuacana.com\/index.php\/wp-json\/wp\/v2\/pages"}],"about":[{"href":"https:\/\/municipiolahuacana.com\/index.php\/wp-json\/wp\/v2\/types\/page"}],"author":[{"embeddable":true,"href":"https:\/\/municipiolahuacana.com\/index.php\/wp-json\/wp\/v2\/users\/1"}],"replies":[{"embeddable":true,"href":"https:\/\/municipiolahuacana.com\/index.php\/wp-json\/wp\/v2\/comments?post=84"}],"version-history":[{"count":1,"href":"https:\/\/municipiolahuacana.com\/index.php\/wp-json\/wp\/v2\/pages\/84\/revisions"}],"predecessor-version":[{"id":85,"href":"https:\/\/municipiolahuacana.com\/index.php\/wp-json\/wp\/v2\/pages\/84\/revisions\/85"}],"wp:attachment":[{"href":"https:\/\/municipiolahuacana.com\/index.php\/wp-json\/wp\/v2\/media?parent=84"}],"curies":[{"name":"wp","href":"https:\/\/api.w.org\/{rel}","templated":true}]}}