{"id":807,"date":"2023-05-16T01:55:33","date_gmt":"2023-05-16T06:55:33","guid":{"rendered":"http:\/\/municipiolahuacana.com\/?page_id=807"},"modified":"2023-06-02T17:43:46","modified_gmt":"2023-06-02T22:43:46","slug":"capam-conac-4to-trimestre-2022","status":"publish","type":"page","link":"https:\/\/municipiolahuacana.com\/index.php\/capam-conac-4to-trimestre-2022\/","title":{"rendered":"CAPAM &#8211; CONAC 4to Trimestre 2022"},"content":{"rendered":"\n<div class=\"wp-block-themeisle-blocks-advanced-columns has-1-columns has-desktop-equal-layout has-tablet-equal-layout has-mobile-equal-layout has-default-gap has-vertical-unset\" id=\"wp-block-themeisle-blocks-advanced-columns-f873f69b\"><div class=\"wp-block-themeisle-blocks-advanced-columns-overlay\"><\/div><div class=\"innerblocks-wrap\">\n<div class=\"wp-block-themeisle-blocks-advanced-column\" id=\"wp-block-themeisle-blocks-advanced-column-2a9f5d77\">\n<figure class=\"wp-block-table is-style-stripes\"><table><tbody><tr><td><a href=\"http:\/\/www.municipiolahuacana.com\/capam\/CONAC\/2022\/4to_Trim\/endeudamiento%20neto%204totri2022.PDF\" title=\"ENDEUDAMIENTO NETO\">ENDEUDAMIENTO NETO<\/a><\/td><\/tr><tr><td><a href=\"http:\/\/www.municipiolahuacana.com\/capam\/CONAC\/2022\/4to_Trim\/estanalitide%20ingresos4totri2022.PDF\" title=\"ESTADO ANALITICO INGRESO\">ESTADO ANALITICO INGRESO<\/a><\/td><\/tr><tr><td><a href=\"http:\/\/www.municipiolahuacana.com\/capam\/CONAC\/2022\/4to_Trim\/esta%20de%20activ%204totri%202022.PDF\" title=\"ESTADO DE ACTIVIDADES\">ESTADO DE ACTIVIDADES<\/a><\/td><\/tr><tr><td><a href=\"http:\/\/www.municipiolahuacana.com\/capam\/CONAC\/2022\/4to_Trim\/est.sitac.finan4tori2022.PDF\" title=\"ESTADO DE SITUACI\u00d3N FINANCIERA\">ESTADO DE SITUACI\u00d3N FINANCIERA<\/a><\/td><\/tr><tr><td><a href=\"http:\/\/www.municipiolahuacana.com\/capam\/CONAC\/2022\/4to_Trim\/est.varhacpubli4totri2022.PDF\" title=\"ESTADO DE VARIACI\u00d3N HACIENDA P\u00daBLICA\">ESTADO DE VARIACI\u00d3N HACIENDA P\u00daBLICA<\/a><\/td><\/tr><tr><td><a href=\"http:\/\/www.municipiolahuacana.com\/capam\/CONAC\/2022\/4to_Trim\/estd.analitactivo4totri2022.PDF\" title=\"ESTADO ANAL\u00cdTICO DEL ACTIVO\">ESTADO ANAL\u00cdTICO DEL ACTIVO<\/a><\/td><\/tr><tr><td><a href=\"http:\/\/www.municipiolahuacana.com\/capam\/CONAC\/2022\/4to_Trim\/est.anal.ejerpre.egrescla.econ4totri2022.PDF\" title=\"ESTADO ANAL\u00cdTICO EJERCICIO PRESUPUESTARIO CLASIFICACI\u00d3N ECON\u00d3MICA\">ESTADO ANAL\u00cdTICO EJERCICIO PRESUPUESTARIO CLASIFICACI\u00d3N ECON\u00d3MICA<\/a><\/td><\/tr><tr><td><a href=\"http:\/\/www.municipiolahuacana.com\/capam\/CONAC\/2022\/4to_Trim\/est.analejercpresupegreclasobtigasto4totri2022.PDF\" title=\"ESTADO ANAL\u00cdTICO EJERCICIO PRESUPUESTARIO CLASIFICACI\u00d3N OBJETO DEL GASTO\">ESTADO ANAL\u00cdTICO EJERCICIO PRESUPUESTARIO CLASIFICACI\u00d3N OBJETO DEL GASTO<\/a><\/td><\/tr><tr><td><a href=\"http:\/\/www.municipiolahuacana.com\/capam\/CONAC\/2022\/4to_Trim\/estdanltideudaotrospasi4totri2022.PDF\" title=\"ESTADO ANAL\u00cdTICO DE LA DEUDA OTROS PASIVOS\">ESTADO ANAL\u00cdTICO DE LA DEUDA OTROS PASIVOS<\/a><\/td><\/tr><tr><td><a href=\"http:\/\/www.municipiolahuacana.com\/capam\/CONAC\/2022\/4to_Trim\/est.analejercpresupegrecalsifuncional4totri2022.PDF\" title=\"ESTADO ANAL\u00cdTICO EJERCICIO PRESUPUESTARIO EGRESOS CLASIFICACI\u00d3N FUNCIONAL\">ESTADO ANAL\u00cdTICO EJERCICIO PRESUPUESTARIO EGRESOS CLASIFICACI\u00d3N FUNCIONAL<\/a><\/td><\/tr><tr><td><a href=\"http:\/\/www.municipiolahuacana.com\/capam\/CONAC\/2022\/4to_Trim\/est.camb.situ.finan4totri2022.PDF\" title=\"ESTADO DE CAMBIO SITUACI\u00d3N FINANCIERA\">ESTADO DE CAMBIO SITUACI\u00d3N FINANCIERA<\/a><\/td><\/tr><tr><td><a href=\"http:\/\/www.municipiolahuacana.com\/capam\/CONAC\/2022\/4to_Trim\/estdflujoefec4totri2022.PDF\" title=\"ESTADO DE FLUJO DE EFECTIVO\">ESTADO DE FLUJO DE EFECTIVO<\/a><\/td><\/tr><tr><td><a href=\"http:\/\/www.municipiolahuacana.com\/capam\/CONAC\/2022\/4to_Trim\/est.analejercpresupegreclasobtigasto4totri2022.PDF\" title=\"ESTADO ANAL\u00cdTICO DEL EJERCICO DEL PRESUPUESTO DE EGRESOS\">ESTADO ANAL\u00cdTICO DEL EJERCICO DEL PRESUPUESTO DE EGRESOS<\/a><\/td><\/tr><tr><td><a href=\"http:\/\/www.municipiolahuacana.com\/capam\/CONAC\/2022\/4to_Trim\/gastoxcategprogramatica%204totri2022.PDF\" title=\"GASTOS POR CATEGOR\u00cdA PROGRAM\u00c1TICA\">GASTOS POR CATEGOR\u00cdA PROGRAM\u00c1TICA<\/a><\/td><\/tr><tr><td><a href=\"http:\/\/www.municipiolahuacana.com\/capam\/CONAC\/2022\/4to_Trim\/indicadores%20de%20resultados4totri2022.PDF\" title=\"INDICADORES DE RESULTADOS\">INDICADORES DE RESULTADOS<\/a><\/td><\/tr><tr><td><a href=\"http:\/\/www.municipiolahuacana.com\/capam\/CONAC\/2022\/4to_Trim\/informpasivosconting4toitri2022.PDF\" title=\"INFORME PASIVOS CONTINGENTES\">INFORME PASIVOS CONTINGENTES<\/a><\/td><\/tr><tr><td><a href=\"http:\/\/www.municipiolahuacana.com\/capam\/CONAC\/2022\/4to_Trim\/intereses%20de%20la%20deuda4totri2022.PDF\" title=\"INTERESES DE LA DEUDA\">INTERESES DE LA DEUDA<\/a><\/td><\/tr><tr><td><a href=\"http:\/\/www.municipiolahuacana.com\/capam\/CONAC\/2022\/4to_Trim\/inv%20bienes%20muebles%20inmuebles%204totri2022.PDF\" title=\"INVENTARIO BIENES MUEBLES\">INVENTARIO BIENES MUEBLES<\/a><\/td><\/tr><tr><td><a href=\"http:\/\/www.municipiolahuacana.com\/capam\/CONAC\/2022\/4to_Trim\/notasestadosfinancieros4totri2022.PDF\" title=\"NOTAS ESTADOS FINANCIEROS\">NOTAS ESTADOS FINANCIEROS<\/a><\/td><\/tr><\/tbody><\/table><\/figure>\n<\/div>\n<\/div><\/div>\n\n\n\n<p><strong>NORMATIVIDAD<\/strong><\/p>\n\n\n\n<figure class=\"wp-block-table is-style-stripes\"><table><tbody><tr><td><a href=\"http:\/\/www.municipiolahuacana.com\/capam\/2022\/publicacion\/B%29INICIATIVA%20DE%20DECRETO%20DE%20LA%20LEY%20DE%20INGRESOS%20CON%20EXP.%20DE%20MOTIVOS%202022.pdf\" title=\"INICIATIVA DE DECRETO DE LA LEY DE INGRESOS CON EXP. DE MOTIVOS 2022\">INICIATIVA DE DECRETO DE LA LEY DE INGRESOS CON EXP. DE MOTIVOS 2022<\/a><\/td><\/tr><tr><td><a href=\"http:\/\/www.municipiolahuacana.com\/capam\/2022\/publicacion\/Lineamientos%20de%20informaci%C3%B3n%20p%C3%BAblica%20financiera%20para%20el%20Fondo%20de%20Aportaciones%20para%20la%20Infraestructura%20Social.pdf\" title=\"Lineamientos de informaci\u00f3n p\u00fablica financiera para el Fondo de Aportaciones para la Infraestructura Social\">Lineamientos de informaci\u00f3n p\u00fablica financiera para el Fondo de Aportaciones para la Infraestructura Social<\/a><\/td><\/tr><tr><td><a href=\"http:\/\/www.municipiolahuacana.com\/capam\/2022\/publicacion\/Norma%20para%20armonizar%20la%20presentaci%C3%B3n%20de%20la%20informaci%C3%B3n%20adicional%20del%20Proyecto%20del%20Presupuesto%20de%20Egresos..pdf\" title=\"Norma para armonizar la presentaci\u00f3n de la informaci\u00f3n adicional del Proyecto del Presupuesto de Egresos.\">Norma para armonizar la presentaci\u00f3n de la informaci\u00f3n adicional del Proyecto del Presupuesto de Egresos.<\/a><\/td><\/tr><tr><td><a href=\"http:\/\/www.municipiolahuacana.com\/capam\/2022\/publicacion\/Norma%20para%20establecer%20el%20formato%20para%20la%20difusi%C3%B3n%20de%20los%20resultados%20de%20las%20evaluaciones%20de%20los%20recursos%20federales%20ministrados%20a%20las%20entidades%20federativas.pdf\" title=\"Norma para establecer el formato para la difusi\u00f3n de los resultados de las evaluaciones de los recursos federales ministrados a las entidades federativas\">Norma para establecer el formato para la difusi\u00f3n de los resultados de las evaluaciones de los recursos federales ministrados a las entidades federativas<\/a><\/td><\/tr><tr><td><a href=\"http:\/\/www.municipiolahuacana.com\/capam\/2022\/publicacion\/Norma%20para%20establecer%20la%20estructura%20de%20informaci%C3%B3n%20de%20la%20relaci%C3%B3n%20de%20las%20cuentas%20bancarias%20productivas.pdf\" title=\"Norma para establecer la estructura de informaci\u00f3n de montos pagados por ayudas y subsidios\">Norma para establecer la estructura de informaci\u00f3n de montos pagados por ayudas y subsidios<\/a><\/td><\/tr><tr><td><a href=\"http:\/\/www.municipiolahuacana.com\/capam\/2022\/publicacion\/Norma%20para%20establecer%20la%20estructura%20de%20informaci%C3%B3n%20del%20formato%20de%20programas%20con%20recursos%20federales%20por%20orden%20de%20gobierno.pdf\" title=\"Norma para establecer la estructura de informaci\u00f3n del formato de programas con recursos federales por orden de gobierno\">Norma para establecer la estructura de informaci\u00f3n del formato de programas con recursos federales por orden de gobierno<\/a><\/td><\/tr><tr><td><a href=\"http:\/\/www.municipiolahuacana.com\/capam\/2022\/publicacion\/Norma%20para%20establecer%20la%20estructura%20de%20los%20formatos%20de%20informaci%C3%B3n%20de%20obligaciones%20pagadas%20o%20garantizadas%20con%20fondos%20federales.pdf\" title=\"Norma para establecer la estructura de los formatos de informaci\u00f3n de obligaciones pagadas o garantizadas con fondos federales\">Norma para establecer la estructura de los formatos de informaci\u00f3n de obligaciones pagadas o garantizadas con fondos federales<\/a><\/td><\/tr><tr><td><a href=\"http:\/\/www.municipiolahuacana.com\/capam\/2022\/publicacion\/Norma%20para%20establecer%20la%20estructura%20del%20Calendario%20de%20Ingresos%20base%20mensual.pdf\" title=\"Norma para establecer la estructura del Calendario de Ingresos base mensual\">Norma para establecer la estructura del Calendario de Ingresos base mensual<\/a><\/td><\/tr><tr><td><a href=\"http:\/\/www.municipiolahuacana.com\/capam\/2022\/publicacion\/Norma%20para%20establecer%20la%20estructura%20del%20Calendario%20del%20Presupuesto%20de%20Egresos%20base%20mensual..pdf\" title=\"Norma para establecer la estructura del Calendario del Presupuesto de Egresos base mensual\">Norma para establecer la estructura del Calendario del Presupuesto de Egresos base mensual<\/a><\/td><\/tr><tr><td><a href=\"http:\/\/www.municipiolahuacana.com\/capam\/2022\/publicacion\/Norma%20para%20la%20difusi%C3%B3n%20a%20la%20ciudadan%C3%ADa%20de%20la%20Ley%20de%20Ingresos%20y%20del%20Presupuesto%20de%20Egresos..pdf\" title=\"Norma para la difusi\u00f3n a la ciudadan\u00eda de la Ley de Ingresos y del Presupuesto de Egresos\">Norma para la difusi\u00f3n a la ciudadan\u00eda de la Ley de Ingresos y del Presupuesto de Egresos<\/a><\/td><\/tr><tr><td><a href=\"http:\/\/www.municipiolahuacana.com\/capam\/2022\/publicacion\/Norma%20para%20establecer%20la%20estructura%20de%20informaci%C3%B3n%20de%20la%20relaci%C3%B3n%20de%20las%20cuentas%20bancarias%20productivas.pdf\" title=\"Norma para establecer la estructura de informaci\u00f3n de la relaci\u00f3n de las cuentas bancarias productivas\">Norma para establecer la estructura de informaci\u00f3n de la relaci\u00f3n de las cuentas bancarias productivas<\/a><\/td><\/tr><\/tbody><\/table><\/figure>\n","protected":false},"excerpt":{"rendered":"<p>NORMATIVIDAD INICIATIVA DE DECRETO DE LA LEY DE INGRESOS CON EXP. DE MOTIVOS 2022 Lineamientos de informaci\u00f3n p\u00fablica financiera para el Fondo de Aportaciones para la Infraestructura Social Norma para armonizar la presentaci\u00f3n de la informaci\u00f3n adicional del Proyecto del Presupuesto de Egresos. Norma para establecer el formato para la [&hellip;]<\/p>\n","protected":false},"author":1,"featured_media":0,"parent":0,"menu_order":0,"comment_status":"closed","ping_status":"closed","template":"","meta":{"om_disable_all_campaigns":false,"_monsterinsights_skip_tracking":false,"_monsterinsights_sitenote_active":false,"_monsterinsights_sitenote_note":"","_monsterinsights_sitenote_category":0,"footnotes":""},"class_list":["post-807","page","type-page","status-publish","hentry"],"aioseo_notices":[],"_links":{"self":[{"href":"https:\/\/municipiolahuacana.com\/index.php\/wp-json\/wp\/v2\/pages\/807","targetHints":{"allow":["GET"]}}],"collection":[{"href":"https:\/\/municipiolahuacana.com\/index.php\/wp-json\/wp\/v2\/pages"}],"about":[{"href":"https:\/\/municipiolahuacana.com\/index.php\/wp-json\/wp\/v2\/types\/page"}],"author":[{"embeddable":true,"href":"https:\/\/municipiolahuacana.com\/index.php\/wp-json\/wp\/v2\/users\/1"}],"replies":[{"embeddable":true,"href":"https:\/\/municipiolahuacana.com\/index.php\/wp-json\/wp\/v2\/comments?post=807"}],"version-history":[{"count":4,"href":"https:\/\/municipiolahuacana.com\/index.php\/wp-json\/wp\/v2\/pages\/807\/revisions"}],"predecessor-version":[{"id":852,"href":"https:\/\/municipiolahuacana.com\/index.php\/wp-json\/wp\/v2\/pages\/807\/revisions\/852"}],"wp:attachment":[{"href":"https:\/\/municipiolahuacana.com\/index.php\/wp-json\/wp\/v2\/media?parent=807"}],"curies":[{"name":"wp","href":"https:\/\/api.w.org\/{rel}","templated":true}]}}