{"id":755,"date":"2023-05-15T22:33:57","date_gmt":"2023-05-16T03:33:57","guid":{"rendered":"http:\/\/municipiolahuacana.com\/?page_id=755"},"modified":"2023-05-15T22:39:39","modified_gmt":"2023-05-16T03:39:39","slug":"dif-conac-1er-trimestre-2023","status":"publish","type":"page","link":"https:\/\/municipiolahuacana.com\/index.php\/dif-conac-1er-trimestre-2023\/","title":{"rendered":"DIF &#8211; CONAC 1ER TRIMESTRE 2023"},"content":{"rendered":"\n<div class=\"wp-block-themeisle-blocks-advanced-columns has-1-columns has-desktop-equal-layout has-tablet-equal-layout has-mobile-equal-layout has-default-gap has-vertical-unset\" id=\"wp-block-themeisle-blocks-advanced-columns-a0378657\"><div class=\"wp-block-themeisle-blocks-advanced-columns-overlay\"><\/div><div class=\"innerblocks-wrap\">\n<div class=\"wp-block-themeisle-blocks-advanced-column\" id=\"wp-block-themeisle-blocks-advanced-column-104f6ac9\">\n<figure class=\"wp-block-table is-style-stripes\"><table><tbody><tr><td><a href=\"http:\/\/www.municipiolahuacana.com\/DIF\/2023\/CONAC\/1er_Trim\/1.-%20Estado%20de%20actividades%20%282%29.pdf\" title=\"1.- Estado de Actividades\">1.- Estado de Actividades<\/a><\/td><\/tr><tr><td><a href=\"http:\/\/www.municipiolahuacana.com\/DIF\/2023\/CONAC\/1er_Trim\/2.-%20Estado%20de%20Situacion%20Financiera%20%282%29.pdf\" title=\"2.- Estado de Situaci\u00f3n Financiera\">2.- Estado de Situaci\u00f3n Financiera<\/a><\/td><\/tr><tr><td><a href=\"http:\/\/www.municipiolahuacana.com\/DIF\/2023\/CONAC\/1er_Trim\/3.-%20Estado%20de%20Variacion%20en%20la%20Hacienda%20Publica.pdf\" title=\"3.- Estado de Variaci\u00f3n en la Hacienda Publica\">3.- Estado de Variaci\u00f3n en la Hacienda Publica<\/a><\/td><\/tr><tr><td><a href=\"http:\/\/www.municipiolahuacana.com\/DIF\/2023\/CONAC\/1er_Trim\/4.-%20Estado%20de%20Cambios%20en%20la%20Situacion%20Financiera.pdf\" title=\"4.- Estado de Cambios en la Situaci\u00f3n Financiera\">4.- Estado de Cambios en la Situaci\u00f3n Financiera<\/a><\/td><\/tr><tr><td><a href=\"http:\/\/www.municipiolahuacana.com\/DIF\/2023\/CONAC\/1er_Trim\/5.-%20Estado%20de%20Flujos%20de%20Efectivo.pdf\" title=\"5.- Estado de Flujos de Efectivo\">5.- Estado de Flujos de Efectivo<\/a><\/td><\/tr><tr><td><a href=\"http:\/\/www.municipiolahuacana.com\/DIF\/2023\/CONAC\/1er_Trim\/6.-%20Estado%20Analitico%20del%20Activo.pdf\" title=\"6.- Estado Anal\u00edtico del Activo\">6.- Estado Anal\u00edtico del Activo<\/a><\/td><\/tr><tr><td><a href=\"http:\/\/www.municipiolahuacana.com\/DIF\/2023\/CONAC\/1er_Trim\/7.-%20Estado%20Analitico%20de%20la%20Deuda%20y%20Otros%20Pasivos.pdf\" title=\"7.- Estado Anal\u00edtico de la Deuda y Otros Pasivos\">7.- Estado Anal\u00edtico de la Deuda y Otros Pasivos<\/a><\/td><\/tr><tr><td><a href=\"http:\/\/www.municipiolahuacana.com\/DIF\/2023\/CONAC\/1er_Trim\/8.-%20Informe%20sobre%20el%20pasivo%20Contingentes.pdf\" title=\"8.- Informe sobre el pasivo Contingentes\">8.- Informe sobre el pasivo Contingentes<\/a><\/td><\/tr><tr><td><a href=\"http:\/\/www.municipiolahuacana.com\/DIF\/2023\/CONAC\/1er_Trim\/9.-%20Notas%20a%20los%20Estados%20Financieros.pdf\" title=\"9.- Notas a los Estados Financieros\">9.- Notas a los Estados Financieros<\/a><\/td><\/tr><tr><td><a href=\"http:\/\/www.municipiolahuacana.com\/DIF\/2023\/CONAC\/1er_Trim\/10.-%20Estado%20Analitico%20de%20Ingresos.pdf\" title=\"10.- Estado Anal\u00edtico de Ingresos\">10.- Estado Anal\u00edtico de Ingresos<\/a><\/td><\/tr><tr><td><a href=\"http:\/\/www.municipiolahuacana.com\/DIF\/2023\/CONAC\/1er_Trim\/11.-%20Estado%20Analitico%20del%20Ejercicio%20del%20presupuesto%20de%20Egresos%20con%20base%20en%20la%20clasificacion%20Administrativa.pdf\">11.- Estado Anal\u00edtico del Ejercicio del presupuesto de Egresos con base en la Clasificaci\u00f3n Administrativa<\/a><\/td><\/tr><tr><td><a href=\"http:\/\/www.municipiolahuacana.com\/DIF\/2023\/CONAC\/1er_Trim\/12.-%20Estado%20Analitico%20del%20Ejercicio%20del%20Presupuesto%20de%20Egresos%20con%20base%20en%20la%20clasificacion%20Economica.pdf\" title=\"12.- Estado Anal\u00edtico del Ejercicio del Presupuesto de Egresos con base en la Clasificaci\u00f3n Econ\u00f3mica\">12.- Estado Anal\u00edtico del Ejercicio del Presupuesto de Egresos con base en la Clasificaci\u00f3n Econ\u00f3mica<\/a><\/td><\/tr><tr><td><a href=\"http:\/\/www.municipiolahuacana.com\/DIF\/2023\/CONAC\/1er_Trim\/13.-%20Estado%20analitico%20del%20Ejercicio%20del%20Presupuesto%20de%20Egresos%20con%20base%20en%20la%20Clasificacion%20por%20Objeto%20del%20Gasto.pdf\" title=\"13.- Estado Anal\u00edtico del Ejercicio del Presupuesto de Egresos con base en la Clasificaci\u00f3n por Objeto del Gasto\">13.- Estado Anal\u00edtico del Ejercicio del Presupuesto de Egresos con base en la Clasificaci\u00f3n por Objeto del Gasto<\/a><\/td><\/tr><tr><td><a href=\"http:\/\/www.municipiolahuacana.com\/DIF\/2023\/CONAC\/1er_Trim\/14.-%20Estado%20Analitico%20del%20Ejercicio%20del%20Presupuesto%20de%20Egresos%20con%20base%20en%20la%20Clasificacion%20Funcional.pdf\" title=\"14.- Estado Anal\u00edtico del Ejercicio del Presupuesto de Egresos con base en la Clasificaci\u00f3n Funcional\">14.- Estado Anal\u00edtico del Ejercicio del Presupuesto de Egresos con base en la Clasificaci\u00f3n Funcional<\/a><\/td><\/tr><tr><td><a href=\"http:\/\/www.municipiolahuacana.com\/DIF\/2023\/CONAC\/1er_Trim\/15.-%20Endeudamiento%20Neto.pdf\" title=\"15.- Endeudamiento Neto\">15.- Endeudamiento Neto<\/a><\/td><\/tr><tr><td><a href=\"http:\/\/www.municipiolahuacana.com\/DIF\/2023\/CONAC\/1er_Trim\/16.-%20Intereses%20de%20la%20Deuda.pdf\" title=\"16.- Intereses de la Deuda\">16.- Intereses de la Deuda<\/a><\/td><\/tr><tr><td><a href=\"http:\/\/www.municipiolahuacana.com\/DIF\/2023\/CONAC\/1er_Trim\/17.-%20Gasto%20por%20Categoria%20Programatica.pdf\" title=\"17.- Gasto por Categor\u00eda Program\u00e1tica\">17.- Gasto por Categor\u00eda Program\u00e1tica<\/a><\/td><\/tr><tr><td><a href=\"http:\/\/www.municipiolahuacana.com\/DIF\/2023\/CONAC\/1er_Trim\/18.-%20Indicadores%20de%20Resultados.pdf\" title=\"18.- Indicadores de Resultados\">18.- Indicadores de Resultados<\/a><\/td><\/tr><\/tbody><\/table><\/figure>\n<\/div>\n<\/div><\/div>\n","protected":false},"excerpt":{"rendered":"","protected":false},"author":1,"featured_media":0,"parent":0,"menu_order":0,"comment_status":"closed","ping_status":"closed","template":"","meta":{"om_disable_all_campaigns":false,"_monsterinsights_skip_tracking":false,"_monsterinsights_sitenote_active":false,"_monsterinsights_sitenote_note":"","_monsterinsights_sitenote_category":0,"footnotes":""},"class_list":["post-755","page","type-page","status-publish","hentry"],"aioseo_notices":[],"_links":{"self":[{"href":"https:\/\/municipiolahuacana.com\/index.php\/wp-json\/wp\/v2\/pages\/755","targetHints":{"allow":["GET"]}}],"collection":[{"href":"https:\/\/municipiolahuacana.com\/index.php\/wp-json\/wp\/v2\/pages"}],"about":[{"href":"https:\/\/municipiolahuacana.com\/index.php\/wp-json\/wp\/v2\/types\/page"}],"author":[{"embeddable":true,"href":"https:\/\/municipiolahuacana.com\/index.php\/wp-json\/wp\/v2\/users\/1"}],"replies":[{"embeddable":true,"href":"https:\/\/municipiolahuacana.com\/index.php\/wp-json\/wp\/v2\/comments?post=755"}],"version-history":[{"count":3,"href":"https:\/\/municipiolahuacana.com\/index.php\/wp-json\/wp\/v2\/pages\/755\/revisions"}],"predecessor-version":[{"id":759,"href":"https:\/\/municipiolahuacana.com\/index.php\/wp-json\/wp\/v2\/pages\/755\/revisions\/759"}],"wp:attachment":[{"href":"https:\/\/municipiolahuacana.com\/index.php\/wp-json\/wp\/v2\/media?parent=755"}],"curies":[{"name":"wp","href":"https:\/\/api.w.org\/{rel}","templated":true}]}}