{"id":64,"date":"2021-07-04T01:23:48","date_gmt":"2021-07-04T06:23:48","guid":{"rendered":"http:\/\/municipiolahuacana.com\/?page_id=64"},"modified":"2021-07-04T01:46:08","modified_gmt":"2021-07-04T06:46:08","slug":"municipio","status":"publish","type":"page","link":"https:\/\/municipiolahuacana.com\/index.php\/municipio\/","title":{"rendered":"Historia"},"content":{"rendered":"\n<p>Durante la \u00e9poca prehisp\u00e1nica, la poblaci\u00f3n de este lugar, fue sometida al dominio territorial del se\u00f1or\u00edo tarasco, por los sucesores de Tari\u00e1curi: Hiqu\u00edngare, Tanganxo\u00e1n e Hir\u00e9pan, los que para garantizar el pago de tributos nombraron como cacique a Cupauxanti.<\/p>\n\n\n\n<p>En el siglo XVI, con la llegada de los espa\u00f1oles, despu\u00e9s de haberse efectuado la conquista en Apatzing\u00e1n, La Huacana fue entregada en encomienda al Sr. Juan Pantoja.<\/p>\n\n\n\n<p>En el siglo XVIII, en el a\u00f1o de 1789, Don Jos\u00e9 Mar\u00eda Morelos, ocup\u00f3 el curato de Tamacuaro de la Aguacana.<\/p>\n\n\n\n<p>En el a\u00f1o de 1795, en esta regi\u00f3n hizo erupci\u00f3n el volc\u00e1n del Jorullo, afectando seriamente al poblado.<\/p>\n\n\n\n<p>El 20 de noviembre de 1861, el Congreso del Estado, decret\u00f3 la creaci\u00f3n del municipio de La Huacana, y posteriormente le fue retirada dicha categor\u00eda.<\/p>\n\n\n\n<p>El 12 de marzo de 1907, se le restableci\u00f3 como Municipio.<\/p>\n","protected":false},"excerpt":{"rendered":"<p>Durante la \u00e9poca prehisp\u00e1nica, la poblaci\u00f3n de este lugar, fue sometida al dominio territorial del se\u00f1or\u00edo tarasco, por los sucesores de Tari\u00e1curi: Hiqu\u00edngare, Tanganxo\u00e1n e Hir\u00e9pan, los que para garantizar el pago de tributos nombraron como cacique a Cupauxanti. En el siglo XVI, con la llegada de los espa\u00f1oles, despu\u00e9s [&hellip;]<\/p>\n","protected":false},"author":1,"featured_media":0,"parent":0,"menu_order":0,"comment_status":"closed","ping_status":"closed","template":"","meta":{"om_disable_all_campaigns":false,"_monsterinsights_skip_tracking":false,"_monsterinsights_sitenote_active":false,"_monsterinsights_sitenote_note":"","_monsterinsights_sitenote_category":0,"footnotes":""},"class_list":["post-64","page","type-page","status-publish","hentry"],"aioseo_notices":[],"_links":{"self":[{"href":"https:\/\/municipiolahuacana.com\/index.php\/wp-json\/wp\/v2\/pages\/64","targetHints":{"allow":["GET"]}}],"collection":[{"href":"https:\/\/municipiolahuacana.com\/index.php\/wp-json\/wp\/v2\/pages"}],"about":[{"href":"https:\/\/municipiolahuacana.com\/index.php\/wp-json\/wp\/v2\/types\/page"}],"author":[{"embeddable":true,"href":"https:\/\/municipiolahuacana.com\/index.php\/wp-json\/wp\/v2\/users\/1"}],"replies":[{"embeddable":true,"href":"https:\/\/municipiolahuacana.com\/index.php\/wp-json\/wp\/v2\/comments?post=64"}],"version-history":[{"count":2,"href":"https:\/\/municipiolahuacana.com\/index.php\/wp-json\/wp\/v2\/pages\/64\/revisions"}],"predecessor-version":[{"id":81,"href":"https:\/\/municipiolahuacana.com\/index.php\/wp-json\/wp\/v2\/pages\/64\/revisions\/81"}],"wp:attachment":[{"href":"https:\/\/municipiolahuacana.com\/index.php\/wp-json\/wp\/v2\/media?parent=64"}],"curies":[{"name":"wp","href":"https:\/\/api.w.org\/{rel}","templated":true}]}}