{"id":638,"date":"2022-08-31T14:35:23","date_gmt":"2022-08-31T19:35:23","guid":{"rendered":"http:\/\/municipiolahuacana.com\/?page_id=638"},"modified":"2023-06-08T09:37:19","modified_gmt":"2023-06-08T14:37:19","slug":"capam-lgcg-1er-trimestre-2022","status":"publish","type":"page","link":"https:\/\/municipiolahuacana.com\/index.php\/capam-lgcg-1er-trimestre-2022\/","title":{"rendered":"CAPAM &#8211; LGCG 1er Trimestre 2022"},"content":{"rendered":"\n<div class=\"wp-block-themeisle-blocks-advanced-columns has-1-columns has-desktop-equal-layout has-tablet-equal-layout has-mobile-equal-layout has-default-gap has-vertical-unset\" id=\"wp-block-themeisle-blocks-advanced-columns-f84ecd5f\"><div class=\"wp-block-themeisle-blocks-advanced-columns-overlay\"><\/div><div class=\"innerblocks-wrap\">\n<div class=\"wp-block-themeisle-blocks-advanced-column\" id=\"wp-block-themeisle-blocks-advanced-column-be023e58\">\n<figure class=\"wp-block-table is-style-stripes\"><table><tbody><tr><td><a href=\"https:\/\/municipiolahuacana.com\/capam\/LGCG\/2022\/1er_Trim\/Estado Analit Ejerc Presup Egres Calif Econom1ertri2022.pdf\" title=\"Estado Anal\u00edtico del Ejercicio del Presupuesto de Egresos Clasificaci\u00f3n Econ\u00f3mica \">Estado Anal\u00edtico del Ejercicio del Presupuesto de Egresos Clasificaci\u00f3n Econ\u00f3mica <\/a><\/td><\/tr><tr><td><a href=\"https:\/\/municipiolahuacana.com\/capam\/LGCG\/2022\/1er_Trim\/Estado Analit Ejerc Presup Egres Clasif Admon 1ertri2022.pdf\" title=\"Estado Anal\u00edtico Ejercicio del Presupuesto de Egresos Clasificaci\u00f3n Administrativa\">Estado Anal\u00edtico Ejercicio del Presupuesto de Egresos Clasificaci\u00f3n Administrativa<\/a><\/td><\/tr><tr><td><a href=\"https:\/\/municipiolahuacana.com\/capam\/LGCG\/2022\/1er_Trim\/Estado Analitico de Ingresos 1ertri2022.pdf\" title=\"Estado Anal\u00edtico de Ingresos\">Estado Anal\u00edtico de Ingresos<\/a><\/td><\/tr><tr><td><a href=\"https:\/\/municipiolahuacana.com\/capam\/LGCG\/2022\/1er_Trim\/Estado Analitico del Activo 1ertrim2022.pdf\" title=\"Estado Anal\u00edtico del Activo\">Estado Anal\u00edtico del Activo<\/a><\/td><\/tr><tr><td><a href=\"https:\/\/municipiolahuacana.com\/capam\/LGCG\/2022\/1er_Trim\/Estado Analt Ejerc Presup Egres Calisf funcional 1ertri 2022.pdf\" title=\"Estado Anal\u00edtico del Ejercicio del Presupuesto de Egresos Clasificaci\u00f3n Funcional\">Estado Anal\u00edtico del Ejercicio del Presupuesto de Egresos Clasificaci\u00f3n Funcional<\/a><\/td><\/tr><tr><td><a href=\"https:\/\/municipiolahuacana.com\/capam\/LGCG\/2022\/1er_Trim\/Estado Analt Ejerc Presup Egres Clasif Objet del Gasto 1ertri2022.pdf\" title=\"Estado Anal\u00edtico del Ejercicio del Presupuesto de Egresos Clasificaci\u00f3n Objeto del Gasto\">Estado Anal\u00edtico del Ejercicio del Presupuesto de Egresos Clasificaci\u00f3n Objeto del Gasto<\/a><\/td><\/tr><tr><td><a href=\"https:\/\/municipiolahuacana.com\/capam\/LGCG\/2022\/1er_Trim\/Estado de Cambios en la Situacion financiera 1ertri2022.pdf\" title=\"Estado de Cambios en la Situaci\u00f3n Financiera\">Estado de Cambios en la Situaci\u00f3n Financiera<\/a><\/td><\/tr><tr><td><a href=\"https:\/\/municipiolahuacana.com\/capam\/LGCG\/2022\/1er_Trim\/Estado de Flujo de Efectivo 1er tri 2022.pdf\" title=\"Estado de Flujo de Efectivo\">Estado de Flujo de Efectivo<\/a><\/td><\/tr><tr><td><a href=\"https:\/\/municipiolahuacana.com\/capam\/LGCG\/2022\/1er_Trim\/Estado de Situacion Financiera al 31 marzo 2022.pdf\" title=\"Estado de Situaci\u00f3n Financiera\">Estado de Situaci\u00f3n Financiera<\/a><\/td><\/tr><tr><td><a href=\"https:\/\/municipiolahuacana.com\/capam\/LGCG\/2022\/1er_Trim\/Estado de Variacion en la Hacienda Publica 1ertri2022.pdf\" title=\"Estado de Variaci\u00f3n en la Hacienda P\u00fablica\">Estado de Variaci\u00f3n en la Hacienda P\u00fablica<\/a><\/td><\/tr><tr><td><a href=\"https:\/\/municipiolahuacana.com\/capam\/LGCG\/2022\/1er_Trim\/Notas de los Estados Financieros 1ertri2022.pdf\" title=\"Notas de los Estados Financieros\">Notas de los Estados Financieros<\/a><\/td><\/tr><\/tbody><\/table><\/figure>\n<\/div>\n<\/div><\/div>\n\n\n\n<p><strong>NORMATIVIDAD<\/strong><\/p>\n\n\n\n<div class=\"wp-block-themeisle-blocks-advanced-columns has-1-columns has-desktop-equal-layout has-tablet-equal-layout has-mobile-equal-layout has-default-gap has-vertical-unset\" id=\"wp-block-themeisle-blocks-advanced-columns-9f1e3fda\"><div class=\"wp-block-themeisle-blocks-advanced-columns-overlay\"><\/div><div class=\"innerblocks-wrap\">\n<div class=\"wp-block-themeisle-blocks-advanced-column\" id=\"wp-block-themeisle-blocks-advanced-column-3c0669d1\">\n<figure class=\"wp-block-table is-style-stripes\"><table><tbody><tr><td><a href=\"http:\/\/www.municipiolahuacana.com\/capam\/2022\/publicacion\/B%29INICIATIVA%20DE%20DECRETO%20DE%20LA%20LEY%20DE%20INGRESOS%20CON%20EXP.%20DE%20MOTIVOS%202022.pdf\" title=\"INICIATIVA DE DECRETO DE LA LEY DE INGRESOS CON EXP. DE MOTIVOS 2022\">INICIATIVA DE DECRETO DE LA LEY DE INGRESOS CON EXP. DE MOTIVOS 2022<\/a><\/td><\/tr><tr><td><a href=\"http:\/\/www.municipiolahuacana.com\/capam\/2022\/publicacion\/Lineamientos%20de%20informaci%C3%B3n%20p%C3%BAblica%20financiera%20para%20el%20Fondo%20de%20Aportaciones%20para%20la%20Infraestructura%20Social.pdf\" title=\"Lineamientos de informaci\u00f3n p\u00fablica financiera para el Fondo de Aportaciones para la Infraestructura Social\">Lineamientos de informaci\u00f3n p\u00fablica financiera para el Fondo de Aportaciones para la Infraestructura Social<\/a><\/td><\/tr><tr><td><a href=\"http:\/\/www.municipiolahuacana.com\/capam\/2022\/publicacion\/Norma%20para%20armonizar%20la%20presentaci%C3%B3n%20de%20la%20informaci%C3%B3n%20adicional%20del%20Proyecto%20del%20Presupuesto%20de%20Egresos..pdf\" title=\"Norma para armonizar la presentaci\u00f3n de la informaci\u00f3n adicional del Proyecto del Presupuesto de Egresos.\">Norma para armonizar la presentaci\u00f3n de la informaci\u00f3n adicional del Proyecto del Presupuesto de Egresos.<\/a><\/td><\/tr><tr><td><a href=\"http:\/\/www.municipiolahuacana.com\/capam\/2022\/publicacion\/Norma%20para%20establecer%20el%20formato%20para%20la%20difusi%C3%B3n%20de%20los%20resultados%20de%20las%20evaluaciones%20de%20los%20recursos%20federales%20ministrados%20a%20las%20entidades%20federativas.pdf\" title=\"Norma para establecer el formato para la difusi\u00f3n de los resultados de las evaluaciones de los recursos federales ministrados a las entidades federativas\">Norma para establecer el formato para la difusi\u00f3n de los resultados de las evaluaciones de los recursos federales ministrados a las entidades federativas<\/a><\/td><\/tr><tr><td><a href=\"http:\/\/www.municipiolahuacana.com\/capam\/2022\/publicacion\/Norma%20para%20establecer%20la%20estructura%20de%20informaci%C3%B3n%20del%20formato%20de%20programas%20con%20recursos%20federales%20por%20orden%20de%20gobierno.pdf\" title=\"Norma para establecer la estructura de informaci\u00f3n del formato de programas con recursos federales por orden de gobierno\">Norma para establecer la estructura de informaci\u00f3n del formato de programas con recursos federales por orden de gobierno<\/a><\/td><\/tr><tr><td><a href=\"http:\/\/www.municipiolahuacana.com\/capam\/2022\/publicacion\/Norma%20para%20establecer%20la%20estructura%20de%20los%20formatos%20de%20informaci%C3%B3n%20de%20obligaciones%20pagadas%20o%20garantizadas%20con%20fondos%20federales.pdf\" title=\"Norma para establecer la estructura de los formatos de informaci\u00f3n de obligaciones pagadas o garantizadas con fondos federales\">Norma para establecer la estructura de los formatos de informaci\u00f3n de obligaciones pagadas o garantizadas con fondos federales<\/a><\/td><\/tr><tr><td><a href=\"http:\/\/www.municipiolahuacana.com\/capam\/2022\/publicacion\/Norma%20para%20establecer%20la%20estructura%20del%20Calendario%20de%20Ingresos%20base%20mensual.pdf\" title=\"Norma para establecer la estructura del Calendario de Ingresos base mensual\">Norma para establecer la estructura del Calendario de Ingresos base mensual<\/a><\/td><\/tr><tr><td><a href=\"http:\/\/www.municipiolahuacana.com\/capam\/2022\/publicacion\/Norma%20para%20establecer%20la%20estructura%20del%20Calendario%20del%20Presupuesto%20de%20Egresos%20base%20mensual..pdf\" title=\"Norma para establecer la estructura del Calendario del Presupuesto de Egresos base mensual\">Norma para establecer la estructura del Calendario del Presupuesto de Egresos base mensual<\/a><\/td><\/tr><tr><td><a href=\"http:\/\/www.municipiolahuacana.com\/capam\/2022\/publicacion\/Norma%20para%20la%20difusi%C3%B3n%20a%20la%20ciudadan%C3%ADa%20de%20la%20Ley%20de%20Ingresos%20y%20del%20Presupuesto%20de%20Egresos..pdf\" title=\"Norma para la difusi\u00f3n a la ciudadan\u00eda de la Ley de Ingresos y del Presupuesto de Egresos\">Norma para la difusi\u00f3n a la ciudadan\u00eda de la Ley de Ingresos y del Presupuesto de Egresos<\/a><\/td><\/tr><tr><td><a href=\"http:\/\/www.municipiolahuacana.com\/capam\/2022\/publicacion\/Norma%20para%20establecer%20la%20estructura%20de%20informaci%C3%B3n%20de%20la%20relaci%C3%B3n%20de%20las%20cuentas%20bancarias%20productivas.pdf\" title=\"Norma para establecer la estructura de informaci\u00f3n de la relaci\u00f3n de las cuentas bancarias productivas\">Norma para establecer la estructura de informaci\u00f3n de la relaci\u00f3n de las cuentas bancarias productivas<\/a><\/td><\/tr><tr><td><a href=\"https:\/\/municipiolahuacana.com\/capam\/LGCG\/2022\/NORMATIVIDAD\/1%20TRIMESTRE\/NORMA%20para%20establecer%20la%20estructura%20de%20inf%20de%20montos%20pagados%20por%20ayudas%20y%20subsidios.pdf\" title=\"Norma para establecer la estructura de inf de montos pagados por ayudas y subsidios\">Norma para establecer la estructura de inf de montos pagados por ayudas y subsidios<\/a><\/td><\/tr><tr><td><a href=\"https:\/\/municipiolahuacana.com\/capam\/LGCG\/2022\/NORMATIVIDAD\/1%20TRIMESTRE\/Lineamientos de informaci\u00f3n p\u00fablica financiera para el FAIS.pdf\" title=\"Lineamientos de informaci\u00f3n p\u00fablica financiera para el FAIS\">Lineamientos de informaci\u00f3n p\u00fablica financiera para el FAIS<\/a><\/td><\/tr><tr><td><a href=\"https:\/\/municipiolahuacana.com\/capam\/LGCG\/2022\/NORMATIVIDAD\/1%20TRIMESTRE\/Norma para establecer la estructura de informaci\u00f3n del formato de aplicaci\u00f3n de recursos del FORTAMUN.pdf\" title=\"Norma para establecer la estructura de informaci\u00f3n del formato de aplicaci\u00f3n de recursos del FORTAMUN\">Norma para establecer la estructura de informaci\u00f3n del formato de aplicaci\u00f3n de recursos del FORTAMUN<\/a><\/td><\/tr><tr><td><a href=\"https:\/\/municipiolahuacana.com\/capam\/LGCG\/2022\/NORMATIVIDAD\/1%20TRIMESTRE\/Normas para establecer la estructura de informaci\u00f3n del formato del ejercicio y destino de gasto federalizado y reintegros.pdf\" title=\"Normas para establecer la estructura de informaci\u00f3n del formato del ejercicio y destino de gasto federalizado y reintegros\">Normas para establecer la estructura de informaci\u00f3n del formato del ejercicio y destino de gasto federalizado y reintegros<\/a><\/td><\/tr><tr><td><a href=\"https:\/\/municipiolahuacana.com\/capam\/LGCG\/2022\/NORMATIVIDAD\/1%20TRIMESTRE\/INVENTARIO DE BIENES MUEBLES.pdf\" title=\"INVENTARIO DE BIENES MUEBLES\">INVENTARIO DE BIENES MUEBLES<\/a><\/td><\/tr><\/tbody><\/table><\/figure>\n<\/div>\n<\/div><\/div>\n","protected":false},"excerpt":{"rendered":"<p>NORMATIVIDAD<\/p>\n","protected":false},"author":2,"featured_media":0,"parent":0,"menu_order":0,"comment_status":"closed","ping_status":"closed","template":"","meta":{"om_disable_all_campaigns":false,"_monsterinsights_skip_tracking":false,"_monsterinsights_sitenote_active":false,"_monsterinsights_sitenote_note":"","_monsterinsights_sitenote_category":0,"footnotes":""},"class_list":["post-638","page","type-page","status-publish","hentry"],"aioseo_notices":[],"_links":{"self":[{"href":"https:\/\/municipiolahuacana.com\/index.php\/wp-json\/wp\/v2\/pages\/638","targetHints":{"allow":["GET"]}}],"collection":[{"href":"https:\/\/municipiolahuacana.com\/index.php\/wp-json\/wp\/v2\/pages"}],"about":[{"href":"https:\/\/municipiolahuacana.com\/index.php\/wp-json\/wp\/v2\/types\/page"}],"author":[{"embeddable":true,"href":"https:\/\/municipiolahuacana.com\/index.php\/wp-json\/wp\/v2\/users\/2"}],"replies":[{"embeddable":true,"href":"https:\/\/municipiolahuacana.com\/index.php\/wp-json\/wp\/v2\/comments?post=638"}],"version-history":[{"count":8,"href":"https:\/\/municipiolahuacana.com\/index.php\/wp-json\/wp\/v2\/pages\/638\/revisions"}],"predecessor-version":[{"id":938,"href":"https:\/\/municipiolahuacana.com\/index.php\/wp-json\/wp\/v2\/pages\/638\/revisions\/938"}],"wp:attachment":[{"href":"https:\/\/municipiolahuacana.com\/index.php\/wp-json\/wp\/v2\/media?parent=638"}],"curies":[{"name":"wp","href":"https:\/\/api.w.org\/{rel}","templated":true}]}}