{"id":626,"date":"2022-08-31T14:13:50","date_gmt":"2022-08-31T19:13:50","guid":{"rendered":"http:\/\/municipiolahuacana.com\/?page_id=626"},"modified":"2023-06-07T23:37:52","modified_gmt":"2023-06-08T04:37:52","slug":"ldf-2do-trimestre-2022","status":"publish","type":"page","link":"https:\/\/municipiolahuacana.com\/index.php\/ldf-2do-trimestre-2022\/","title":{"rendered":"CAPAM &#8211; LGCG 2do. Trimestre 2022"},"content":{"rendered":"\n\n\n<figure class=\"wp-block-table is-style-stripes\">\n<table>\n<tbody>\n<tr>\n<td>1.-<\/td>\n<td><a href=\"https:\/\/municipiolahuacana.com\/capam\/2022\/2do_Trim\/LGCG\/Endeudamiento Neto.pdf\" title=\"Endeudamiento Neto\">Endeudamiento Neto<\/a><\/td>\n<\/tr>\n<tr>\n<td>2.-<\/td>\n<td><a href=\"https:\/\/municipiolahuacana.com\/capam\/2022\/2do_Trim\/LGCG\/Estado Analitico de Ingresos.pdf\" title=\"Estado Anal\u00edtico de Ingresos\">Estado Anal\u00edtico de Ingresos<\/a><\/td>\n<\/tr>\n<tr>\n<td>3.-<\/td>\n<td><a href=\"https:\/\/municipiolahuacana.com\/capam\/2022\/2do_Trim\/LGCG\/Estado Analitico de la Deuda y Otros Pasivos.pdf\" title=\"Estado Anal\u00edtico de la Deuda y Otros Pasivos\">Estado Anal\u00edtico de la Deuda y Otros Pasivos<\/a><\/td>\n<\/tr>\n<tr>\n<td>4.-<\/td>\n<td><a href=\"https:\/\/municipiolahuacana.com\/capam\/2022\/2do_Trim\/LGCG\/Estado Analitico del  Ejercicio del Presupuesto de Egresresos clasificion Administrativa.pdf\" title=\"Estado Anal\u00edtico del Ejercicio del Presupuesto de Egresos clasificaci\u00f3n Administrativa\">Estado Anal\u00edtico del Ejercicio del Presupuesto de Egresos clasificaci\u00f3n Administrativa<\/a><\/td>\n<\/tr>\n<tr>\n<td>5.-<\/td>\n<td><a href=\"https:\/\/municipiolahuacana.com\/capam\/2022\/2do_Trim\/LGCG\/Estado Analitico del Activo.pdf\" title=\"Estado Anal\u00edtico del Activo\">Estado Anal\u00edtico del Activo<\/a><\/td>\n<\/tr>\n<tr>\n<td>6.-<\/td>\n<td><a href=\"https:\/\/municipiolahuacana.com\/capam\/2022\/2do_Trim\/LGCG\/Estado Analitico del Ejercicio del Presupuesto de Egresos Clasificacion Economica.pdf\" title=\"Estado Anal\u00edtico del Ejercicio del Presupuesto de Egresos Clasificaci\u00f3n Econ\u00f3mica\">Estado Anal\u00edtico del Ejercicio del Presupuesto de Egresos Clasificaci\u00f3n Econ\u00f3mica<\/a><\/td>\n<\/tr>\n<tr>\n<td>7.-<\/td>\n<td><a href=\"https:\/\/municipiolahuacana.com\/capam\/2022\/2do_Trim\/LGCG\/Estado Analitico del Ejercicio del Presupuesto de Egresos Clasificacion Funcional.pdf\" title=\"Estado Anal\u00edtico del Ejercicio del Presupuesto de Egresos Clasificaci\u00f3n Funcional\">Estado Anal\u00edtico del Ejercicio del Presupuesto de Egresos Clasificaci\u00f3n Funcional<\/a><\/td>\n<\/tr>\n<tr>\n<td>8.-<\/td>\n<td><a href=\"https:\/\/municipiolahuacana.com\/capam\/2022\/2do_Trim\/LGCG\/Estado Analitico del Ejercicio del Presupuesto de Egresresos Clasificacion Objeto del Gasto.pdf\" title=\"Estado Anal\u00edtico del Ejercicio del Presupuesto de Egresos Clasificaci\u00f3n Objeto del Gasto\">Estado Anal\u00edtico del Ejercicio del Presupuesto de Egresos Clasificaci\u00f3n Objeto del Gasto<\/a><\/td>\n<\/tr>\n<tr>\n<td>9.-<\/td>\n<td><a href=\"https:\/\/municipiolahuacana.com\/capam\/2022\/2do_Trim\/LGCG\/Estado de Actividades.pdf\" title=\"Estado de Actividades\">Estado de Actividades<\/a><\/td>\n<\/tr>\n<tr>\n<td>10.-<\/td>\n<td><a href=\"https:\/\/municipiolahuacana.com\/capam\/2022\/2do_Trim\/LGCG\/Estado de Cambios en la Situacion Financiera.pdf\" title=\"Estado de Cambios en la Situaci\u00f3n Financiera\">Estado de Cambios en la Situaci\u00f3n Financiera<\/a><\/td>\n<\/tr>\n<tr>\n<td>11.-<\/td>\n<td><a href=\"https:\/\/municipiolahuacana.com\/capam\/2022\/2do_Trim\/LGCG\/Estado de Flujos de Efectivo.pdf\" title=\"Estado de Flujos de Efectivo\">Estado de Flujos de Efectivo<\/a><\/td>\n<\/tr>\n<tr>\n<td>12.-<\/td>\n<td><a href=\"https:\/\/municipiolahuacana.com\/capam\/2022\/2do_Trim\/LGCG\/Estado de Situacion Financiera.pdf\" title=\"Estado de Situaci\u00f3n Financiera\">Estado de Situaci\u00f3n Financiera<\/a><\/td>\n<\/tr>\n<tr>\n<td>13.-<\/td>\n<td><a href=\"https:\/\/municipiolahuacana.com\/capam\/2022\/2do_Trim\/LGCG\/Estado de Variacion en la Hacienda Publica.pdf\" title=\"Estado de Variaci\u00f3n en la Hacienda P\u00fablica\">Estado de Variaci\u00f3n en la Hacienda P\u00fablica<\/a><\/td>\n<\/tr>\n<tr>\n<td>14.-<\/td>\n<td><a href=\"https:\/\/municipiolahuacana.com\/capam\/2022\/2do_Trim\/LGCG\/Gasto por Categoria Programatica.pdf\" title=\"Gasto por Categor\u00eda Program\u00e1tica\">Gasto por Categor\u00eda Program\u00e1tica<\/a><\/td>\n<\/tr>\n<tr>\n<td>15.-<\/td>\n<td><a href=\"https:\/\/municipiolahuacana.com\/capam\/2022\/2do_Trim\/LGCG\/Indicadores de Resultados.pdf\" title=\"Indicadores de Resultados\">Indicadores de Resultados<\/a><\/td>\n<\/tr>\n<tr>\n<td>16.-<\/td>\n<td><a href=\"https:\/\/municipiolahuacana.com\/capam\/2022\/2do_Trim\/LGCG\/Informe de Pasivos Contingentes.pdf\" title=\"Informe de Pasivos Contingentes\">Informe de Pasivos Contingentes<\/a><\/td>\n<\/tr>\n<tr>\n<td>17.-<\/td>\n<td><a href=\"https:\/\/municipiolahuacana.com\/capam\/2022\/2do_Trim\/LGCG\/Inntereses de la Deuda.pdf\" title=\"Intereses de la Deuda\">Intereses de la Deuda<\/a><\/td>\n<\/tr>\n<tr>\n<td>18.-<\/td>\n<td><a href=\"https:\/\/municipiolahuacana.com\/capam\/2022\/2do_Trim\/LGCG\/Inventario de Bienes Muebles.pdf\" title=\"Inventario de Bienes Muebles\">Inventario de Bienes Muebles<\/a><\/td>\n<\/tr>\n<tr>\n<td>19.-<\/td>\n<td><a href=\"https:\/\/municipiolahuacana.com\/capam\/2022\/2do_Trim\/LGCG\/Notas a los Estados Financieros.pdf\" title=\"Notas a los Estados Financieros\">Notas a los Estados Financieros<\/a><\/td>\n<\/tr>\n<\/tbody>\n<\/table>\n<\/figure>\n<h3><strong>Normatividad<\/strong><\/h3>\n\n\n\n<figure class=\"wp-block-table is-style-stripes\">\n<table>\n<tbody>\n<tr>\n<td><a href=\"http:\/\/www.municipiolahuacana.com\/capam\/2022\/publicacion\/B%29INICIATIVA%20DE%20DECRETO%20DE%20LA%20LEY%20DE%20INGRESOS%20CON%20EXP.%20DE%20MOTIVOS%202022.pdf\" title=\"INICIATIVA DE DECRETO DE LA LEY DE INGRESOS CON EXP. DE MOTIVOS 2022\">INICIATIVA DE DECRETO DE LA LEY DE INGRESOS CON EXP. DE MOTIVOS 2022<\/a><\/td>\n<\/tr>\n<tr>\n<td><a href=\"http:\/\/www.municipiolahuacana.com\/capam\/2022\/publicacion\/Lineamientos%20de%20informaci%C3%B3n%20p%C3%BAblica%20financiera%20para%20el%20Fondo%20de%20Aportaciones%20para%20la%20Infraestructura%20Social.pdf\" title=\"Lineamientos de informaci\u00f3n p\u00fablica financiera para el Fondo de Aportaciones para la Infraestructura Social\">Lineamientos de informaci\u00f3n p\u00fablica financiera para el Fondo de Aportaciones para la Infraestructura Social<\/a><\/td>\n<\/tr>\n<tr>\n<td><a href=\"http:\/\/www.municipiolahuacana.com\/capam\/2022\/publicacion\/Norma%20para%20armonizar%20la%20presentaci%C3%B3n%20de%20la%20informaci%C3%B3n%20adicional%20del%20Proyecto%20del%20Presupuesto%20de%20Egresos..pdf\" title=\"Norma para armonizar la presentaci\u00f3n de la informaci\u00f3n adicional del Proyecto del Presupuesto de Egresos.\">Norma para armonizar la presentaci\u00f3n de la informaci\u00f3n adicional del Proyecto del Presupuesto de Egresos.<\/a><\/td>\n<\/tr>\n<tr>\n<td><a href=\"http:\/\/www.municipiolahuacana.com\/capam\/2022\/publicacion\/Norma%20para%20establecer%20el%20formato%20para%20la%20difusi%C3%B3n%20de%20los%20resultados%20de%20las%20evaluaciones%20de%20los%20recursos%20federales%20ministrados%20a%20las%20entidades%20federativas.pdf\" title=\"Norma para establecer el formato para la difusi\u00f3n de los resultados de las evaluaciones de los recursos federales ministrados a las entidades federativas\">Norma para establecer el formato para la difusi\u00f3n de los resultados de las evaluaciones de los recursos federales ministrados a las entidades federativas<\/a><\/td>\n<\/tr>\n<tr>\n<td><a href=\"http:\/\/www.municipiolahuacana.com\/capam\/2022\/publicacion\/Norma%20para%20establecer%20la%20estructura%20de%20informaci%C3%B3n%20del%20formato%20de%20programas%20con%20recursos%20federales%20por%20orden%20de%20gobierno.pdf\" title=\"Norma para establecer la estructura de informaci\u00f3n del formato de programas con recursos federales por orden de gobierno\">Norma para establecer la estructura de informaci\u00f3n del formato de programas con recursos federales por orden de gobierno<\/a><\/td>\n<\/tr>\n<tr>\n<td><a href=\"http:\/\/www.municipiolahuacana.com\/capam\/2022\/publicacion\/Norma%20para%20establecer%20la%20estructura%20de%20los%20formatos%20de%20informaci%C3%B3n%20de%20obligaciones%20pagadas%20o%20garantizadas%20con%20fondos%20federales.pdf\" title=\"Norma para establecer la estructura de los formatos de informaci\u00f3n de obligaciones pagadas o garantizadas con fondos federales\">Norma para establecer la estructura de los formatos de informaci\u00f3n de obligaciones pagadas o garantizadas con fondos federales<\/a><\/td>\n<\/tr>\n<tr>\n<td><a href=\"http:\/\/www.municipiolahuacana.com\/capam\/2022\/publicacion\/Norma%20para%20establecer%20la%20estructura%20del%20Calendario%20de%20Ingresos%20base%20mensual.pdf\" title=\"Norma para establecer la estructura del Calendario de Ingresos base mensual\">Norma para establecer la estructura del Calendario de Ingresos base mensual<\/a><\/td>\n<\/tr>\n<tr>\n<td><a href=\"http:\/\/www.municipiolahuacana.com\/capam\/2022\/publicacion\/Norma%20para%20establecer%20la%20estructura%20del%20Calendario%20del%20Presupuesto%20de%20Egresos%20base%20mensual..pdf\" title=\"Norma para establecer la estructura del Calendario del Presupuesto de Egresos base mensual\">Norma para establecer la estructura del Calendario del Presupuesto de Egresos base mensual<\/a><\/td>\n<\/tr>\n<tr>\n<td><a href=\"http:\/\/www.municipiolahuacana.com\/capam\/2022\/publicacion\/Norma%20para%20la%20difusi%C3%B3n%20a%20la%20ciudadan%C3%ADa%20de%20la%20Ley%20de%20Ingresos%20y%20del%20Presupuesto%20de%20Egresos..pdf\" title=\"Norma para la difusi\u00f3n a la ciudadan\u00eda de la Ley de Ingresos y del Presupuesto de Egresos\">Norma para la difusi\u00f3n a la ciudadan\u00eda de la Ley de Ingresos y del Presupuesto de Egresos<\/a><\/td>\n<\/tr>\n<tr>\n<td><a href=\"http:\/\/www.municipiolahuacana.com\/capam\/2022\/publicacion\/Norma%20para%20establecer%20la%20estructura%20de%20informaci%C3%B3n%20de%20la%20relaci%C3%B3n%20de%20las%20cuentas%20bancarias%20productivas.pdf\" title=\"Norma para establecer la estructura de informaci\u00f3n de la relaci\u00f3n de las cuentas bancarias productivas\">Norma para establecer la estructura de informaci\u00f3n de la relaci\u00f3n de las cuentas bancarias productivas<\/a><\/td>\n<\/tr>\n<tr>\n<td><a href=\"https:\/\/municipiolahuacana.com\/capam\/LGCG\/2022\/NORMATIVIDAD\/2%20TRIMESTRE\/INVENTARIO DE BIENES MUEBLES.pdf\" data-wplink-url-error=\"true\">INVENTARIO DE BIENES MUEBLES<\/a><\/td>\n<\/tr>\n<tr>\n<td><a href=\"https:\/\/municipiolahuacana.com\/capam\/LGCG\/2022\/NORMATIVIDAD\/2%20TRIMESTRE\/Lineamientos de informaci\u00f3n p\u00fablica financiera para el FAIS.pdf\" data-wplink-url-error=\"true\">Lineamientos de informaci\u00f3n p\u00fablica financiera para el FAIS<\/a><\/td>\n<\/tr>\n<tr>\n<td><a href=\"https:\/\/municipiolahuacana.com\/capam\/LGCG\/2022\/NORMATIVIDAD\/2%20TRIMESTRE\/NORMA para establecer la estructura de inf de montos pagados por ayudas y subsidios.pdf\" data-wplink-url-error=\"true\">NORMA para establecer la estructura de inf de montos pagados por ayudas y subsidios<\/a><\/td>\n<\/tr>\n<tr>\n<td><a href=\"https:\/\/municipiolahuacana.com\/capam\/LGCG\/2022\/NORMATIVIDAD\/2%20TRIMESTRE\/Norma para establecer la estructura de informaci\u00f3n del formato de aplicaci\u00f3n de recursos del FORTAMUN).pdf\" data-wplink-url-error=\"true\">Norma para establecer la estructura de informaci\u00f3n del formato de aplicaci\u00f3n de recursos del FORTAMUN<\/a><\/td>\n<\/tr>\n<tr>\n<td><a href=\"https:\/\/municipiolahuacana.com\/capam\/LGCG\/2022\/NORMATIVIDAD\/2%20TRIMESTRE\/Normas para establecer la estructura de informaci\u00f3n del formato del ejercicio y destino de gasto federalizado y reintegros.pdf\" data-wplink-url-error=\"true\">Normas para establecer la estructura de informaci\u00f3n del formato del ejercicio y destino de gasto federalizado y reintegros<\/a><\/td>\n<\/tr>\n<\/tbody>\n<\/table>\n<\/figure>","protected":false},"excerpt":{"rendered":"<p>1.- Endeudamiento Neto 2.- Estado Anal\u00edtico de Ingresos 3.- Estado Anal\u00edtico de la Deuda y Otros Pasivos 4.- Estado Anal\u00edtico del Ejercicio del Presupuesto de Egresos clasificaci\u00f3n Administrativa 5.- Estado Anal\u00edtico del Activo 6.- Estado Anal\u00edtico del Ejercicio del Presupuesto de Egresos Clasificaci\u00f3n Econ\u00f3mica 7.- Estado Anal\u00edtico del Ejercicio del [&hellip;]<\/p>\n","protected":false},"author":2,"featured_media":0,"parent":0,"menu_order":0,"comment_status":"closed","ping_status":"closed","template":"","meta":{"om_disable_all_campaigns":false,"_monsterinsights_skip_tracking":false,"_monsterinsights_sitenote_active":false,"_monsterinsights_sitenote_note":"","_monsterinsights_sitenote_category":0,"footnotes":""},"class_list":["post-626","page","type-page","status-publish","hentry"],"aioseo_notices":[],"_links":{"self":[{"href":"https:\/\/municipiolahuacana.com\/index.php\/wp-json\/wp\/v2\/pages\/626","targetHints":{"allow":["GET"]}}],"collection":[{"href":"https:\/\/municipiolahuacana.com\/index.php\/wp-json\/wp\/v2\/pages"}],"about":[{"href":"https:\/\/municipiolahuacana.com\/index.php\/wp-json\/wp\/v2\/types\/page"}],"author":[{"embeddable":true,"href":"https:\/\/municipiolahuacana.com\/index.php\/wp-json\/wp\/v2\/users\/2"}],"replies":[{"embeddable":true,"href":"https:\/\/municipiolahuacana.com\/index.php\/wp-json\/wp\/v2\/comments?post=626"}],"version-history":[{"count":12,"href":"https:\/\/municipiolahuacana.com\/index.php\/wp-json\/wp\/v2\/pages\/626\/revisions"}],"predecessor-version":[{"id":908,"href":"https:\/\/municipiolahuacana.com\/index.php\/wp-json\/wp\/v2\/pages\/626\/revisions\/908"}],"wp:attachment":[{"href":"https:\/\/municipiolahuacana.com\/index.php\/wp-json\/wp\/v2\/media?parent=626"}],"curies":[{"name":"wp","href":"https:\/\/api.w.org\/{rel}","templated":true}]}}