{"id":510,"date":"2022-05-16T13:47:13","date_gmt":"2022-05-16T18:47:13","guid":{"rendered":"http:\/\/municipiolahuacana.com\/?page_id=510"},"modified":"2022-11-04T19:26:18","modified_gmt":"2022-11-05T00:26:18","slug":"dif","status":"publish","type":"page","link":"https:\/\/municipiolahuacana.com\/index.php\/dif\/","title":{"rendered":"DIF"},"content":{"rendered":"\n<p><a href=\"https:\/\/municipiolahuacana.com\/DIF\/CONAC.pdf\" title=\"CONAC 2021\">CONAC 2021<\/a><\/p>\n\n\n\n<p><a href=\"https:\/\/municipiolahuacana.com\/DIF\/DISCIPLINA%20FINANCIERA.pdf\" title=\"DISCIPLINA FINANCIERA 2021\">DISCIPLINA FINANCIERA 2021<\/a><\/p>\n\n\n\n<p><a href=\"https:\/\/municipiolahuacana.com\/DIF\/IF-04%20INVENTARIO%20DE%20BIENES%20INMUEBLES%20al%2031%20de%20diciembre%20de%202021.pdf\" title=\"INVENTARIO DE BIENES INMUEBLES 2021\">INVENTARIO DE BIENES INMUEBLES 2021<\/a><\/p>\n\n\n\n<p><strong>LEY GENERAL DE CONTABILIDAD GUBERNAMENTAL<\/strong><\/p>\n\n\n\n<p>Segundo Trimestre 2022<\/p>\n\n\n\n<figure class=\"wp-block-table is-style-stripes\"><table><tbody><tr><td>1.-<\/td><td><a href=\"https:\/\/municipiolahuacana.com\/DIF\/2022\/LGCG\/1. ESTADO DE ACTIVIDADES.pdf\" title=\"ESTADO DE ACTIVIDADES\">ESTADO DE ACTIVIDADES<\/a><\/td><\/tr><tr><td>2.-<\/td><td><a href=\"https:\/\/municipiolahuacana.com\/DIF\/2022\/LGCG\/2. ESTADO DE CAMBIO SITUACION FINANCIERA.pdf\" title=\"ESTADO DE CAMBIO SITUACION FINANCIERA\">ESTADO DE CAMBIO SITUACION FINANCIERA<\/a><\/td><\/tr><tr><td>3.-<\/td><td><a href=\"https:\/\/municipiolahuacana.com\/DIF\/2022\/LGCG\/3. ESTADO DE SITUACION FINANCIERA.pdf\" title=\"ESTADO DE SITUACION FINANCIERA\">ESTADO DE SITUACION FINANCIERA<\/a><\/td><\/tr><tr><td>4.-<\/td><td><a href=\"https:\/\/municipiolahuacana.com\/DIF\/2022\/LGCG\/4. ESTADO DE VARIACION EN LA HACIENDA PUBLICA.pdf\" title=\"ESTADO DE VARIACION EN LA HACIENDA PUBLICA\">ESTADO DE VARIACION EN LA HACIENDA PUBLICA<\/a><\/td><\/tr><tr><td>5.-<\/td><td><a href=\"https:\/\/municipiolahuacana.com\/DIF\/2022\/LGCG\/5. ESTADO DE FLUJOS DE EFECTIVO.pdf\" title=\"ESTADO DE FLUJOS DE EFECTIVO\">ESTADO DE FLUJOS DE EFECTIVO<\/a><\/td><\/tr><tr><td>6.-<\/td><td><a href=\"https:\/\/municipiolahuacana.com\/DIF\/2022\/LGCG\/6. INFORME DE PASIVOS CONTINGENTES.pdf\" title=\"INFORME DE PASIVOS CONTINGENTES\">INFORME DE PASIVOS CONTINGENTES<\/a><\/td><\/tr><tr><td>7.-<\/td><td><a href=\"https:\/\/municipiolahuacana.com\/DIF\/2022\/LGCG\/7. NOTAS A LOS ESTADOS FINANCIEROS.pdf\" title=\"NOTAS A LOS ESTADOS FINANCIEROS\">NOTAS A LOS ESTADOS FINANCIEROS<\/a><\/td><\/tr><tr><td>8.-<\/td><td><a href=\"https:\/\/municipiolahuacana.com\/DIF\/2022\/LGCG\/8. ESTADO ANALITICO DEL ACTIVO.pdf\" title=\"ESTADO ANALITICO DEL ACTIVO\">ESTADO ANALITICO DEL ACTIVO<\/a><\/td><\/tr><tr><td>9.-<\/td><td><a href=\"https:\/\/municipiolahuacana.com\/DIF\/2022\/LGCG\/9. ESTADO ANALITICO DE LA DEUDA Y OTROS PASIVOS.pdf\" title=\"ESTADO ANALITICO DE LA DEUDA Y OTROS PASIVOS\">ESTADO ANALITICO DE LA DEUDA Y OTROS PASIVOS<\/a><\/td><\/tr><tr><td>10.-<\/td><td><a href=\"https:\/\/municipiolahuacana.com\/DIF\/2022\/LGCG\/10. ESTADO ANALITICO DE INGRESOS.pdf\" title=\"ESTADO ANALITICO DE INGRESOS\">ESTADO ANALITICO DE INGRESOS<\/a><\/td><\/tr><tr><td>11.-<\/td><td><a href=\"https:\/\/municipiolahuacana.com\/DIF\/2022\/LGCG\/11. ESTADO ANALITICO DEL PRESUPUESTO DE EGRESOS CLASIFICACION ADMINISTRATIVA.pdf\" title=\"ESTADO ANALITICO DEL PRESUPUESTO DE EGRESOS CLASIFICACION ADMINISTRATIVA\">ESTADO ANALITICO DEL PRESUPUESTO DE EGRESOS CLASIFICACION ADMINISTRATIVA<\/a><\/td><\/tr><tr><td>12.-<\/td><td><a href=\"https:\/\/municipiolahuacana.com\/DIF\/2022\/LGCG\/12. ESTADO ANALITICO DEL PRESUPUESTO DE EGRESOS EN LA CLASIFICACION ECONOMICA ( POR TIPO DE CAMBIO).pdf\" title=\"ESTADO ANALITICO DEL PRESUPUESTO DE EGRESOS EN LA CLASIFICACION ECONOMICA ( POR TIPO DE CAMBIO)\">ESTADO ANALITICO DEL PRESUPUESTO DE EGRESOS EN LA CLASIFICACION ECONOMICA ( POR TIPO DE CAMBIO)<\/a><\/td><\/tr><tr><td>13.-<\/td><td><a href=\"https:\/\/municipiolahuacana.com\/DIF\/2022\/LGCG\/13. ESTADO ANALITICO DEL PRESUPUESTO DE EGRESOS CLASIFICACION POR OBJETO DEL GASTO.pdf\" title=\"ESTADO ANALITICO DEL PRESUPUESTO DE EGRESOS CLASIFICACION POR OBJETO DEL GASTO\">ESTADO ANALITICO DEL PRESUPUESTO DE EGRESOS CLASIFICACION POR OBJETO DEL GASTO<\/a><\/td><\/tr><tr><td>14.-<\/td><td><a href=\"https:\/\/municipiolahuacana.com\/DIF\/2022\/LGCG\/14. ESTADO ANALITICO DEL PRESUPUESTO DE EGRESOS CLASIFICACION FUNCIONAL.pdf\" title=\"ESTADO ANALITICO DEL PRESUPUESTO DE EGRESOS CLASIFICACION FUNCIONAL\">ESTADO ANALITICO DEL PRESUPUESTO DE EGRESOS CLASIFICACION FUNCIONAL<\/a><\/td><\/tr><tr><td>15.-<\/td><td><a href=\"https:\/\/municipiolahuacana.com\/DIF\/2022\/LGCG\/15. ENDEUDAMIENTO NETO.pdf\" title=\"ENDEUDAMIENTO NETO\">ENDEUDAMIENTO NETO<\/a><\/td><\/tr><tr><td>16.-<\/td><td><a href=\"https:\/\/municipiolahuacana.com\/DIF\/2022\/LGCG\/16. INTERESES DE LA DEUDA.pdf\" title=\"INTERESES DE LA DEUDA\">INTERESES DE LA DEUDA<\/a><\/td><\/tr><tr><td>17.-<\/td><td><a href=\"https:\/\/municipiolahuacana.com\/DIF\/2022\/LGCG\/17. GASTO POR CATEGORIA PROGRAMATICA.pdf\" title=\"GASTO POR CATEGORIA PROGRAMATICA\">GASTO POR CATEGORIA PROGRAMATICA<\/a><\/td><\/tr><tr><td>18.-<\/td><td><a href=\"https:\/\/municipiolahuacana.com\/DIF\/2022\/LGCG\/18. INDICADORES DE RESULTADOS.pdf\" title=\"INDICADORES DE RESULTADOS\">INDICADORES DE RESULTADOS<\/a><\/td><\/tr><tr><td>19.-<\/td><td><a href=\"https:\/\/municipiolahuacana.com\/DIF\/2022\/LGCG\/19. INFORMACION SEVAC.pdf\" title=\"INFORMACION SEVAC\">INFORMACION SEVAC<\/a><\/td><\/tr><tr><td>20.-<\/td><td><a href=\"https:\/\/municipiolahuacana.com\/DIF\/2022\/LGCG\/20. NUEVO INVENTARIO 30 DE JUNIO 2022.pdf\" title=\"NUEVO INVENTARIO 30 DE JUNIO 2022\">NUEVO INVENTARIO 30 DE JUNIO 2022<\/a><\/td><\/tr><\/tbody><\/table><\/figure>\n\n\n\n<p><strong>LEY DE DISCIPLINA FINANCIERA<\/strong><\/p>\n\n\n\n<p>Segundo Trimestre 2022<\/p>\n\n\n\n<figure class=\"wp-block-table is-style-stripes\"><table><tbody><tr><td><a href=\"https:\/\/municipiolahuacana.com\/DIF\/2022\/Ley_Dis_Fin\/DISCIPLINA FINANCIERA 1ER PERIODO 2DO TRIMESTRE 2022 INFORMACION SEVAC.pdf\" title=\"DISCIPLINA FINANCIERA 1ER PERIODO 2DO TRIMESTRE 2022 INFORMACION SEVAC\">DISCIPLINA FINANCIERA 1ER PERIODO 2DO TRIMESTRE 2022 INFORMACION SEVAC<\/a><\/td><\/tr><tr><td><a href=\"https:\/\/municipiolahuacana.com\/DIF\/2022\/Ley_Dis_Fin\/INVENTARIO 1ER PERIODO 2DO TRIMESTRE 2022.pdf\" title=\"INVENTARIO 1ER PERIODO 2DO TRIMESTRE 2022\">INVENTARIO 1ER PERIODO 2DO TRIMESTRE 2022<\/a><\/td><\/tr><\/tbody><\/table><\/figure>\n\n\n\n<p><strong>SEVAC<\/strong><\/p>\n\n\n\n<p>Tercer Trimestre 2022<\/p>\n\n\n\n<figure class=\"wp-block-table is-style-stripes\"><table><tbody><tr><td><a href=\"https:\/\/municipiolahuacana.com\/DIF\/2022\/SEVAC\/3er_Trim\/D.2.1 Estado de Actividades.pdf\" title=\"D.2.1 Estado de Actividades\">D.2.1 Estado de Actividades<\/a><\/td><\/tr><tr><td><a href=\"https:\/\/municipiolahuacana.com\/DIF\/2022\/SEVAC\/3er_Trim\/D.2.2 Estado de Situacion Financiera.pdf\" title=\"D.2.2 Estado de Situaci\u00f3n Financiera\">D.2.2 Estado de Situaci\u00f3n Financiera<\/a><\/td><\/tr><tr><td><a href=\"https:\/\/municipiolahuacana.com\/DIF\/2022\/SEVAC\/3er_Trim\/D.2.3 Estado de variacion en la Hacienda Publica.pdf\" title=\"D.2.3 Estado de variaci\u00f3n en la Hacienda Publica\">D.2.3 Estado de variaci\u00f3n en la Hacienda Publica<\/a><\/td><\/tr><tr><td><a href=\"https:\/\/municipiolahuacana.com\/DIF\/2022\/SEVAC\/3er_Trim\/D.2.4. Estado de cambio en la situacion Financiera.pdf\" title=\"D.2.4. Estado de cambio en la situaci\u00f3n Financiera\">D.2.4. Estado de cambio en la situaci\u00f3n Financiera<\/a><\/td><\/tr><tr><td><a href=\"https:\/\/municipiolahuacana.com\/DIF\/2022\/SEVAC\/3er_Trim\/D.2.5. Estado de Flujo de efectivo.pdf\" title=\"D.2.5. Estado de Flujo de efectivo\">D.2.5. Estado de Flujo de efectivo<\/a><\/td><\/tr><tr><td><a href=\"https:\/\/municipiolahuacana.com\/DIF\/2022\/SEVAC\/3er_Trim\/D.2.6. Informe sobre pasivos Contingentes.pdf\" title=\"D.2.6. Informe sobre pasivos Contingentes\">D.2.6. Informe sobre pasivos Contingentes<\/a><\/td><\/tr><tr><td><a href=\"https:\/\/municipiolahuacana.com\/DIF\/2022\/SEVAC\/3er_Trim\/D.2.7. Notas a los Estados Financieros.pdf\" title=\"D.2.7. Notas a los Estados Financieros\">D.2.7. Notas a los Estados Financieros<\/a><\/td><\/tr><tr><td><a href=\"https:\/\/municipiolahuacana.com\/DIF\/2022\/SEVAC\/3er_Trim\/D.2.8. Estado Analitico del activo.pdf\" title=\"D.2.8. Estado Anal\u00edtico del activo\">D.2.8. Estado Anal\u00edtico del activo<\/a><\/td><\/tr><tr><td><a href=\"https:\/\/municipiolahuacana.com\/DIF\/2022\/SEVAC\/3er_Trim\/D.2.9. Estado Analitico de la deuda y otros Pasivos.pdf\" title=\"D.2.9. Estado Anal\u00edtico de la deuda y otros Pasivos\">D.2.9. Estado Anal\u00edtico de la deuda y otros Pasivos<\/a><\/td><\/tr><tr><td><a href=\"https:\/\/municipiolahuacana.com\/DIF\/2022\/SEVAC\/3er_Trim\/D.3.1 Estado Analitico de Ingresos.pdf\" title=\"D.3.1. Estado Anal\u00edtico de Ingresos\">D.3.1. Estado Anal\u00edtico de Ingresos<\/a><\/td><\/tr><tr><td><a href=\"https:\/\/municipiolahuacana.com\/DIF\/2022\/SEVAC\/3er_Trim\/D.3.2. Estado analitico del Ejercicio del presupuesto de egresos con base en la clasificacion Administrativa.pdf\" title=\"D.3.2. Estado Anal\u00edtico del Ejercicio del presupuesto de egresos con base en la clasificaci\u00f3n Administrativa\">D.3.2. Estado Anal\u00edtico del Ejercicio del presupuesto de egresos con base en la clasificaci\u00f3n Administrativa<\/a><\/td><\/tr><tr><td><a href=\"https:\/\/municipiolahuacana.com\/DIF\/2022\/SEVAC\/3er_Trim\/D.3.3. Estado analitico del Ejercicio del presupuesto de Egresos con base en la clasificacion Economica ( por tipo de gasto ).pdf\" title=\"D.3.3. Estado Anal\u00edtico del Ejercicio del presupuesto de Egresos con base en la clasificaci\u00f3n Econ\u00f3mica\">D.3.3. Estado Anal\u00edtico del Ejercicio del presupuesto de Egresos con base en la clasificaci\u00f3n Econ\u00f3mica<\/a><\/td><\/tr><tr><td><a href=\"https:\/\/municipiolahuacana.com\/DIF\/2022\/SEVAC\/3er_Trim\/D.3.4. Estado analitico del Ejercicio del presupuesto de Egresos con base en la clasificacion por Objeto de Gasto.pdf\" title=\"D.3.4. Estado Anal\u00edtico del Ejercicio del presupuesto de Egresos con base en la clasificaci\u00f3n por Objeto de Gasto\">D.3.4. Estado Anal\u00edtico del Ejercicio del presupuesto de Egresos con base en la clasificaci\u00f3n por Objeto de Gasto<\/a><\/td><\/tr><tr><td><a href=\"https:\/\/municipiolahuacana.com\/DIF\/2022\/SEVAC\/3er_Trim\/D.3.5. Estado analitico del Ejercicio del presupuesto de Egresos con base en la clasificacion Funcional.pdf\" title=\"D.3.5. Estado Anal\u00edtico del Ejercicio del presupuesto de Egresos con base en la clasificaci\u00f3n Funcional\">D.3.5. Estado Anal\u00edtico del Ejercicio del presupuesto de Egresos con base en la clasificaci\u00f3n Funcional<\/a><\/td><\/tr><tr><td><a href=\"https:\/\/municipiolahuacana.com\/DIF\/2022\/SEVAC\/3er_Trim\/D.3.6. Endeudamiento Neto.pdf\" title=\"D.3.6. Endeudamiento Neto\">D.3.6. Endeudamiento Neto<\/a><\/td><\/tr><tr><td><a href=\"https:\/\/municipiolahuacana.com\/DIF\/2022\/SEVAC\/3er_Trim\/D.3.7. Intereses de la Deuda.pdf\" title=\"D.3.7. Intereses de la Deuda\">D.3.7. Intereses de la Deuda<\/a><\/td><\/tr><tr><td><a href=\"https:\/\/municipiolahuacana.com\/DIF\/2022\/SEVAC\/3er_Trim\/D.4.1 Gasto por categoria Programatica.pdf\" title=\"D.4.1 Gasto por categor\u00eda Program\u00e1tica\">D.4.1 Gasto por categor\u00eda Program\u00e1tica<\/a><\/td><\/tr><tr><td><a href=\"https:\/\/municipiolahuacana.com\/DIF\/2022\/SEVAC\/3er_Trim\/D.4.2. Indicadores de resultados.pdf\" title=\"D.4.2. Indicadores de resultados\">D.4.2. Indicadores de resultados<\/a><\/td><\/tr><\/tbody><\/table><\/figure>\n","protected":false},"excerpt":{"rendered":"<p>CONAC 2021 DISCIPLINA FINANCIERA 2021 INVENTARIO DE BIENES INMUEBLES 2021 LEY GENERAL DE CONTABILIDAD GUBERNAMENTAL Segundo Trimestre 2022 1.- ESTADO DE ACTIVIDADES 2.- ESTADO DE CAMBIO SITUACION FINANCIERA 3.- ESTADO DE SITUACION FINANCIERA 4.- ESTADO DE VARIACION EN LA HACIENDA PUBLICA 5.- ESTADO DE FLUJOS DE EFECTIVO 6.- INFORME DE [&hellip;]<\/p>\n","protected":false},"author":2,"featured_media":0,"parent":0,"menu_order":0,"comment_status":"closed","ping_status":"closed","template":"","meta":{"om_disable_all_campaigns":false,"_monsterinsights_skip_tracking":false,"_monsterinsights_sitenote_active":false,"_monsterinsights_sitenote_note":"","_monsterinsights_sitenote_category":0,"footnotes":""},"class_list":["post-510","page","type-page","status-publish","hentry"],"aioseo_notices":[],"_links":{"self":[{"href":"https:\/\/municipiolahuacana.com\/index.php\/wp-json\/wp\/v2\/pages\/510","targetHints":{"allow":["GET"]}}],"collection":[{"href":"https:\/\/municipiolahuacana.com\/index.php\/wp-json\/wp\/v2\/pages"}],"about":[{"href":"https:\/\/municipiolahuacana.com\/index.php\/wp-json\/wp\/v2\/types\/page"}],"author":[{"embeddable":true,"href":"https:\/\/municipiolahuacana.com\/index.php\/wp-json\/wp\/v2\/users\/2"}],"replies":[{"embeddable":true,"href":"https:\/\/municipiolahuacana.com\/index.php\/wp-json\/wp\/v2\/comments?post=510"}],"version-history":[{"count":13,"href":"https:\/\/municipiolahuacana.com\/index.php\/wp-json\/wp\/v2\/pages\/510\/revisions"}],"predecessor-version":[{"id":693,"href":"https:\/\/municipiolahuacana.com\/index.php\/wp-json\/wp\/v2\/pages\/510\/revisions\/693"}],"wp:attachment":[{"href":"https:\/\/municipiolahuacana.com\/index.php\/wp-json\/wp\/v2\/media?parent=510"}],"curies":[{"name":"wp","href":"https:\/\/api.w.org\/{rel}","templated":true}]}}