{"id":1556,"date":"2025-08-21T22:19:06","date_gmt":"2025-08-22T03:19:06","guid":{"rendered":"https:\/\/municipiolahuacana.com\/?page_id=1556"},"modified":"2025-08-21T22:19:07","modified_gmt":"2025-08-22T03:19:07","slug":"normas-y-lineamientos-conac","status":"publish","type":"page","link":"https:\/\/municipiolahuacana.com\/index.php\/normas-y-lineamientos-conac\/","title":{"rendered":"NORMAS Y LINEAMIENTOS CONAC"},"content":{"rendered":"\n<p><strong>NORMAS<\/strong><\/p>\n\n\n\n<figure class=\"wp-block-table is-style-stripes\"><table><tbody><tr><td><a href=\"https:\/\/municipiolahuacana.com\/Ley_Disciplina_Financiera\/Normas\/NOR_01_14_001.pdf\">NORMA PARA ARMONIZAR LA PRESENTACI\u00d3N DE LA INFORMACI\u00d3N ADICIONAL A LA INICIATIVA DE LA LEY DE INGRESOS<\/a><\/td><\/tr><tr><td><a href=\"https:\/\/municipiolahuacana.com\/Ley_Disciplina_Financiera\/Normas\/NOR_01_14_002%20%281%29.pdf\">NORMA PARA ARMONIZAR LA PRESENTACI\u00d3N DE LA INFORMACI\u00d3N ADICIONAL DEL PROYECTO DEL PRESUPUESTO DE EGRESOS<\/a><\/td><\/tr><tr><td><a href=\"https:\/\/municipiolahuacana.com\/Ley_Disciplina_Financiera\/Normas\/d%29NORMA-para-la-difusio%CC%81n-a-la-ciudadani%CC%81a-de-la-Ley-de-Ingresos-y-del-Presupuesto-de-Egresos.pdf\" title=\"NORMA PARA LA DIFUSI\u00d3N A LA CIUDADANIA DE LA LEY DE INGRESOS Y DEL PRESUPUESTO DE EGRESOS\">NORMA PARA LA DIFUSI\u00d3N A LA CIUDADANIA DE LA LEY DE INGRESOS Y DEL PRESUPUESTO DE EGRESOS<\/a><\/td><\/tr><tr><td><a href=\"https:\/\/municipiolahuacana.com\/Ley_Disciplina_Financiera\/Normas\/NOR_01_14_004.pdf\">NORMA PARA ESTABLECER LA ESTRUCTURA DEL CALENDARIO DE INGRESOS BASE MENSUAL<\/a><\/td><\/tr><tr><td><a href=\"https:\/\/municipiolahuacana.com\/Ley_Disciplina_Financiera\/Normas\/NOR_01_14_005.pdf\">NORMA PARA ESTABLECER LA ESTRUCTURA DEL CALENDARIO DEL PRESUPUESTO DE EGRESOS BASE MENSUAL<\/a><\/td><\/tr><tr><td><a href=\"https:\/\/municipiolahuacana.com\/Ley_Disciplina_Financiera\/Normas\/NOR_01_14_006.pdf\">NORMA PARA ESTABLECER LA ESTRUCTURA DE INFORMACI\u00d3N DE MONTOS PAGADOS POR AYUDAS Y SUBSIDIOS<\/a><\/td><\/tr><tr><td><a href=\"https:\/\/municipiolahuacana.com\/Ley_Disciplina_Financiera\/Normas\/NOR_01_14_007.pdf\">NORMAS PARA ESTABLECER LA ESTRUCTURA DE INFORMACI\u00d3N DEL FORMATO DEL EJERCICIO Y DESTINO DE GASTO FEDERALIZADO Y REINTEGROS<\/a><\/td><\/tr><tr><td><a href=\"https:\/\/municipiolahuacana.com\/Ley_Disciplina_Financiera\/Normas\/NOR_01_14_008.pdf\">NORMA PARA ESTABLECER LA ESTRUCTURA DE LOS FORMATOS DE INFORMACI\u00d3N DE OBLIGACIONES PAGADAS O GARANTIZADAS CON FONDOS FEDERALES<\/a><\/td><\/tr><tr><td><a href=\"https:\/\/municipiolahuacana.com\/Ley_Disciplina_Financiera\/Normas\/NOR_01_14_009.pdf\">NORMA PARA ESTABLECER LA ESTRUCTURA DE INFORMACI\u00d3N DEL FORMATO DE PROGRAMAS CON RECURSOS FEDERALES POR ORDEN DE GOBIERNO<\/a><\/td><\/tr><tr><td><a href=\"https:\/\/municipiolahuacana.com\/Ley_Disciplina_Financiera\/Normas\/NOR_01_14_010.pdf\">NORMA PARA ESTABLECER LA ESTRUCTURA DE INFORMACI\u00d3N DE LA RELACI\u00d3N DE LAS CUENTAS BANCARIAS PRODUCTIVAS ESPEC\u00cdFICAS QUE SE PRESENTAN EN LA CUENTA P\u00daBLICA, EN LAS CUALES SE DEPOSITEN LOS RECURSOS FEDERALES TRANSFERIDOS<\/a><\/td><\/tr><tr><td><a href=\"https:\/\/municipiolahuacana.com\/Ley_Disciplina_Financiera\/Normas\/NOR_01_14_011.pdf\">NORMA PARA ESTABLECER EL FORMATO PARA LA DIFUSI\u00d3N DE LOS RESULTADOS DE LAS EVALUACIONES DE LOS RECURSOS FEDERALES MINISTRADOS A LAS ENTIDADES FEDERATIVAS<\/a><\/td><\/tr><tr><td><a href=\"https:\/\/municipiolahuacana.com\/Ley_Disciplina_Financiera\/Normas\/NOR_01_14_015.pdf\">NORMA PARA ESTABLECER LA ESTRUCTURA DE INFORMACI\u00d3N DEL FORMATO DE APLICACI\u00d3N DE RECURSOS DEL FONDO DE APORTACIONES PARA EL FORTALECIMIENTO DE LOS MUNICIPIOS Y DE LAS DEMARCACIONES TERRITORIALES DEL DISTRITO FEDERAL (FORTAMUN)<\/a><\/td><\/tr><tr><td><a href=\"https:\/\/municipiolahuacana.com\/Ley_Disciplina_Financiera\/Normas\/NOR_01_14_018.pdf\">LINEAMIENTOS DE INFORMACI\u00d3N P\u00daBLICA FINANCIERA PARA EL FONDO DE APORTACIONES PARA LA INFRAESTRUCTURA SOCIAL<\/a><\/td><\/tr><\/tbody><\/table><\/figure>\n","protected":false},"excerpt":{"rendered":"<p>NORMAS NORMA PARA ARMONIZAR LA PRESENTACI\u00d3N DE LA INFORMACI\u00d3N ADICIONAL A LA INICIATIVA DE LA LEY DE INGRESOS NORMA PARA ARMONIZAR LA PRESENTACI\u00d3N DE LA INFORMACI\u00d3N ADICIONAL DEL PROYECTO DEL PRESUPUESTO DE EGRESOS NORMA PARA LA DIFUSI\u00d3N A LA CIUDADANIA DE LA LEY DE INGRESOS Y DEL PRESUPUESTO DE EGRESOS [&hellip;]<\/p>\n","protected":false},"author":1,"featured_media":0,"parent":0,"menu_order":0,"comment_status":"closed","ping_status":"closed","template":"","meta":{"om_disable_all_campaigns":false,"_monsterinsights_skip_tracking":false,"_monsterinsights_sitenote_active":false,"_monsterinsights_sitenote_note":"","_monsterinsights_sitenote_category":0,"footnotes":""},"class_list":["post-1556","page","type-page","status-publish","hentry"],"aioseo_notices":[],"_links":{"self":[{"href":"https:\/\/municipiolahuacana.com\/index.php\/wp-json\/wp\/v2\/pages\/1556","targetHints":{"allow":["GET"]}}],"collection":[{"href":"https:\/\/municipiolahuacana.com\/index.php\/wp-json\/wp\/v2\/pages"}],"about":[{"href":"https:\/\/municipiolahuacana.com\/index.php\/wp-json\/wp\/v2\/types\/page"}],"author":[{"embeddable":true,"href":"https:\/\/municipiolahuacana.com\/index.php\/wp-json\/wp\/v2\/users\/1"}],"replies":[{"embeddable":true,"href":"https:\/\/municipiolahuacana.com\/index.php\/wp-json\/wp\/v2\/comments?post=1556"}],"version-history":[{"count":1,"href":"https:\/\/municipiolahuacana.com\/index.php\/wp-json\/wp\/v2\/pages\/1556\/revisions"}],"predecessor-version":[{"id":1558,"href":"https:\/\/municipiolahuacana.com\/index.php\/wp-json\/wp\/v2\/pages\/1556\/revisions\/1558"}],"wp:attachment":[{"href":"https:\/\/municipiolahuacana.com\/index.php\/wp-json\/wp\/v2\/media?parent=1556"}],"curies":[{"name":"wp","href":"https:\/\/api.w.org\/{rel}","templated":true}]}}