{"id":1463,"date":"2025-08-15T01:11:39","date_gmt":"2025-08-15T06:11:39","guid":{"rendered":"https:\/\/municipiolahuacana.com\/?page_id=1463"},"modified":"2025-08-15T01:14:22","modified_gmt":"2025-08-15T06:14:22","slug":"capam-ldf-2do-trimestre-2025-2","status":"publish","type":"page","link":"https:\/\/municipiolahuacana.com\/index.php\/capam-ldf-2do-trimestre-2025-2\/","title":{"rendered":"CAPAM \u2013 LDF 2do Trimestre 2025"},"content":{"rendered":"\n<figure class=\"wp-block-table is-style-stripes\"><table class=\"has-fixed-layout\"><tbody><tr><td><a href=\"https:\/\/www.municipiolahuacana.com\/capam\/Ley_Dis_Fin\/2025\/2do_Trim\/1..Estado%20de%20Situacion%20Financiera%20Detallado.PDF\" title=\"\">1.- Estado de Situaci\u00f3n Financiera Detallado<\/a><\/td><\/tr><tr><td><a href=\"https:\/\/www.municipiolahuacana.com\/capam\/Ley_Dis_Fin\/2025\/2do_Trim\/2.-Informe%20Analitico%20de%20la%20Deuda%20Publica%20y%20Otros%20Pasivos.PDF\" title=\"\">2.- Informe Anal\u00edtico de la Deuda Publica y Otros Pasivos<\/a><\/td><\/tr><tr><td><a href=\"https:\/\/www.municipiolahuacana.com\/capam\/Ley_Dis_Fin\/2025\/2do_Trim\/3.-Informe%20Analitico%20de%20Obligaciones%20Diferentes%20de%20Financiamientos.PDF\" title=\"\">3.- Informe Anal\u00edtico de Obligaciones Diferentes de Financiamientos<\/a><\/td><\/tr><tr><td><a href=\"https:\/\/www.municipiolahuacana.com\/capam\/Ley_Dis_Fin\/2025\/2do_Trim\/4.-Balance%20Presupuestario.PDF\" title=\"\">4.- Balance Presupuestario<\/a><\/td><\/tr><tr><td><a href=\"https:\/\/www.municipiolahuacana.com\/capam\/Ley_Dis_Fin\/2025\/2do_Trim\/5.-Estado%20Analitico%20de%20Ingresos%20Detallado.PDF\" title=\"\">5.- Estado Anal\u00edtico de Ingresos Detallado<\/a><\/td><\/tr><tr><td><a href=\"https:\/\/www.municipiolahuacana.com\/capam\/Ley_Dis_Fin\/2025\/2do_Trim\/6a.-Estado%20Analitico%20del%20Ejercicio%20del%20Presupuesto%20de%20Egresos%20Detallado%2C%20Por%20Objeto%20del%20Gasto.PDF\" title=\"\">6a.- Estado Anal\u00edtico del Ejercicio del Presupuesto de Egresos Detallado, Por Objeto del Gasto<\/a><\/td><\/tr><tr><td><a href=\"https:\/\/www.municipiolahuacana.com\/capam\/Ley_Dis_Fin\/2025\/2do_Trim\/6b.-Estado%20Analitico%20del%20Ejercicio%20del%20Presupuesto%20de%20Egresos%20Detallado%2C%20Administrativa.PDF\" title=\"\">6b.- Estado Anal\u00edtico del Ejercicio del Presupuesto de Egresos Detallado, Administrativa<\/a><\/td><\/tr><tr><td><a href=\"https:\/\/www.municipiolahuacana.com\/capam\/Ley_Dis_Fin\/2025\/2do_Trim\/6c.-Estado%20Analitico%20del%20Ejercicio%20del%20Presupuesto%20de%20Egresos%20Detallado%2C%20Funcional.PDF\" title=\"\">6c.- Estado Anal\u00edtico del Ejercicio del Presupuesto de Egresos Detallado, Funcional<\/a><\/td><\/tr><tr><td><a href=\"https:\/\/www.municipiolahuacana.com\/capam\/Ley_Dis_Fin\/2025\/2do_Trim\/6d.-Estado%20Analitico%20del%20Ejercicio%20del%20Presupuesto%20de%20Egresos%20Detallado%2C%20Servicios%20Personales%20por%20categoria.PDF\" title=\"\">6d.- Estado Anal\u00edtico del Ejercicio del Presupuesto de Egresos Detallado, Servicios Personales por categor\u00eda<\/a><\/td><\/tr><tr><td><a href=\"https:\/\/www.municipiolahuacana.com\/capam\/Ley_Dis_Fin\/2025\/2do_Trim\/7a.-Proyecciones%20de%20Ingresos.PDF\" title=\"\">7a.- Proyecciones de Ingresos<\/a><\/td><\/tr><tr><td><a href=\"https:\/\/www.municipiolahuacana.com\/capam\/Ley_Dis_Fin\/2025\/2do_Trim\/7b.-Proyecciones%20de%20Egresos.PDF\" title=\"\">7b.- Proyecciones de Egresos<\/a><\/td><\/tr><tr><td><a href=\"https:\/\/www.municipiolahuacana.com\/capam\/Ley_Dis_Fin\/2025\/2do_Trim\/7c.-Resultado%20de%20Ingresos.PDF\" title=\"\">7c.- Resultado de Ingresos<\/a><\/td><\/tr><tr><td><a href=\"https:\/\/www.municipiolahuacana.com\/capam\/Ley_Dis_Fin\/2025\/2do_Trim\/7d.-Resultado%20de%20Egresos.PDF\" title=\"\">7d.- Resultado de Egresos<\/a><\/td><\/tr><\/tbody><\/table><\/figure>\n\n","protected":false},"excerpt":{"rendered":"<p>1.- Estado de Situaci\u00f3n Financiera Detallado 2.- Informe Anal\u00edtico de la Deuda Publica y Otros Pasivos 3.- Informe Anal\u00edtico de Obligaciones Diferentes de Financiamientos 4.- Balance Presupuestario 5.- Estado Anal\u00edtico de Ingresos Detallado 6a.- Estado Anal\u00edtico del Ejercicio del Presupuesto de Egresos Detallado, Por Objeto del Gasto 6b.- Estado Anal\u00edtico [&hellip;]<\/p>\n","protected":false},"author":1,"featured_media":0,"parent":0,"menu_order":0,"comment_status":"closed","ping_status":"closed","template":"","meta":{"om_disable_all_campaigns":false,"_monsterinsights_skip_tracking":false,"_monsterinsights_sitenote_active":false,"_monsterinsights_sitenote_note":"","_monsterinsights_sitenote_category":0,"footnotes":""},"class_list":["post-1463","page","type-page","status-publish","hentry"],"aioseo_notices":[],"_links":{"self":[{"href":"https:\/\/municipiolahuacana.com\/index.php\/wp-json\/wp\/v2\/pages\/1463","targetHints":{"allow":["GET"]}}],"collection":[{"href":"https:\/\/municipiolahuacana.com\/index.php\/wp-json\/wp\/v2\/pages"}],"about":[{"href":"https:\/\/municipiolahuacana.com\/index.php\/wp-json\/wp\/v2\/types\/page"}],"author":[{"embeddable":true,"href":"https:\/\/municipiolahuacana.com\/index.php\/wp-json\/wp\/v2\/users\/1"}],"replies":[{"embeddable":true,"href":"https:\/\/municipiolahuacana.com\/index.php\/wp-json\/wp\/v2\/comments?post=1463"}],"version-history":[{"count":3,"href":"https:\/\/municipiolahuacana.com\/index.php\/wp-json\/wp\/v2\/pages\/1463\/revisions"}],"predecessor-version":[{"id":1468,"href":"https:\/\/municipiolahuacana.com\/index.php\/wp-json\/wp\/v2\/pages\/1463\/revisions\/1468"}],"wp:attachment":[{"href":"https:\/\/municipiolahuacana.com\/index.php\/wp-json\/wp\/v2\/media?parent=1463"}],"curies":[{"name":"wp","href":"https:\/\/api.w.org\/{rel}","templated":true}]}}