{"id":1453,"date":"2025-08-15T00:49:11","date_gmt":"2025-08-15T05:49:11","guid":{"rendered":"https:\/\/municipiolahuacana.com\/?page_id=1453"},"modified":"2025-08-15T00:57:11","modified_gmt":"2025-08-15T05:57:11","slug":"capam-conac-2do-trimestre-2025","status":"publish","type":"page","link":"https:\/\/municipiolahuacana.com\/index.php\/capam-conac-2do-trimestre-2025\/","title":{"rendered":"CAPAM \u2013 CONAC 2do Trimestre 2025"},"content":{"rendered":"\n<figure class=\"wp-block-table is-style-stripes\"><table class=\"has-fixed-layout\"><tbody><tr><td><a href=\"https:\/\/www.municipiolahuacana.com\/capam\/CONAC\/2025\/2do_Trim\/1.-Estado%20de%20actividades.PDF\" title=\"\">1.- Estado de actividades<\/a><\/td><\/tr><tr><td><a href=\"https:\/\/www.municipiolahuacana.com\/capam\/CONAC\/2025\/2do_Trim\/2.-Estado%20de%20Situacion%20Financiera.PDF\" title=\"\">2.- Estado de Situaci\u00f3n Financiera<\/a><\/td><\/tr><tr><td><a href=\"https:\/\/www.municipiolahuacana.com\/capam\/CONAC\/2025\/2do_Trim\/3.-Estado%20de%20Variacion%20en%20la%20Hacienda%20Publica.PDF\" title=\"\">3.- Estado de Variaci\u00f3n en la Hacienda Publica<\/a><\/td><\/tr><tr><td><a href=\"https:\/\/www.municipiolahuacana.com\/capam\/CONAC\/2025\/2do_Trim\/4.-Estado%20de%20Cambios%20en%20la%20Situacion%20Financiera.PDF\" title=\"\">4.- Estado de Cambios en la Situaci\u00f3n Financiera<\/a><\/td><\/tr><tr><td><a href=\"https:\/\/www.municipiolahuacana.com\/capam\/CONAC\/2025\/2do_Trim\/5.-Estado%20de%20Flujos%20de%20Efectivo.PDF\" title=\"\">5.- Estado de Flujos de Efectivo<\/a><\/td><\/tr><tr><td><a href=\"https:\/\/www.municipiolahuacana.com\/capam\/CONAC\/2025\/2do_Trim\/6.-Estado%20Analitico%20de%20Activo.PDF\" title=\"\">6.- Estado Analitico de Activo<\/a><\/td><\/tr><tr><td><a href=\"https:\/\/www.municipiolahuacana.com\/capam\/CONAC\/2025\/2do_Trim\/7.-Estado%20Analitico%20de%20la%20Deuda%20y%20otros%20Pasivos.PDF\" title=\"\">7.- Estado Anal\u00edtico de la Deuda y otros Pasivos<\/a><\/td><\/tr><tr><td><a href=\"https:\/\/www.municipiolahuacana.com\/capam\/CONAC\/2025\/2do_Trim\/8.-Informe%20sobre%20Pasivos%20Contingentes.PDF\" title=\"\">8.- Informe sobre Pasivos Contingentes<\/a><\/td><\/tr><tr><td><a href=\"https:\/\/www.municipiolahuacana.com\/capam\/CONAC\/2025\/2do_Trim\/9.-Notas%20a%20los%20Estados%20Financieros.PDF\" title=\"\">9.- Notas a los Estados Financieros<\/a><\/td><\/tr><tr><td><a href=\"https:\/\/www.municipiolahuacana.com\/capam\/CONAC\/2025\/2do_Trim\/10.-Estado%20Analitico%20de%20Ingresos.PDF\" title=\"\">10.- Estado Analitico de Ingresos<\/a><\/td><\/tr><tr><td><a href=\"https:\/\/www.municipiolahuacana.com\/capam\/CONAC\/2025\/2do_Trim\/11.-Estado%20analitico%20del%20Ejercicio%20del%20Presupuesto%20de%20Egresos%20con%20base%20en%20la%20Clasificacion%20Administrativa.PDF\" title=\"\">11.- Estado anal\u00edtico del Ejercicio del Presupuesto de Egresos con base en la Clasificaci\u00f3n Administrativa<\/a><\/td><\/tr><tr><td><a href=\"https:\/\/www.municipiolahuacana.com\/capam\/CONAC\/2025\/2do_Trim\/12.-Estado%20Analitico%20del%20Ejercicio%20del%20Presupuesto%20de%20Egresos%20con%20base%20en%20la%20Clasificacion%20Economica%20%28por%20tipo%20de%20gasto%29.PDF\" title=\"\">12.- Estado Anal\u00edtico del Ejercicio del Presupuesto de Egresos con base en la Clasificaci\u00f3n Econ\u00f3mica (por tipo de gasto)<\/a><\/td><\/tr><tr><td><a href=\"https:\/\/www.municipiolahuacana.com\/capam\/CONAC\/2025\/2do_Trim\/13.-Estado%20Analitico%20del%20Ejercicio%20del%20Presupuesto%20de%20Egresos%20con%20base%20en%20la%20Clasificacion%20por%20Objeto%20del%20Gasto.PDF\" title=\"\">13.- Estado Anal\u00edtico del Ejercicio del Presupuesto de Egresos con base en la Clasificaci\u00f3n por Objeto del Gasto<\/a><\/td><\/tr><tr><td><a href=\"https:\/\/www.municipiolahuacana.com\/capam\/CONAC\/2025\/2do_Trim\/14.-Estado%20Analitico%20del%20Ejercicio%20del%20Presupuesto%20de%20Egresos%20con%20base%20en%20la%20Clasificacion%20Funcional.PDF\" title=\"\">14.- Estado Anal\u00edtico del Ejercicio del Presupuesto de Egresos con base en la Clasificaci\u00f3n Funcional<\/a><\/td><\/tr><tr><td><a href=\"https:\/\/www.municipiolahuacana.com\/capam\/CONAC\/2025\/2do_Trim\/15.-Endeudamiento%20Neto.PDF\" title=\"\">15.- Endeudamiento Neto<\/a><\/td><\/tr><tr><td><a href=\"https:\/\/www.municipiolahuacana.com\/capam\/CONAC\/2025\/2do_Trim\/16.-Intereses%20de%20la%20Deuda.PDF\" title=\"\">16.- Intereses de la Deuda<\/a><\/td><\/tr><tr><td><a href=\"https:\/\/www.municipiolahuacana.com\/capam\/CONAC\/2025\/2do_Trim\/17.-Gasto%20por%20Categoria%20Programatica.PDF\" title=\"\">17.- Gasto por Categoria Programatica<\/a><\/td><\/tr><tr><td><a href=\"https:\/\/www.municipiolahuacana.com\/capam\/CONAC\/2025\/2do_Trim\/18.-Indicadores%20de%20Postura%20Fiscal.PDF\" title=\"\">18.- Indicadores de Postura Fiscal<\/a><\/td><\/tr><tr><td><a href=\"https:\/\/www.municipiolahuacana.com\/capam\/CONAC\/2025\/2do_Trim\/19.-Programa%20y%20proyectos%20de%20inversion.pdf\" title=\"\">19.- Programa y proyectos de inversi\u00f3n<\/a><\/td><\/tr><\/tbody><\/table><\/figure>\n\n\n\n<p><\/p>\n\n","protected":false},"excerpt":{"rendered":"<p>1.- Estado de actividades 2.- Estado de Situaci\u00f3n Financiera 3.- Estado de Variaci\u00f3n en la Hacienda Publica 4.- Estado de Cambios en la Situaci\u00f3n Financiera 5.- Estado de Flujos de Efectivo 6.- Estado Analitico de Activo 7.- Estado Anal\u00edtico de la Deuda y otros Pasivos 8.- Informe sobre Pasivos Contingentes [&hellip;]<\/p>\n","protected":false},"author":1,"featured_media":0,"parent":0,"menu_order":0,"comment_status":"closed","ping_status":"closed","template":"","meta":{"om_disable_all_campaigns":false,"_monsterinsights_skip_tracking":false,"_monsterinsights_sitenote_active":false,"_monsterinsights_sitenote_note":"","_monsterinsights_sitenote_category":0,"footnotes":""},"class_list":["post-1453","page","type-page","status-publish","hentry"],"aioseo_notices":[],"_links":{"self":[{"href":"https:\/\/municipiolahuacana.com\/index.php\/wp-json\/wp\/v2\/pages\/1453","targetHints":{"allow":["GET"]}}],"collection":[{"href":"https:\/\/municipiolahuacana.com\/index.php\/wp-json\/wp\/v2\/pages"}],"about":[{"href":"https:\/\/municipiolahuacana.com\/index.php\/wp-json\/wp\/v2\/types\/page"}],"author":[{"embeddable":true,"href":"https:\/\/municipiolahuacana.com\/index.php\/wp-json\/wp\/v2\/users\/1"}],"replies":[{"embeddable":true,"href":"https:\/\/municipiolahuacana.com\/index.php\/wp-json\/wp\/v2\/comments?post=1453"}],"version-history":[{"count":5,"href":"https:\/\/municipiolahuacana.com\/index.php\/wp-json\/wp\/v2\/pages\/1453\/revisions"}],"predecessor-version":[{"id":1462,"href":"https:\/\/municipiolahuacana.com\/index.php\/wp-json\/wp\/v2\/pages\/1453\/revisions\/1462"}],"wp:attachment":[{"href":"https:\/\/municipiolahuacana.com\/index.php\/wp-json\/wp\/v2\/media?parent=1453"}],"curies":[{"name":"wp","href":"https:\/\/api.w.org\/{rel}","templated":true}]}}