{"id":1440,"date":"2025-08-11T11:17:45","date_gmt":"2025-08-11T16:17:45","guid":{"rendered":"https:\/\/municipiolahuacana.com\/?page_id=1440"},"modified":"2025-08-11T11:21:54","modified_gmt":"2025-08-11T16:21:54","slug":"dif-conac-2do-trimestre-2025","status":"publish","type":"page","link":"https:\/\/municipiolahuacana.com\/index.php\/dif-conac-2do-trimestre-2025\/","title":{"rendered":"DIF \u2013 CONAC 2DO TRIMESTRE 2025"},"content":{"rendered":"\n<figure class=\"wp-block-table is-style-stripes\"><table class=\"has-fixed-layout\"><tbody><tr><td><a href=\"https:\/\/www.municipiolahuacana.com\/DIF\/2025\/CONAC\/2do_Trim\/1.-%20Estado%20de%20actividades.pdf\" title=\"\">1.- Estado de actividades<\/a><\/td><\/tr><tr><td><a href=\"https:\/\/www.municipiolahuacana.com\/DIF\/2025\/CONAC\/2do_Trim\/2.-%20Estado%20de%20situacion%20financiera.pdf\" title=\"\">2.- Estado de situaci\u00f3n financiera<\/a><\/td><\/tr><tr><td><a href=\"https:\/\/www.municipiolahuacana.com\/DIF\/2025\/CONAC\/2do_Trim\/3.-%20Estado%20de%20variacion%20en%20la%20hacienda%20publica.pdf\" title=\"\">3.- Estado de variacion en la hacienda p\u00fablica<\/a><\/td><\/tr><tr><td><a href=\"https:\/\/www.municipiolahuacana.com\/DIF\/2025\/CONAC\/2do_Trim\/4.-%20Estado%20de%20cambio%20en%20la%20situacion%20financiera.pdf\" title=\"\">4.- Estado de cambio en la situaci\u00f3n financiera<\/a><\/td><\/tr><tr><td><a href=\"https:\/\/www.municipiolahuacana.com\/DIF\/2025\/CONAC\/2do_Trim\/5.-%20Estado%20de%20flijo%20de%20efectivo.pdf\" title=\"\">5.- Estado de flujo de efectivo<\/a><\/td><\/tr><tr><td><a href=\"https:\/\/www.municipiolahuacana.com\/DIF\/2025\/CONAC\/2do_Trim\/6.-%20Estado%20analitico%20del%20activo.pdf\" title=\"\">6.- Estado analitico del activo<\/a><\/td><\/tr><tr><td><a href=\"https:\/\/www.municipiolahuacana.com\/DIF\/2025\/CONAC\/2do_Trim\/7.-Estado%20analitico%20de%20la%20deuda%20y%20otros%20pasivos.pdf\" title=\"\">7.- Estado analitico de la deuda y otros pasivos<\/a><\/td><\/tr><tr><td><a href=\"https:\/\/www.municipiolahuacana.com\/DIF\/2025\/CONAC\/2do_Trim\/8.-%20Informe%20sobre%20el%20pasivo%20contingente.pdf\" title=\"\">8.- Informe sobre el pasivo contingente<\/a><\/td><\/tr><tr><td><a href=\"https:\/\/www.municipiolahuacana.com\/DIF\/2025\/CONAC\/2do_Trim\/9.-%20NOTAS%20ESTADOS%20FINANCIEROS%20CODIF.pdf\" title=\"\">9.- NOTAS ESTADOS FINANCIEROS CODIF<\/a><\/td><\/tr><tr><td><a href=\"https:\/\/www.municipiolahuacana.com\/DIF\/2025\/CONAC\/2do_Trim\/10.-%20Estado%20analitico%20de%20ingresos.pdf\" title=\"\">10.- Estado analitico de ingresos<\/a><\/td><\/tr><tr><td><a href=\"https:\/\/www.municipiolahuacana.com\/DIF\/2025\/CONAC\/2do_Trim\/11.-Egresos%20por%20clasificacion%20admistritativa.pdf\" title=\"\">11.- Egresos por clasificaci\u00f3n administrativa<\/a><\/td><\/tr><tr><td><a href=\"https:\/\/www.municipiolahuacana.com\/DIF\/2025\/CONAC\/2do_Trim\/12.-%20Egresos%20por%20clasificacion%20economica%20%28%20por%20tipo%20de%20gasto%20%29.pdf\" title=\"\">12.- Egresos por clasificaci\u00f3n econ\u00f3mica ( por tipo de gasto )<\/a><\/td><\/tr><tr><td><a href=\"https:\/\/www.municipiolahuacana.com\/DIF\/2025\/CONAC\/2do_Trim\/13.-%20Egresos%20por%20clasificacion%20por%20objeto%20de%20gasto.pdf\" title=\"\">13.- Egresos por clasificaci\u00f3n por objeto de gasto<\/a><\/td><\/tr><tr><td><a href=\"https:\/\/www.municipiolahuacana.com\/DIF\/2025\/CONAC\/2do_Trim\/14.-%20Egresos%20por%20clasificacion%20funcional.pdf\" title=\"\">14.- Egresos por clasificaci\u00f3n funcional<\/a><\/td><\/tr><tr><td><a href=\"https:\/\/www.municipiolahuacana.com\/DIF\/2025\/CONAC\/2do_Trim\/15.-%20Endeudamiento%20Neto.pdf\" title=\"\">15.- Endeudamiento Neto<\/a><\/td><\/tr><tr><td><a href=\"https:\/\/www.municipiolahuacana.com\/DIF\/2025\/CONAC\/2do_Trim\/16.-%20Intereses%20de%20la%20Deuda.pdf\" title=\"\">16.- Intereses de la Deuda<\/a><\/td><\/tr><tr><td><a href=\"https:\/\/www.municipiolahuacana.com\/DIF\/2025\/CONAC\/2do_Trim\/17.-%20Gasto%20por%20categoria%20Programatica.pdf\" title=\"\">17.- Gasto por categoria Programatica<\/a><\/td><\/tr><tr><td><a href=\"https:\/\/www.municipiolahuacana.com\/DIF\/2025\/CONAC\/2do_Trim\/18.-%20Indicadores%20de%20postura%20fiscal.pdf\" title=\"\">18.- Indicadores de postura fiscal<\/a><\/td><\/tr><tr><td><a href=\"https:\/\/www.municipiolahuacana.com\/DIF\/2025\/CONAC\/2do_Trim\/19.-%20Programas%20y%20proyectos%20de%20inversion.pdf\" title=\"\">19.- Programas y proyectos de inversion<\/a><\/td><\/tr><tr><td><a href=\"https:\/\/www.municipiolahuacana.com\/DIF\/2025\/CONAC\/2do_Trim\/20.-%20Inventario%20de%20bienes%20inmuebles.pdf\" title=\"\">20.- Inventario de bienes inmuebles<\/a><\/td><\/tr><\/tbody><\/table><\/figure>\n\n","protected":false},"excerpt":{"rendered":"<p>1.- Estado de actividades 2.- Estado de situaci\u00f3n financiera 3.- Estado de variacion en la hacienda p\u00fablica 4.- Estado de cambio en la situaci\u00f3n financiera 5.- Estado de flujo de efectivo 6.- Estado analitico del activo 7.- Estado analitico de la deuda y otros pasivos 8.- Informe sobre el pasivo [&hellip;]<\/p>\n","protected":false},"author":1,"featured_media":0,"parent":0,"menu_order":0,"comment_status":"closed","ping_status":"closed","template":"","meta":{"om_disable_all_campaigns":false,"_monsterinsights_skip_tracking":false,"_monsterinsights_sitenote_active":false,"_monsterinsights_sitenote_note":"","_monsterinsights_sitenote_category":0,"footnotes":""},"class_list":["post-1440","page","type-page","status-publish","hentry"],"aioseo_notices":[],"_links":{"self":[{"href":"https:\/\/municipiolahuacana.com\/index.php\/wp-json\/wp\/v2\/pages\/1440","targetHints":{"allow":["GET"]}}],"collection":[{"href":"https:\/\/municipiolahuacana.com\/index.php\/wp-json\/wp\/v2\/pages"}],"about":[{"href":"https:\/\/municipiolahuacana.com\/index.php\/wp-json\/wp\/v2\/types\/page"}],"author":[{"embeddable":true,"href":"https:\/\/municipiolahuacana.com\/index.php\/wp-json\/wp\/v2\/users\/1"}],"replies":[{"embeddable":true,"href":"https:\/\/municipiolahuacana.com\/index.php\/wp-json\/wp\/v2\/comments?post=1440"}],"version-history":[{"count":3,"href":"https:\/\/municipiolahuacana.com\/index.php\/wp-json\/wp\/v2\/pages\/1440\/revisions"}],"predecessor-version":[{"id":1446,"href":"https:\/\/municipiolahuacana.com\/index.php\/wp-json\/wp\/v2\/pages\/1440\/revisions\/1446"}],"wp:attachment":[{"href":"https:\/\/municipiolahuacana.com\/index.php\/wp-json\/wp\/v2\/media?parent=1440"}],"curies":[{"name":"wp","href":"https:\/\/api.w.org\/{rel}","templated":true}]}}