{"id":1402,"date":"2025-05-16T02:04:54","date_gmt":"2025-05-16T07:04:54","guid":{"rendered":"https:\/\/municipiolahuacana.com\/?page_id=1402"},"modified":"2025-05-16T02:08:09","modified_gmt":"2025-05-16T07:08:09","slug":"dif-conac-1er-trimestre-2025","status":"publish","type":"page","link":"https:\/\/municipiolahuacana.com\/index.php\/dif-conac-1er-trimestre-2025\/","title":{"rendered":"DIF \u2013 CONAC 1ER TRIMESTRE 2025"},"content":{"rendered":"\n<figure class=\"wp-block-table is-style-stripes\"><table class=\"has-fixed-layout\"><tbody><tr><td><a href=\"https:\/\/www.municipiolahuacana.com\/DIF\/2025\/CONAC\/1er_Trim\/1.-%20Estado%20de%20Actividades.pdf\" title=\"\">1.- Estado de Actividades<\/a><\/td><\/tr><tr><td><a href=\"https:\/\/www.municipiolahuacana.com\/DIF\/2025\/CONAC\/1er_Trim\/2.-%20Estado%20de%20situacion%20Financiera.pdf\" title=\"\">2.- Estado de situaci\u00f3n Financiera<\/a><\/td><\/tr><tr><td><a href=\"https:\/\/www.municipiolahuacana.com\/DIF\/2025\/CONAC\/1er_Trim\/3.-%20Estado%20de%20variacion%20en%20la%20%20Hacienda%20publica.pdf\" title=\"\">3.- Estado de variaci\u00f3n en la Hacienda publica<\/a><\/td><\/tr><tr><td><a href=\"https:\/\/www.municipiolahuacana.com\/DIF\/2025\/CONAC\/1er_Trim\/4.-%20Estado%20de%20cambios%20en%20la%20Situacion%20Financiera.pdf\" title=\"\">4.- Estado de cambios en la Situaci\u00f3n Financiera<\/a><\/td><\/tr><tr><td><a href=\"https:\/\/www.municipiolahuacana.com\/DIF\/2025\/CONAC\/1er_Trim\/5.-%20Estado%20de%20Flujo%20de%20efectivo.pdf\" title=\"\">5.- Estado de Flujo de efectivo<\/a><\/td><\/tr><tr><td><a href=\"https:\/\/www.municipiolahuacana.com\/DIF\/2025\/CONAC\/1er_Trim\/6.-%20Estado%20Analitico%20del%20activo.pdf\" title=\"\">6.- Estado Anal\u00edtico del activo<\/a><\/td><\/tr><tr><td><a href=\"https:\/\/www.municipiolahuacana.com\/DIF\/2025\/CONAC\/1er_Trim\/7.-%20Estado%20Analitico%20de%20la%20deuda%20y%20otros%20pasivos.pdf\" title=\"\">7.- Estado Anal\u00edtico de la deuda y otros pasivos<\/a><\/td><\/tr><tr><td><a href=\"https:\/\/www.municipiolahuacana.com\/DIF\/2025\/CONAC\/1er_Trim\/8.-%20Informe%20sobre%20el%20pasivo%20contingente.pdf\" title=\"\">8.- Informe sobre el pasivo contingente<\/a><\/td><\/tr><tr><td><a href=\"https:\/\/www.municipiolahuacana.com\/DIF\/2025\/CONAC\/1er_Trim\/9.-%20Notas%20a%20los%20Estados%20Financieros%20CODIF.pdf\" title=\"\">9.- Notas a los Estados Financieros CODIF<\/a><\/td><\/tr><tr><td><a href=\"https:\/\/www.municipiolahuacana.com\/DIF\/2025\/CONAC\/1er_Trim\/10.-%20Estado%20Analitico%20de%20ingresos.pdf\" title=\"\">10.- Estado Anal\u00edtico de ingresos<\/a><\/td><\/tr><tr><td><a href=\"https:\/\/www.municipiolahuacana.com\/DIF\/2025\/CONAC\/1er_Trim\/11.-%20Egresos%20por%20Clasificacion%20Administrativa.pdf\" title=\"\">11.- Egresos por Clasificaci\u00f3n Administrativa<\/a><\/td><\/tr><tr><td><a href=\"https:\/\/www.municipiolahuacana.com\/DIF\/2025\/CONAC\/1er_Trim\/12.-%20Egresos%20por%20Clasificacion%20Economica.pdf\" title=\"\">12.- Egresos por Clasificaci\u00f3n Econ\u00f3mica<\/a><\/td><\/tr><tr><td><a href=\"https:\/\/www.municipiolahuacana.com\/DIF\/2025\/CONAC\/1er_Trim\/13.-%20Egresos%20por%20clasificaci%C3%B3n%20por%20objeto%20del%20gasto.pdf\" title=\"\">13.- Egresos por clasificaci\u00f3n por objeto del gasto<\/a><\/td><\/tr><tr><td><a href=\"https:\/\/www.municipiolahuacana.com\/DIF\/2025\/CONAC\/1er_Trim\/14.-%20Egresos%20por%20Clasificacion%20Funcional.pdf\" title=\"\">14.- Egresos por Clasificaci\u00f3n Funcional<\/a><\/td><\/tr><tr><td><a href=\"https:\/\/www.municipiolahuacana.com\/DIF\/2025\/CONAC\/1er_Trim\/15.-%20Endeudamiento%20neto.pdf\" title=\"\">15.- Endeudamiento neto<\/a><\/td><\/tr><tr><td><a href=\"https:\/\/www.municipiolahuacana.com\/DIF\/2025\/CONAC\/1er_Trim\/16.intereses%20de%20la%20deuda-.pdf\" title=\"\">16.- intereses de la deuda<\/a><\/td><\/tr><tr><td><a href=\"https:\/\/www.municipiolahuacana.com\/DIF\/2025\/CONAC\/1er_Trim\/17.-%20Gasto%20por%20categoria%20programatica.pdf\" title=\"\">17.- Gasto por categor\u00eda program\u00e1tica<\/a><\/td><\/tr><tr><td><a href=\"https:\/\/www.municipiolahuacana.com\/DIF\/2025\/CONAC\/1er_Trim\/18.-%20Indicadores%20de%20postura%20fiscal.pdf\" title=\"\">18.- Indicadores de postura fiscal<\/a><\/td><\/tr><tr><td><a href=\"https:\/\/www.municipiolahuacana.com\/DIF\/2025\/CONAC\/1er_Trim\/19.-%20Programa%20y%20proyectos.pdf\" title=\"\">19.- Programa y proyectos<\/a><\/td><\/tr><\/tbody><\/table><\/figure>\n\n","protected":false},"excerpt":{"rendered":"<p>1.- Estado de Actividades 2.- Estado de situaci\u00f3n Financiera 3.- Estado de variaci\u00f3n en la Hacienda publica 4.- Estado de cambios en la Situaci\u00f3n Financiera 5.- Estado de Flujo de efectivo 6.- Estado Anal\u00edtico del activo 7.- Estado Anal\u00edtico de la deuda y otros pasivos 8.- Informe sobre el pasivo [&hellip;]<\/p>\n","protected":false},"author":1,"featured_media":0,"parent":0,"menu_order":0,"comment_status":"closed","ping_status":"closed","template":"","meta":{"om_disable_all_campaigns":false,"_monsterinsights_skip_tracking":false,"_monsterinsights_sitenote_active":false,"_monsterinsights_sitenote_note":"","_monsterinsights_sitenote_category":0,"footnotes":""},"class_list":["post-1402","page","type-page","status-publish","hentry"],"aioseo_notices":[],"_links":{"self":[{"href":"https:\/\/municipiolahuacana.com\/index.php\/wp-json\/wp\/v2\/pages\/1402","targetHints":{"allow":["GET"]}}],"collection":[{"href":"https:\/\/municipiolahuacana.com\/index.php\/wp-json\/wp\/v2\/pages"}],"about":[{"href":"https:\/\/municipiolahuacana.com\/index.php\/wp-json\/wp\/v2\/types\/page"}],"author":[{"embeddable":true,"href":"https:\/\/municipiolahuacana.com\/index.php\/wp-json\/wp\/v2\/users\/1"}],"replies":[{"embeddable":true,"href":"https:\/\/municipiolahuacana.com\/index.php\/wp-json\/wp\/v2\/comments?post=1402"}],"version-history":[{"count":3,"href":"https:\/\/municipiolahuacana.com\/index.php\/wp-json\/wp\/v2\/pages\/1402\/revisions"}],"predecessor-version":[{"id":1407,"href":"https:\/\/municipiolahuacana.com\/index.php\/wp-json\/wp\/v2\/pages\/1402\/revisions\/1407"}],"wp:attachment":[{"href":"https:\/\/municipiolahuacana.com\/index.php\/wp-json\/wp\/v2\/media?parent=1402"}],"curies":[{"name":"wp","href":"https:\/\/api.w.org\/{rel}","templated":true}]}}