{"id":1396,"date":"2025-05-16T01:55:22","date_gmt":"2025-05-16T06:55:22","guid":{"rendered":"https:\/\/municipiolahuacana.com\/?page_id=1396"},"modified":"2025-05-16T01:59:49","modified_gmt":"2025-05-16T06:59:49","slug":"dif-ldf-1er-trimestre-2025","status":"publish","type":"page","link":"https:\/\/municipiolahuacana.com\/index.php\/dif-ldf-1er-trimestre-2025\/","title":{"rendered":"DIF \u2013 LDF 1ER TRIMESTRE 2025"},"content":{"rendered":"\n<figure class=\"wp-block-table is-style-stripes\"><table class=\"has-fixed-layout\"><tbody><tr><td><a href=\"https:\/\/www.municipiolahuacana.com\/DIF\/2025\/Ley_Dis_Fin\/1er_Trim\/1.-%20Estado%20de%20situacion%20Financiera%20detallado.pdf\" title=\"\">1.- Estado de situaci\u00f3n Financiera detallado<\/a><\/td><\/tr><tr><td><a href=\"https:\/\/www.municipiolahuacana.com\/DIF\/2025\/Ley_Dis_Fin\/1er_Trim\/2.-%20Informe%20analitico%20de%20la%20deuda%20publica.pdf\" title=\"\">2.- Informe anal\u00edtico de la deuda publica<\/a><\/td><\/tr><tr><td><a href=\"https:\/\/www.municipiolahuacana.com\/DIF\/2025\/Ley_Dis_Fin\/1er_Trim\/3.-%20Informe%20analitico%20de%20obligaciones%20diferentes.pdf\" title=\"\">3.- Informe anal\u00edtico de obligaciones diferentes<\/a><\/td><\/tr><tr><td><a href=\"https:\/\/www.municipiolahuacana.com\/DIF\/2025\/Ley_Dis_Fin\/1er_Trim\/4.-%20Balance%20presupuestario.pdf\" title=\"\">4.- Balance presupuestario<\/a><\/td><\/tr><tr><td><a href=\"https:\/\/www.municipiolahuacana.com\/DIF\/2025\/Ley_Dis_Fin\/1er_Trim\/5.-%20Estado%20analitico%20de%20ingreso%20detallado.pdf\" title=\"\">5.- Estado anal\u00edtico de ingreso detallado<\/a><\/td><\/tr><tr><td><a href=\"https:\/\/www.municipiolahuacana.com\/DIF\/2025\/Ley_Dis_Fin\/1er_Trim\/6a.-%20Estado%20analitico%20del%20ejercicio%20del%20presupuesto%20%20por%20Objeto%20de%20gasto.pdf\" title=\"\">6a.- Estado anal\u00edtico del ejercicio del presupuesto por Objeto de gasto<\/a><\/td><\/tr><tr><td><a href=\"https:\/\/www.municipiolahuacana.com\/DIF\/2025\/Ley_Dis_Fin\/1er_Trim\/6b.-%20Estado%20analitico%20del%20ejercicio%20Clasificacion%20administrativa.pdf\" title=\"\">6b.- Estado anal\u00edtico del ejercicio Clasificaci\u00f3n administrativa<\/a><\/td><\/tr><tr><td><a href=\"https:\/\/www.municipiolahuacana.com\/DIF\/2025\/Ley_Dis_Fin\/1er_Trim\/6c.-%20Estado%20analitico%20del%20ejercicio%20clasificacion%20funcional.pdf\" title=\"\">6c.- Estado anal\u00edtico del ejercicio clasificaci\u00f3n funcional<\/a><\/td><\/tr><tr><td><a href=\"https:\/\/www.municipiolahuacana.com\/DIF\/2025\/Ley_Dis_Fin\/1er_Trim\/6d_Clasificaci%C3%B3n%20de%20Servicios%20Personales%20por%20Categor%C3%ADa_.pdf\" title=\"\">6d.- Clasificaci\u00f3n de Servicios Personales por Categor\u00eda_<\/a><\/td><\/tr><tr><td><a href=\"https:\/\/www.municipiolahuacana.com\/DIF\/2025\/Ley_Dis_Fin\/1er_Trim\/7a.-%20Proyecciones%20de%20ingresos.pdf\" title=\"\">7a.- Proyecciones de ingresos<\/a><\/td><\/tr><tr><td><a href=\"https:\/\/www.municipiolahuacana.com\/DIF\/2025\/Ley_Dis_Fin\/1er_Trim\/7b.-%20Proyecciones%20de%20Egresos.pdf\" title=\"\">7b.- Proyecciones de Egresos<\/a><\/td><\/tr><tr><td><a href=\"https:\/\/www.municipiolahuacana.com\/DIF\/2025\/Ley_Dis_Fin\/1er_Trim\/7c.-%20Resultados%20de%20ingresos.pdf\" title=\"\">7c.- Resultados de ingresos<\/a><\/td><\/tr><tr><td><a href=\"https:\/\/www.municipiolahuacana.com\/DIF\/2025\/Ley_Dis_Fin\/1er_Trim\/7d.-%20Resultados%20de%20egresos.pdf\" title=\"\">7d.- Resultados de egresos<\/a><\/td><\/tr><\/tbody><\/table><\/figure>\n\n","protected":false},"excerpt":{"rendered":"<p>1.- Estado de situaci\u00f3n Financiera detallado 2.- Informe anal\u00edtico de la deuda publica 3.- Informe anal\u00edtico de obligaciones diferentes 4.- Balance presupuestario 5.- Estado anal\u00edtico de ingreso detallado 6a.- Estado anal\u00edtico del ejercicio del presupuesto por Objeto de gasto 6b.- Estado anal\u00edtico del ejercicio Clasificaci\u00f3n administrativa 6c.- Estado anal\u00edtico del [&hellip;]<\/p>\n","protected":false},"author":1,"featured_media":0,"parent":0,"menu_order":0,"comment_status":"closed","ping_status":"closed","template":"","meta":{"om_disable_all_campaigns":false,"_monsterinsights_skip_tracking":false,"_monsterinsights_sitenote_active":false,"_monsterinsights_sitenote_note":"","_monsterinsights_sitenote_category":0,"footnotes":""},"class_list":["post-1396","page","type-page","status-publish","hentry"],"aioseo_notices":[],"_links":{"self":[{"href":"https:\/\/municipiolahuacana.com\/index.php\/wp-json\/wp\/v2\/pages\/1396","targetHints":{"allow":["GET"]}}],"collection":[{"href":"https:\/\/municipiolahuacana.com\/index.php\/wp-json\/wp\/v2\/pages"}],"about":[{"href":"https:\/\/municipiolahuacana.com\/index.php\/wp-json\/wp\/v2\/types\/page"}],"author":[{"embeddable":true,"href":"https:\/\/municipiolahuacana.com\/index.php\/wp-json\/wp\/v2\/users\/1"}],"replies":[{"embeddable":true,"href":"https:\/\/municipiolahuacana.com\/index.php\/wp-json\/wp\/v2\/comments?post=1396"}],"version-history":[{"count":3,"href":"https:\/\/municipiolahuacana.com\/index.php\/wp-json\/wp\/v2\/pages\/1396\/revisions"}],"predecessor-version":[{"id":1401,"href":"https:\/\/municipiolahuacana.com\/index.php\/wp-json\/wp\/v2\/pages\/1396\/revisions\/1401"}],"wp:attachment":[{"href":"https:\/\/municipiolahuacana.com\/index.php\/wp-json\/wp\/v2\/media?parent=1396"}],"curies":[{"name":"wp","href":"https:\/\/api.w.org\/{rel}","templated":true}]}}