{"id":1377,"date":"2025-03-06T02:40:11","date_gmt":"2025-03-06T07:40:11","guid":{"rendered":"https:\/\/municipiolahuacana.com\/?page_id=1377"},"modified":"2025-03-06T02:51:18","modified_gmt":"2025-03-06T07:51:18","slug":"capam-conac-4to-trimestre-2024","status":"publish","type":"page","link":"https:\/\/municipiolahuacana.com\/index.php\/capam-conac-4to-trimestre-2024\/","title":{"rendered":"CAPAM \u2013 CONAC 4to Trimestre 2024"},"content":{"rendered":"\n<figure class=\"wp-block-table is-style-stripes\"><table class=\"has-fixed-layout\"><tbody><tr><td><a href=\"http:\/\/www.municipiolahuacana.com\/capam\/CONAC\/2024\/4to_Trim\/EndeudamientoNeto4totrim24.PDF\" title=\"\">Endeudamiento Neto<\/a><\/td><\/tr><tr><td><a href=\"http:\/\/www.municipiolahuacana.com\/capam\/CONAC\/2024\/4to_Trim\/EstAnalAct4totri24.PDF\" title=\"\">Estado Anal\u00edtico del Activo<\/a><\/td><\/tr><tr><td><a href=\"http:\/\/www.municipiolahuacana.com\/capam\/CONAC\/2024\/4to_Trim\/EstAnlEjercPresEgreClasfFun4totri24.PDF\" title=\"\">Estado Anal\u00edtico del Ejercicio del Presupuesto de Egresos Clasificaci\u00f3n Funcional<\/a><\/td><\/tr><tr><td><a href=\"http:\/\/www.municipiolahuacana.com\/capam\/CONAC\/2024\/4to_Trim\/EstAnlEjercPrespEgreClasEconm4totri24.PDF\" title=\"\">Estado Anal\u00edtico del Ejercicio del Presupuesto de Egresos Clasificaci\u00f3n Econ\u00f3mica<\/a><\/td><\/tr><tr><td><a href=\"http:\/\/www.municipiolahuacana.com\/capam\/CONAC\/2024\/4to_Trim\/EstAnlEjerPrespEgreAdmon4totri24.PDF\" title=\"\">Estado Anal\u00edtico del Ejercicio del Presupuesto de Egresos Clasificaci\u00f3n Administrativa<\/a><\/td><\/tr><tr><td><a href=\"http:\/\/www.municipiolahuacana.com\/capam\/CONAC\/2024\/4to_Trim\/EstCambSitFina4totri24.PDF\" title=\"\">Estado de Cambio de Situaci\u00f3n Financiera<\/a><\/td><\/tr><tr><td><a href=\"http:\/\/www.municipiolahuacana.com\/capam\/CONAC\/2024\/4to_Trim\/Estd.Analit.4totri24.PDF\" title=\"\">Estado Anal\u00edtico de la Deuda y Otros Pasivos<\/a><\/td><\/tr><tr><td><a href=\"http:\/\/www.municipiolahuacana.com\/capam\/CONAC\/2024\/4to_Trim\/estdacti4totri24.PDF\" title=\"\">Estado de Actividades<\/a><\/td><\/tr><tr><td><a href=\"http:\/\/www.municipiolahuacana.com\/capam\/CONAC\/2024\/4to_Trim\/EstdAnaldelIng4totri24.PDF\" title=\"\">Estado Anal\u00edtico de Ingresos<\/a><\/td><\/tr><tr><td><a href=\"http:\/\/www.municipiolahuacana.com\/capam\/CONAC\/2024\/4to_Trim\/EstFlujoEfec4totri24.PDF\" title=\"\">Estado de Flujo de Efectivo<\/a><\/td><\/tr><tr><td><a href=\"http:\/\/www.municipiolahuacana.com\/capam\/CONAC\/2024\/4to_Trim\/EstsitFin4totri24.PDF\" title=\"\">Estado de Situaci\u00f3n Financiera<\/a><\/td><\/tr><tr><td><a href=\"http:\/\/www.municipiolahuacana.com\/capam\/CONAC\/2024\/4to_Trim\/EstVariHacPubl4totri24.PDF\" title=\"\">Estado de Variaci\u00f3n de la Hacienda P\u00fablica<\/a><\/td><\/tr><tr><td><a href=\"http:\/\/www.municipiolahuacana.com\/capam\/CONAC\/2024\/4to_Trim\/Gast.x.Categ.Programat4totri24.PDF\" title=\"\">Gastos por Categor\u00eda Program\u00e1tica<\/a><\/td><\/tr><tr><td><a href=\"http:\/\/www.municipiolahuacana.com\/capam\/CONAC\/2024\/4to_Trim\/Indic.Postur.Fiscal4totri24.PDF\" title=\"\">Indicadores de Postura Fiscal<\/a><\/td><\/tr><tr><td><a href=\"http:\/\/www.municipiolahuacana.com\/capam\/CONAC\/2024\/4to_Trim\/Inf.PasivosConting.4totri24.PDF\" title=\"\">Informe Sobre Pasivos Contingentes<\/a><\/td><\/tr><tr><td><a href=\"http:\/\/www.municipiolahuacana.com\/capam\/CONAC\/2024\/4to_Trim\/Intereses%20de%20la%20Deuda4totri24.PDF\" title=\"\">Intereses de la Deuda<\/a><\/td><\/tr><tr><td><a href=\"http:\/\/www.municipiolahuacana.com\/capam\/CONAC\/2024\/4to_Trim\/InventariaoBienesMuebles.PDF\" title=\"\">Inventario Bienes Muebles<\/a><\/td><\/tr><tr><td><a href=\"http:\/\/www.municipiolahuacana.com\/capam\/CONAC\/2024\/4to_Trim\/NotasEstdFin4totri24.PDF\" title=\"\">Notas Estados Financieros<\/a><\/td><\/tr><tr><td><a href=\"http:\/\/www.municipiolahuacana.com\/capam\/CONAC\/2024\/4to_Trim\/PrepEgrexObjgasto4totri24.PDF\" title=\"\">Presupuesto de Egresos por Objeto del Gasto<\/a><\/td><\/tr><\/tbody><\/table><\/figure>\n\n\n\n<p><\/p>\n\n","protected":false},"excerpt":{"rendered":"<p>Endeudamiento Neto Estado Anal\u00edtico del Activo Estado Anal\u00edtico del Ejercicio del Presupuesto de Egresos Clasificaci\u00f3n Funcional Estado Anal\u00edtico del Ejercicio del Presupuesto de Egresos Clasificaci\u00f3n Econ\u00f3mica Estado Anal\u00edtico del Ejercicio del Presupuesto de Egresos Clasificaci\u00f3n Administrativa Estado de Cambio de Situaci\u00f3n Financiera Estado Anal\u00edtico de la Deuda y Otros Pasivos [&hellip;]<\/p>\n","protected":false},"author":1,"featured_media":0,"parent":0,"menu_order":0,"comment_status":"closed","ping_status":"closed","template":"","meta":{"om_disable_all_campaigns":false,"_monsterinsights_skip_tracking":false,"_monsterinsights_sitenote_active":false,"_monsterinsights_sitenote_note":"","_monsterinsights_sitenote_category":0,"footnotes":""},"class_list":["post-1377","page","type-page","status-publish","hentry"],"aioseo_notices":[],"_links":{"self":[{"href":"https:\/\/municipiolahuacana.com\/index.php\/wp-json\/wp\/v2\/pages\/1377","targetHints":{"allow":["GET"]}}],"collection":[{"href":"https:\/\/municipiolahuacana.com\/index.php\/wp-json\/wp\/v2\/pages"}],"about":[{"href":"https:\/\/municipiolahuacana.com\/index.php\/wp-json\/wp\/v2\/types\/page"}],"author":[{"embeddable":true,"href":"https:\/\/municipiolahuacana.com\/index.php\/wp-json\/wp\/v2\/users\/1"}],"replies":[{"embeddable":true,"href":"https:\/\/municipiolahuacana.com\/index.php\/wp-json\/wp\/v2\/comments?post=1377"}],"version-history":[{"count":5,"href":"https:\/\/municipiolahuacana.com\/index.php\/wp-json\/wp\/v2\/pages\/1377\/revisions"}],"predecessor-version":[{"id":1386,"href":"https:\/\/municipiolahuacana.com\/index.php\/wp-json\/wp\/v2\/pages\/1377\/revisions\/1386"}],"wp:attachment":[{"href":"https:\/\/municipiolahuacana.com\/index.php\/wp-json\/wp\/v2\/media?parent=1377"}],"curies":[{"name":"wp","href":"https:\/\/api.w.org\/{rel}","templated":true}]}}