{"id":1358,"date":"2025-02-18T01:53:37","date_gmt":"2025-02-18T06:53:37","guid":{"rendered":"https:\/\/municipiolahuacana.com\/?page_id=1358"},"modified":"2025-02-18T01:56:15","modified_gmt":"2025-02-18T06:56:15","slug":"dif-ldf-4to-trimestre-2024","status":"publish","type":"page","link":"https:\/\/municipiolahuacana.com\/index.php\/dif-ldf-4to-trimestre-2024\/","title":{"rendered":"DIF \u2013 LDF 4TO TRIMESTRE 2024"},"content":{"rendered":"\n<figure class=\"wp-block-table is-style-stripes\"><table class=\"has-fixed-layout\"><tbody><tr><td><a href=\"https:\/\/municipiolahuacana.com\/DIF\/2024\/Ley_Dis_Fin\/4to_Trim\/1.-%20Estado%20de%20situacion%20financiera%20detallado.pdf\" title=\"\">1.- Estado de situaci\u00f3n financiera detallado<\/a><\/td><\/tr><tr><td><a href=\"https:\/\/municipiolahuacana.com\/DIF\/2024\/Ley_Dis_Fin\/4to_Trim\/2.-Informe%20Analitico%20de%20la%20deuda%20publica%20y%20otros%20pasivos.pdf\" title=\"\">2.-Informe Anal\u00edtico de la deuda p\u00fablica y otros pasivos<\/a><\/td><\/tr><tr><td><a href=\"https:\/\/municipiolahuacana.com\/DIF\/2024\/Ley_Dis_Fin\/4to_Trim\/3.-%20Informe%20analitico%20de%20obligaciones%20diferentes.pdf\" title=\"\">3.- Informe anal\u00edtico de obligaciones diferentes<\/a><\/td><\/tr><tr><td><a href=\"https:\/\/municipiolahuacana.com\/DIF\/2024\/Ley_Dis_Fin\/4to_Trim\/4.-%20Balance%20Presupuestario.pdf\" title=\"\">4.- Balance Presupuestario<\/a><\/td><\/tr><tr><td><a href=\"https:\/\/municipiolahuacana.com\/DIF\/2024\/Ley_Dis_Fin\/4to_Trim\/5.-%20Estado%20analitico%20de%20ingresos%20detallado_.pdf\" title=\"\">5.- Estado anal\u00edtico de ingresos detallado<\/a><\/td><\/tr><tr><td><a href=\"https:\/\/municipiolahuacana.com\/DIF\/2024\/Ley_Dis_Fin\/4to_Trim\/6a.-%20Estado%20Analitico%20del%20ejercicio%20del%20presupuesto%20clasificacion%20por%20objeto%20de%20gasto.pdf\" title=\"\">6a.- Estado Anal\u00edtico del ejercicio del presupuesto clasificaci\u00f3n por objeto de gasto<\/a><\/td><\/tr><tr><td><a href=\"https:\/\/municipiolahuacana.com\/DIF\/2024\/Ley_Dis_Fin\/4to_Trim\/6b.-%20Estado%20analitico%20del%20ejercicio%20del%20presupuesto%20de%20egresos%20detallado%20clasificacion%20administrativa.pdf\" title=\"\">6b.- Estado anal\u00edtico del ejercicio del presupuesto de egresos detallado clasificaci\u00f3n administrativa<\/a><\/td><\/tr><tr><td><a href=\"https:\/\/municipiolahuacana.com\/DIF\/2024\/Ley_Dis_Fin\/4to_Trim\/6c.-%20Estado%20analitico%20del%20ejercicio%20clasificacion%20funcional.pdf\" title=\"\">6c.- Estado anal\u00edtico del ejercicio clasificaci\u00f3n funcional<\/a><\/td><\/tr><tr><td><a href=\"https:\/\/municipiolahuacana.com\/DIF\/2024\/Ley_Dis_Fin\/4to_Trim\/6d.-%20Clasificaci%C3%B3n%20de%20Servicios%20Personales%20por%20Categor%C3%ADa_.pdf\" title=\"\">6d.- Clasificaci\u00f3n de Servicios Personales por Categor\u00eda<\/a><\/td><\/tr><tr><td><a href=\"https:\/\/municipiolahuacana.com\/DIF\/2024\/Ley_Dis_Fin\/4to_Trim\/7a.-%20Proyecciones%20de%20ingresos.pdf\" title=\"\">7a.- Proyecciones de ingresos<\/a><\/td><\/tr><tr><td><a href=\"https:\/\/municipiolahuacana.com\/DIF\/2024\/Ley_Dis_Fin\/4to_Trim\/7b.-%20Proyecciones%20de%20Egresos_.pdf\" title=\"\">7b.- Proyecciones de Egresos<\/a><\/td><\/tr><tr><td><a href=\"https:\/\/municipiolahuacana.com\/DIF\/2024\/Ley_Dis_Fin\/4to_Trim\/7c.-%20Resultados%20de%20Ingresos_.pdf\" title=\"\">7c.- Resultados de Ingresos<\/a><\/td><\/tr><tr><td><a href=\"https:\/\/municipiolahuacana.com\/DIF\/2024\/Ley_Dis_Fin\/4to_Trim\/7d.-%20Resultados%20de%20Egresos_.pdf\" title=\"\">7d.- Resultados de Egresos<\/a><\/td><\/tr><\/tbody><\/table><\/figure>\n\n","protected":false},"excerpt":{"rendered":"<p>1.- Estado de situaci\u00f3n financiera detallado 2.-Informe Anal\u00edtico de la deuda p\u00fablica y otros pasivos 3.- Informe anal\u00edtico de obligaciones diferentes 4.- Balance Presupuestario 5.- Estado anal\u00edtico de ingresos detallado 6a.- Estado Anal\u00edtico del ejercicio del presupuesto clasificaci\u00f3n por objeto de gasto 6b.- Estado anal\u00edtico del ejercicio del presupuesto de [&hellip;]<\/p>\n","protected":false},"author":1,"featured_media":0,"parent":0,"menu_order":0,"comment_status":"closed","ping_status":"closed","template":"","meta":{"om_disable_all_campaigns":false,"_monsterinsights_skip_tracking":false,"_monsterinsights_sitenote_active":false,"_monsterinsights_sitenote_note":"","_monsterinsights_sitenote_category":0,"footnotes":""},"class_list":["post-1358","page","type-page","status-publish","hentry"],"aioseo_notices":[],"_links":{"self":[{"href":"https:\/\/municipiolahuacana.com\/index.php\/wp-json\/wp\/v2\/pages\/1358","targetHints":{"allow":["GET"]}}],"collection":[{"href":"https:\/\/municipiolahuacana.com\/index.php\/wp-json\/wp\/v2\/pages"}],"about":[{"href":"https:\/\/municipiolahuacana.com\/index.php\/wp-json\/wp\/v2\/types\/page"}],"author":[{"embeddable":true,"href":"https:\/\/municipiolahuacana.com\/index.php\/wp-json\/wp\/v2\/users\/1"}],"replies":[{"embeddable":true,"href":"https:\/\/municipiolahuacana.com\/index.php\/wp-json\/wp\/v2\/comments?post=1358"}],"version-history":[{"count":3,"href":"https:\/\/municipiolahuacana.com\/index.php\/wp-json\/wp\/v2\/pages\/1358\/revisions"}],"predecessor-version":[{"id":1363,"href":"https:\/\/municipiolahuacana.com\/index.php\/wp-json\/wp\/v2\/pages\/1358\/revisions\/1363"}],"wp:attachment":[{"href":"https:\/\/municipiolahuacana.com\/index.php\/wp-json\/wp\/v2\/media?parent=1358"}],"curies":[{"name":"wp","href":"https:\/\/api.w.org\/{rel}","templated":true}]}}