{"id":1295,"date":"2024-11-05T23:44:52","date_gmt":"2024-11-06T04:44:52","guid":{"rendered":"https:\/\/municipiolahuacana.com\/?page_id=1295"},"modified":"2024-11-05T23:47:50","modified_gmt":"2024-11-06T04:47:50","slug":"dif-ldf-3er-trimestre-2024","status":"publish","type":"page","link":"https:\/\/municipiolahuacana.com\/index.php\/dif-ldf-3er-trimestre-2024\/","title":{"rendered":"DIF \u2013 LDF 3ER TRIMESTRE 2024"},"content":{"rendered":"\n<figure class=\"wp-block-table is-style-stripes\"><table class=\"has-fixed-layout\"><tbody><tr><td><a href=\"http:\/\/www.municipiolahuacana.com\/DIF\/2024\/Ley_Dis_Fin\/3er_Trim\/1.%20Estado%20de%20situacion%20financiera%20detallado.pdf\" title=\"\">1.- Estado de situaci\u00f3n financiera detallado<\/a><\/td><\/tr><tr><td><a href=\"http:\/\/www.municipiolahuacana.com\/DIF\/2024\/Ley_Dis_Fin\/3er_Trim\/2.%20informe%20analitico%20de%20la%20deuda%20publica%20y%20otros%20pasivos.pdf\" title=\"\">2.- Informe anal\u00edtico de la deuda p\u00fablica y otros pasivos<\/a><\/td><\/tr><tr><td><a href=\"http:\/\/www.municipiolahuacana.com\/DIF\/2024\/Ley_Dis_Fin\/3er_Trim\/3.%20informe%20analitico%20de%20obligaciones%20diferentes.pdf\" title=\"\">3.- Informe anal\u00edtico de obligaciones diferentes<\/a><\/td><\/tr><tr><td><a href=\"http:\/\/www.municipiolahuacana.com\/DIF\/2024\/Ley_Dis_Fin\/3er_Trim\/4.%20Balance%20Presupuestario.pdf\" title=\"\">4.- Balance Presupuestario<\/a><\/td><\/tr><tr><td><a href=\"http:\/\/www.municipiolahuacana.com\/DIF\/2024\/Ley_Dis_Fin\/3er_Trim\/5.%20Estado%20analitico%20de%20ingresos%20detallado.pdf\" title=\"\">5.- Estado anal\u00edtico de ingresos detallado<\/a><\/td><\/tr><tr><td><a href=\"http:\/\/www.municipiolahuacana.com\/DIF\/2024\/Ley_Dis_Fin\/3er_Trim\/6a%20estado%20analitico%20del%20ejercicio%20del%20presupuesto%20clasificacion%20por%20objeto%20de%20gasto.pdf\" title=\"\">6a.- Estado anal\u00edtico del ejercicio del presupuesto clasificaci\u00f3n por objeto de gasto<\/a><\/td><\/tr><tr><td><a href=\"http:\/\/www.municipiolahuacana.com\/DIF\/2024\/Ley_Dis_Fin\/3er_Trim\/6b.%20Estado%20analitico%20del%20ejercicio%20del%20presupuesto%20de%20egresos%20detallado%20clasificacion%20administrativa.pdf\" title=\"\">6b.- Estado anal\u00edtico del ejercicio del presupuesto de egresos detallado clasificaci\u00f3n administrativa<\/a><\/td><\/tr><tr><td><a href=\"http:\/\/www.municipiolahuacana.com\/DIF\/2024\/Ley_Dis_Fin\/3er_Trim\/6c%20estado%20analitico%20del%20ejercicio%20clasificacion%20funcional.pdf\" title=\"\">6c.- Estado anal\u00edtico del ejercicio clasificaci\u00f3n funcional<\/a><\/td><\/tr><tr><td><a href=\"http:\/\/www.municipiolahuacana.com\/DIF\/2024\/Ley_Dis_Fin\/3er_Trim\/6d%20estado%20analitico%20del%20ejercicio%20clasificacion%20de%20servicios%20personales.pdf\" title=\"\">6d.- Estado anal\u00edtico del ejercicio clasificaci\u00f3n de servicios personales<\/a><\/td><\/tr><tr><td><a href=\"http:\/\/www.municipiolahuacana.com\/DIF\/2024\/Ley_Dis_Fin\/3er_Trim\/7a%20proyecciones%20de%20ingresos.pdf\" title=\"\">7a.- Proyecciones de ingresos<\/a><\/td><\/tr><tr><td><a href=\"http:\/\/www.municipiolahuacana.com\/DIF\/2024\/Ley_Dis_Fin\/3er_Trim\/7b%20proyecciones%20de%20egresos.pdf\" title=\"\">7b.- Proyecciones de egresos<\/a><\/td><\/tr><tr><td><a href=\"http:\/\/www.municipiolahuacana.com\/DIF\/2024\/Ley_Dis_Fin\/3er_Trim\/7c%20resultado%20de%20ingresos.pdf\" title=\"\">7c.- Resultado de ingresos<\/a><\/td><\/tr><tr><td><a href=\"http:\/\/www.municipiolahuacana.com\/DIF\/2024\/Ley_Dis_Fin\/3er_Trim\/7d%20resultados%20de%20egresos.pdf\" title=\"\">7d.- Resultados de egresos<\/a><\/td><\/tr><\/tbody><\/table><\/figure>\n\n","protected":false},"excerpt":{"rendered":"<p>1.- Estado de situaci\u00f3n financiera detallado 2.- Informe anal\u00edtico de la deuda p\u00fablica y otros pasivos 3.- Informe anal\u00edtico de obligaciones diferentes 4.- Balance Presupuestario 5.- Estado anal\u00edtico de ingresos detallado 6a.- Estado anal\u00edtico del ejercicio del presupuesto clasificaci\u00f3n por objeto de gasto 6b.- Estado anal\u00edtico del ejercicio del presupuesto [&hellip;]<\/p>\n","protected":false},"author":1,"featured_media":0,"parent":0,"menu_order":0,"comment_status":"closed","ping_status":"closed","template":"","meta":{"om_disable_all_campaigns":false,"_monsterinsights_skip_tracking":false,"_monsterinsights_sitenote_active":false,"_monsterinsights_sitenote_note":"","_monsterinsights_sitenote_category":0,"footnotes":""},"class_list":["post-1295","page","type-page","status-publish","hentry"],"aioseo_notices":[],"_links":{"self":[{"href":"https:\/\/municipiolahuacana.com\/index.php\/wp-json\/wp\/v2\/pages\/1295","targetHints":{"allow":["GET"]}}],"collection":[{"href":"https:\/\/municipiolahuacana.com\/index.php\/wp-json\/wp\/v2\/pages"}],"about":[{"href":"https:\/\/municipiolahuacana.com\/index.php\/wp-json\/wp\/v2\/types\/page"}],"author":[{"embeddable":true,"href":"https:\/\/municipiolahuacana.com\/index.php\/wp-json\/wp\/v2\/users\/1"}],"replies":[{"embeddable":true,"href":"https:\/\/municipiolahuacana.com\/index.php\/wp-json\/wp\/v2\/comments?post=1295"}],"version-history":[{"count":3,"href":"https:\/\/municipiolahuacana.com\/index.php\/wp-json\/wp\/v2\/pages\/1295\/revisions"}],"predecessor-version":[{"id":1299,"href":"https:\/\/municipiolahuacana.com\/index.php\/wp-json\/wp\/v2\/pages\/1295\/revisions\/1299"}],"wp:attachment":[{"href":"https:\/\/municipiolahuacana.com\/index.php\/wp-json\/wp\/v2\/media?parent=1295"}],"curies":[{"name":"wp","href":"https:\/\/api.w.org\/{rel}","templated":true}]}}