{"id":1286,"date":"2024-11-05T23:28:45","date_gmt":"2024-11-06T04:28:45","guid":{"rendered":"https:\/\/municipiolahuacana.com\/?page_id=1286"},"modified":"2024-11-05T23:39:01","modified_gmt":"2024-11-06T04:39:01","slug":"dif-conac-3er-trimestre-2024","status":"publish","type":"page","link":"https:\/\/municipiolahuacana.com\/index.php\/dif-conac-3er-trimestre-2024\/","title":{"rendered":"DIF \u2013 CONAC 3ER TRIMESTRE 2024"},"content":{"rendered":"\n<figure class=\"wp-block-table is-style-stripes\"><table class=\"has-fixed-layout\"><tbody><tr><td><a href=\"http:\/\/www.municipiolahuacana.com\/DIF\/2024\/CONAC\/3er_Trim\/1.-%20%20Estado_de_actividades.pdf\" title=\"\">1.- Estado de actividades<\/a><\/td><\/tr><tr><td><a href=\"http:\/\/www.municipiolahuacana.com\/DIF\/2024\/CONAC\/3er_Trim\/2.-%20%20Estado_de_situaci%C3%B3n_financiera.pdf\" title=\"\">2.- Estado de situaci\u00f3n financiera<\/a><\/td><\/tr><tr><td><a href=\"http:\/\/www.municipiolahuacana.com\/DIF\/2024\/CONAC\/3er_Trim\/3.-%20%20Estado_de_variaci%C3%B3n_en_la_hacienda_p%C3%BAblica.pdf\" title=\"\">3.- Estado de variaci\u00f3n en la hacienda p\u00fablica<\/a><\/td><\/tr><tr><td><a href=\"http:\/\/www.municipiolahuacana.com\/DIF\/2024\/CONAC\/3er_Trim\/4.-%20Estado_de_cambios_en_la_situaci%C3%B3n_financiera.pdf\" title=\"\">4.- Estado de cambios en la situaci\u00f3n financiera<\/a><\/td><\/tr><tr><td><a href=\"http:\/\/www.municipiolahuacana.com\/DIF\/2024\/CONAC\/3er_Trim\/5.-%20%20Estado_de_flujos_de_efectivo.pdf\" title=\"\">5.- Estado de flujos de efectivo<\/a><\/td><\/tr><tr><td><a href=\"http:\/\/www.municipiolahuacana.com\/DIF\/2024\/CONAC\/3er_Trim\/6.-%20%20Estado_anal%C3%ADtico_del_activo.pdf\" title=\"\">6.- Estado anal\u00edtico del activo<\/a><\/td><\/tr><tr><td><a href=\"http:\/\/www.municipiolahuacana.com\/DIF\/2024\/CONAC\/3er_Trim\/7.-%20Estado_analitico_de_la_deuda_y_otros_pasivos.pdf\" title=\"\">7.- Estado anal\u00edtico de la deuda y otros pasivos<\/a><\/td><\/tr><tr><td><a href=\"http:\/\/www.municipiolahuacana.com\/DIF\/2024\/CONAC\/3er_Trim\/8.-%20Informe_sobre_pasivos_contingentes.pdf\" title=\"\">8.- Informe sobre pasivos contingentes<\/a><\/td><\/tr><tr><td><a href=\"http:\/\/www.municipiolahuacana.com\/DIF\/2024\/CONAC\/3er_Trim\/9.-%20NOTAS%20ESTADOS%20FINANCIEROS%20CODIF.pdf\" title=\"\">9.- NOTAS ESTADOS FINANCIEROS CODIF<\/a><\/td><\/tr><tr><td><a href=\"http:\/\/www.municipiolahuacana.com\/DIF\/2024\/CONAC\/3er_Trim\/10.-%20Estado_anal%C3%ADtico_de_ingresos.pdf\" title=\"\">10.- Estado anal\u00edtico de ingresos<\/a><\/td><\/tr><tr><td><a href=\"http:\/\/www.municipiolahuacana.com\/DIF\/2024\/CONAC\/3er_Trim\/11.-%20%20Estado%20Analitico%20del%20ejercicio%20del%20presupuesto%20Clasificacion%20Administrativa.pdf\" title=\"\">11.- Estado Anal\u00edtico del ejercicio del presupuesto Clasificaci\u00f3n Administrativa<\/a><\/td><\/tr><tr><td><a href=\"http:\/\/www.municipiolahuacana.com\/DIF\/2024\/CONAC\/3er_Trim\/12.-%20%20Estado%20analitico%20del%20ejercicio%20del%20presupuesto%20clasificacion%20economica.pdf\" title=\"\">12.- Estado anal\u00edtico del ejercicio del presupuesto clasificaci\u00f3n econ\u00f3mica<\/a><\/td><\/tr><tr><td><a href=\"http:\/\/www.municipiolahuacana.com\/DIF\/2024\/CONAC\/3er_Trim\/13.-%20%20Egresos_por_clasificaci%C3%B3n_por_objeto_del_gasto.pdf\" title=\"\">13.- Egresos por clasificaci\u00f3n por objeto del gasto<\/a><\/td><\/tr><tr><td><a href=\"http:\/\/www.municipiolahuacana.com\/DIF\/2024\/CONAC\/3er_Trim\/14.-%20%20Egresos_por_clasificaci%C3%B3n_funcional.pdf\" title=\"\">14.- Egresos por clasificaci\u00f3n funcional<\/a><\/td><\/tr><tr><td><a href=\"http:\/\/www.municipiolahuacana.com\/DIF\/2024\/CONAC\/3er_Trim\/15.-%20Endeudamiento_neto.pdf\" title=\"\">15.- Endeudamiento neto<\/a><\/td><\/tr><tr><td><a href=\"http:\/\/www.municipiolahuacana.com\/DIF\/2024\/CONAC\/3er_Trim\/16.-%20Intereses_de_la_deuda.pdf\" title=\"\">16.- Intereses de la deuda<\/a><\/td><\/tr><tr><td><a href=\"http:\/\/www.municipiolahuacana.com\/DIF\/2024\/CONAC\/3er_Trim\/17.-%20Gasto_por_categor%C3%ADa_program%C3%A1tica.pdf\" title=\"\">17.- Gasto por categor\u00eda program\u00e1tica<\/a><\/td><\/tr><tr><td><a href=\"http:\/\/www.municipiolahuacana.com\/DIF\/2024\/CONAC\/3er_Trim\/18.-%20Indicadores_de_postura_fiscal.pdf\" title=\"\">18.- Indicadores de postura fiscal<\/a><\/td><\/tr><tr><td><a href=\"http:\/\/www.municipiolahuacana.com\/DIF\/2024\/CONAC\/3er_Trim\/19.-%20Programas%20y%20Proyecto.pdf\" title=\"\">19.- Programas y Proyecto<\/a><\/td><\/tr><tr><td><a href=\"http:\/\/www.municipiolahuacana.com\/DIF\/2024\/CONAC\/3er_Trim\/20.-%20indicadores%20de%20resultados.pdf\" title=\"\">20.- indicadores de resultados<\/a><\/td><\/tr><tr><td><a href=\"http:\/\/www.municipiolahuacana.com\/DIF\/2024\/CONAC\/3er_Trim\/21.-%20Montos%20efectivamente%20pagados%20por%20concepto%20de%20ayudas%20y%20subsidios.pdf\" title=\"\">21.- Montos efectivamente pagados por concepto de ayudas y subsidios<\/a><\/td><\/tr><\/tbody><\/table><\/figure>\n\n\n\n<p><\/p>\n\n","protected":false},"excerpt":{"rendered":"<p>1.- Estado de actividades 2.- Estado de situaci\u00f3n financiera 3.- Estado de variaci\u00f3n en la hacienda p\u00fablica 4.- Estado de cambios en la situaci\u00f3n financiera 5.- Estado de flujos de efectivo 6.- Estado anal\u00edtico del activo 7.- Estado anal\u00edtico de la deuda y otros pasivos 8.- Informe sobre pasivos contingentes [&hellip;]<\/p>\n","protected":false},"author":1,"featured_media":0,"parent":0,"menu_order":0,"comment_status":"closed","ping_status":"closed","template":"","meta":{"om_disable_all_campaigns":false,"_monsterinsights_skip_tracking":false,"_monsterinsights_sitenote_active":false,"_monsterinsights_sitenote_note":"","_monsterinsights_sitenote_category":0,"footnotes":""},"class_list":["post-1286","page","type-page","status-publish","hentry"],"aioseo_notices":[],"_links":{"self":[{"href":"https:\/\/municipiolahuacana.com\/index.php\/wp-json\/wp\/v2\/pages\/1286","targetHints":{"allow":["GET"]}}],"collection":[{"href":"https:\/\/municipiolahuacana.com\/index.php\/wp-json\/wp\/v2\/pages"}],"about":[{"href":"https:\/\/municipiolahuacana.com\/index.php\/wp-json\/wp\/v2\/types\/page"}],"author":[{"embeddable":true,"href":"https:\/\/municipiolahuacana.com\/index.php\/wp-json\/wp\/v2\/users\/1"}],"replies":[{"embeddable":true,"href":"https:\/\/municipiolahuacana.com\/index.php\/wp-json\/wp\/v2\/comments?post=1286"}],"version-history":[{"count":4,"href":"https:\/\/municipiolahuacana.com\/index.php\/wp-json\/wp\/v2\/pages\/1286\/revisions"}],"predecessor-version":[{"id":1293,"href":"https:\/\/municipiolahuacana.com\/index.php\/wp-json\/wp\/v2\/pages\/1286\/revisions\/1293"}],"wp:attachment":[{"href":"https:\/\/municipiolahuacana.com\/index.php\/wp-json\/wp\/v2\/media?parent=1286"}],"curies":[{"name":"wp","href":"https:\/\/api.w.org\/{rel}","templated":true}]}}