{"id":1278,"date":"2024-11-04T12:48:50","date_gmt":"2024-11-04T17:48:50","guid":{"rendered":"https:\/\/municipiolahuacana.com\/?page_id=1278"},"modified":"2024-11-04T12:53:03","modified_gmt":"2024-11-04T17:53:03","slug":"capam-ldf-3er-trimestre-2024","status":"publish","type":"page","link":"https:\/\/municipiolahuacana.com\/index.php\/capam-ldf-3er-trimestre-2024\/","title":{"rendered":"CAPAM \u2013 LDF 3er Trimestre 2024"},"content":{"rendered":"\n<figure class=\"wp-block-table is-style-stripes\"><table class=\"has-fixed-layout\"><tbody><tr><td><a href=\"http:\/\/www.municipiolahuacana.com\/capam\/Ley_Dis_Fin\/2024\/3er_Trim\/Balance%20Presupuestario1.PDF\" title=\"\">Balance Presupuestario 1<\/a><\/td><\/tr><tr><td><a href=\"http:\/\/www.municipiolahuacana.com\/capam\/Ley_Dis_Fin\/2024\/3er_Trim\/Balance%20Presupuestario2.PDF\" title=\"\">Balance Presupuestario 2<\/a><\/td><\/tr><tr><td><a href=\"http:\/\/www.municipiolahuacana.com\/capam\/Ley_Dis_Fin\/2024\/3er_Trim\/Estado%20Anal%C3%ADtico%20de%20Ingresos%20Detallado_.PDF\" title=\"\">Estado Anal\u00edtico de Ingresos Detallado<\/a><\/td><\/tr><tr><td><a href=\"http:\/\/www.municipiolahuacana.com\/capam\/Ley_Dis_Fin\/2024\/3er_Trim\/Estado%20Anal%C3%ADtico%20del%20Ejercicio%20del%20Presupuesto%20de%20Egresos%20Detallado%2C%20Clasificacion%20Administrativa.PDF\" title=\"\">Estado Anal\u00edtico del Ejercicio del Presupuesto de Egresos Detallado, Clasificaci\u00f3n Administrativa<\/a><\/td><\/tr><tr><td><a href=\"http:\/\/www.municipiolahuacana.com\/capam\/Ley_Dis_Fin\/2024\/3er_Trim\/Estado%20Anal%C3%ADtico%20del%20Ejercicio%20del%20Presupuesto%20de%20Egresos%20Detallado%2C%20Clasificacion%20de%20servicios%20personales.PDF\" title=\"\">Estado Anal\u00edtico del Ejercicio del Presupuesto de Egresos Detallado, Clasificaci\u00f3n de servicios personales<\/a><\/td><\/tr><tr><td><a href=\"http:\/\/www.municipiolahuacana.com\/capam\/Ley_Dis_Fin\/2024\/3er_Trim\/Estado%20Anal%C3%ADtico%20del%20Ejercicio%20del%20Presupuesto%20de%20Egresos%20Detallado%2C%20Clasificacion%20Funcional.PDF\" title=\"\">Estado Anal\u00edtico del Ejercicio del Presupuesto de Egresos Detallado, Clasificaci\u00f3n Funcional<\/a><\/td><\/tr><tr><td><a href=\"http:\/\/www.municipiolahuacana.com\/capam\/Ley_Dis_Fin\/2024\/3er_Trim\/Estado%20Anal%C3%ADtico%20del%20Ejercicio%20del%20Presupuesto%20de%20Egresos%20Detallado%2C%20Objeto%20del%20gasto.PDF\" title=\"\">Estado Anal\u00edtico del Ejercicio del Presupuesto de Egresos Detallado, Objeto del gasto<\/a><\/td><\/tr><tr><td><a href=\"http:\/\/www.municipiolahuacana.com\/capam\/Ley_Dis_Fin\/2024\/3er_Trim\/Estado%20de%20Situaci%C3%B3n%20Financiera%20Detallado_.PDF\" title=\"\">Estado de Situaci\u00f3n Financiera Detallado<\/a><\/td><\/tr><tr><td><a href=\"http:\/\/www.municipiolahuacana.com\/capam\/Ley_Dis_Fin\/2024\/3er_Trim\/Informe%20Anal%C3%ADtico%20de%20la%20Deuda%20P%C3%BAblica%20y%20Otros%20Pasivos.PDF\" title=\"\">Informe Anal\u00edtico de la Deuda P\u00fablica y Otros Pasivos<\/a><\/td><\/tr><tr><td><a href=\"http:\/\/www.municipiolahuacana.com\/capam\/Ley_Dis_Fin\/2024\/3er_Trim\/Informe%20Anal%C3%ADtico%20de%20Obligaciones%20Diferentes%20de%20Financiamientos_.PDF\" title=\"\">Informe Anal\u00edtico de Obligaciones Diferentes de Financiamientos<\/a><\/td><\/tr><tr><td><a href=\"http:\/\/www.municipiolahuacana.com\/capam\/Ley_Dis_Fin\/2024\/3er_Trim\/Informe%20de%20estudios%20actuariales.PDF\" title=\"\">Informe de estudios actuariales<\/a><\/td><\/tr><tr><td><a href=\"http:\/\/www.municipiolahuacana.com\/capam\/Ley_Dis_Fin\/2024\/3er_Trim\/Proycciones%20de%20Egresos.PDF\" title=\"\">Proyecciones de Egresos<\/a><\/td><\/tr><tr><td><a href=\"http:\/\/www.municipiolahuacana.com\/capam\/Ley_Dis_Fin\/2024\/3er_Trim\/Proyecciones%20de%20Ingresos.PDF\" title=\"\">Proyecciones de Ingresos<\/a><\/td><\/tr><tr><td><a href=\"http:\/\/www.municipiolahuacana.com\/capam\/Ley_Dis_Fin\/2024\/3er_Trim\/Resultados%20%20de%20Egresos.PDF\" title=\"\">Resultados de Egresos<\/a><\/td><\/tr><tr><td><a href=\"http:\/\/www.municipiolahuacana.com\/capam\/Ley_Dis_Fin\/2024\/3er_Trim\/Resultados%20de%20ingresos.pdf\" title=\"\">Resultados de ingresos<\/a><\/td><\/tr><\/tbody><\/table><\/figure>\n\n","protected":false},"excerpt":{"rendered":"<p>Balance Presupuestario 1 Balance Presupuestario 2 Estado Anal\u00edtico de Ingresos Detallado Estado Anal\u00edtico del Ejercicio del Presupuesto de Egresos Detallado, Clasificaci\u00f3n Administrativa Estado Anal\u00edtico del Ejercicio del Presupuesto de Egresos Detallado, Clasificaci\u00f3n de servicios personales Estado Anal\u00edtico del Ejercicio del Presupuesto de Egresos Detallado, Clasificaci\u00f3n Funcional Estado Anal\u00edtico del Ejercicio [&hellip;]<\/p>\n","protected":false},"author":1,"featured_media":0,"parent":0,"menu_order":0,"comment_status":"closed","ping_status":"closed","template":"","meta":{"om_disable_all_campaigns":false,"_monsterinsights_skip_tracking":false,"_monsterinsights_sitenote_active":false,"_monsterinsights_sitenote_note":"","_monsterinsights_sitenote_category":0,"footnotes":""},"class_list":["post-1278","page","type-page","status-publish","hentry"],"aioseo_notices":[],"_links":{"self":[{"href":"https:\/\/municipiolahuacana.com\/index.php\/wp-json\/wp\/v2\/pages\/1278","targetHints":{"allow":["GET"]}}],"collection":[{"href":"https:\/\/municipiolahuacana.com\/index.php\/wp-json\/wp\/v2\/pages"}],"about":[{"href":"https:\/\/municipiolahuacana.com\/index.php\/wp-json\/wp\/v2\/types\/page"}],"author":[{"embeddable":true,"href":"https:\/\/municipiolahuacana.com\/index.php\/wp-json\/wp\/v2\/users\/1"}],"replies":[{"embeddable":true,"href":"https:\/\/municipiolahuacana.com\/index.php\/wp-json\/wp\/v2\/comments?post=1278"}],"version-history":[{"count":3,"href":"https:\/\/municipiolahuacana.com\/index.php\/wp-json\/wp\/v2\/pages\/1278\/revisions"}],"predecessor-version":[{"id":1282,"href":"https:\/\/municipiolahuacana.com\/index.php\/wp-json\/wp\/v2\/pages\/1278\/revisions\/1282"}],"wp:attachment":[{"href":"https:\/\/municipiolahuacana.com\/index.php\/wp-json\/wp\/v2\/media?parent=1278"}],"curies":[{"name":"wp","href":"https:\/\/api.w.org\/{rel}","templated":true}]}}