{"id":1273,"date":"2024-11-04T12:39:33","date_gmt":"2024-11-04T17:39:33","guid":{"rendered":"https:\/\/municipiolahuacana.com\/?page_id=1273"},"modified":"2024-11-04T12:41:16","modified_gmt":"2024-11-04T17:41:16","slug":"capam-conac-3er-trimestre-2024","status":"publish","type":"page","link":"https:\/\/municipiolahuacana.com\/index.php\/capam-conac-3er-trimestre-2024\/","title":{"rendered":"CAPAM \u2013 CONAC 3er Trimestre 2024"},"content":{"rendered":"\n<figure class=\"wp-block-table is-style-stripes\"><table class=\"has-fixed-layout\"><tbody><tr><td><a href=\"http:\/\/www.municipiolahuacana.com\/capam\/CONAC\/2024\/3er_Trim\/Estado%20Anal%C3%ADtico%20de%20Ingresos.PDF\" title=\"\">Estado Anal\u00edtico de Ingresos<\/a><\/td><\/tr><tr><td><a href=\"http:\/\/www.municipiolahuacana.com\/capam\/CONAC\/2024\/3er_Trim\/Estado%20Anal%C3%ADtico%20del%20Activo.PDF\" title=\"\">Estado Anal\u00edtico del Activo<\/a><\/td><\/tr><tr><td><a href=\"http:\/\/www.municipiolahuacana.com\/capam\/CONAC\/2024\/3er_Trim\/Estado%20Anal%C3%ADtico%20del%20Ejercicio%20del%20Presupuesto%20de%20Egresos%20con%20base%20en%20la%20Clasificaci%C3%B3n%20Administrativa.PDF\" title=\"\">Estado Anal\u00edtico del Ejercicio del Presupuesto de Egresos con base en la Clasificaci\u00f3n Administrativa<\/a><\/td><\/tr><tr><td><a href=\"http:\/\/www.municipiolahuacana.com\/capam\/CONAC\/2024\/3er_Trim\/Estado%20Anal%C3%ADtico%20del%20Ejercicio%20del%20Presupuesto%20de%20Egresos%20con%20base%20en%20la%20Clasificaci%C3%B3n%20Econ%C3%B3mica%20%28por%20Tipo%20de%20Gasto%29.PDF\" title=\"\">Estado Anal\u00edtico del Ejercicio del Presupuesto de Egresos con base en la Clasificaci\u00f3n Econ\u00f3mica (por Tipo de Gasto)<\/a><\/td><\/tr><tr><td><a href=\"http:\/\/www.municipiolahuacana.com\/capam\/CONAC\/2024\/3er_Trim\/Estado%20Anal%C3%ADtico%20del%20Ejercicio%20del%20Presupuesto%20de%20Egresos%20con%20base%20en%20la%20Clasificaci%C3%B3n%20Funcional.PDF\" title=\"\">Estado Anal\u00edtico del Ejercicio del Presupuesto de Egresos con base en la Clasificaci\u00f3n Funcional<\/a><\/td><\/tr><tr><td><a href=\"http:\/\/www.municipiolahuacana.com\/capam\/CONAC\/2024\/3er_Trim\/Estado%20Anal%C3%ADtico%20del%20Ejercicio%20del%20Presupuesto%20de%20Egresos%20con%20base%20en%20la%20Clasificaci%C3%B3n%20por%20Objeto%20del%20Gasto.PDF\" title=\"\">Estado Anal\u00edtico del Ejercicio del Presupuesto de Egresos con base en la Clasificaci\u00f3n por Objeto del Gasto<\/a><\/td><\/tr><tr><td><a href=\"http:\/\/www.municipiolahuacana.com\/capam\/CONAC\/2024\/3er_Trim\/Estado%20de%20Actividades.PDF\" title=\"\">Estado de Actividades<\/a><\/td><\/tr><tr><td><a href=\"http:\/\/www.municipiolahuacana.com\/capam\/CONAC\/2024\/3er_Trim\/Estado%20de%20Cambios%20en%20la%20Situaci%C3%B3n%20Financiera%3B.PDF\" title=\"\">Estado de Cambios en la Situaci\u00f3n Financiera<\/a><\/td><\/tr><tr><td><a href=\"http:\/\/www.municipiolahuacana.com\/capam\/CONAC\/2024\/3er_Trim\/Estado%20de%20Flujos%20de%20Efectivo%3B.PDF\" title=\"\">Estado de Flujos de Efectivo<\/a><\/td><\/tr><tr><td><a href=\"http:\/\/www.municipiolahuacana.com\/capam\/CONAC\/2024\/3er_Trim\/Estado%20de%20Situaci%C3%B3n%20Financiera.PDF\" title=\"\">Estado de Situaci\u00f3n Financiera<\/a><\/td><\/tr><tr><td><a href=\"http:\/\/www.municipiolahuacana.com\/capam\/CONAC\/2024\/3er_Trim\/Estado%20de%20Variaci%C3%B3n%20en%20la%20Hacienda%20P%C3%BAblica%3B.PDF\" title=\"\">Estado de Situaci\u00f3n Financiera Estado de Variaci\u00f3n en la Hacienda P\u00fablica<\/a><\/td><\/tr><tr><td><a href=\"http:\/\/www.municipiolahuacana.com\/capam\/CONAC\/2024\/3er_Trim\/Estado_analitico_de_la_deuda_y_otros_pasivos.pdf\" title=\"\">Estado anal\u00edtico de la deuda y otros pasivos<\/a><\/td><\/tr><tr><td><a href=\"http:\/\/www.municipiolahuacana.com\/capam\/CONAC\/2024\/3er_Trim\/Gasto_por_categor%C3%ADa_program%C3%A1tica.pdf\" title=\"\">Gasto por categor\u00eda program\u00e1tica<\/a><\/td><\/tr><tr><td><a href=\"http:\/\/www.municipiolahuacana.com\/capam\/CONAC\/2024\/3er_Trim\/Indicadores%20de%20resultados.pdf\" title=\"\">Indicadores de resultados<\/a><\/td><\/tr><tr><td><a href=\"http:\/\/www.municipiolahuacana.com\/capam\/CONAC\/2024\/3er_Trim\/Indicadores_de_postura_fiscal.pdf\" title=\"\">Indicadores de postura fiscal<\/a><\/td><\/tr><tr><td><a href=\"http:\/\/www.municipiolahuacana.com\/capam\/CONAC\/2024\/3er_Trim\/informacion%20de%20montos%20pagados%20por%20ayudas%20y%20subsidios.pdf\" title=\"\">Informaci\u00f3n de montos pagados por ayudas y subsidios<\/a><\/td><\/tr><tr><td><a href=\"http:\/\/www.municipiolahuacana.com\/capam\/CONAC\/2024\/3er_Trim\/Informe_sobre_pasivos_contingentes.pdf\" title=\"\">Informe sobre pasivos contingentes<\/a><\/td><\/tr><tr><td><a href=\"http:\/\/www.municipiolahuacana.com\/capam\/CONAC\/2024\/3er_Trim\/Intereses_de_la_deuda.pdf\" title=\"\">Intereses de la deuda<\/a><\/td><\/tr><tr><td><a href=\"http:\/\/www.municipiolahuacana.com\/capam\/CONAC\/2024\/3er_Trim\/Notas%20a%20los%20Estados%20Financieros_.PDF\" title=\"\">Notas a los Estados Financieros<\/a><\/td><\/tr><tr><td><a href=\"http:\/\/www.municipiolahuacana.com\/capam\/CONAC\/2024\/3er_Trim\/Programas%20y%20proyectos%20de%20inversion.pdf\" title=\"\">Programas y proyectos de inversion<\/a><\/td><\/tr><\/tbody><\/table><\/figure>\n\n\n\n<p><\/p>\n\n","protected":false},"excerpt":{"rendered":"<p>Estado Anal\u00edtico de Ingresos Estado Anal\u00edtico del Activo Estado Anal\u00edtico del Ejercicio del Presupuesto de Egresos con base en la Clasificaci\u00f3n Administrativa Estado Anal\u00edtico del Ejercicio del Presupuesto de Egresos con base en la Clasificaci\u00f3n Econ\u00f3mica (por Tipo de Gasto) Estado Anal\u00edtico del Ejercicio del Presupuesto de Egresos con base [&hellip;]<\/p>\n","protected":false},"author":1,"featured_media":0,"parent":0,"menu_order":0,"comment_status":"closed","ping_status":"closed","template":"","meta":{"om_disable_all_campaigns":false,"_monsterinsights_skip_tracking":false,"_monsterinsights_sitenote_active":false,"_monsterinsights_sitenote_note":"","_monsterinsights_sitenote_category":0,"footnotes":""},"class_list":["post-1273","page","type-page","status-publish","hentry"],"aioseo_notices":[],"_links":{"self":[{"href":"https:\/\/municipiolahuacana.com\/index.php\/wp-json\/wp\/v2\/pages\/1273","targetHints":{"allow":["GET"]}}],"collection":[{"href":"https:\/\/municipiolahuacana.com\/index.php\/wp-json\/wp\/v2\/pages"}],"about":[{"href":"https:\/\/municipiolahuacana.com\/index.php\/wp-json\/wp\/v2\/types\/page"}],"author":[{"embeddable":true,"href":"https:\/\/municipiolahuacana.com\/index.php\/wp-json\/wp\/v2\/users\/1"}],"replies":[{"embeddable":true,"href":"https:\/\/municipiolahuacana.com\/index.php\/wp-json\/wp\/v2\/comments?post=1273"}],"version-history":[{"count":2,"href":"https:\/\/municipiolahuacana.com\/index.php\/wp-json\/wp\/v2\/pages\/1273\/revisions"}],"predecessor-version":[{"id":1276,"href":"https:\/\/municipiolahuacana.com\/index.php\/wp-json\/wp\/v2\/pages\/1273\/revisions\/1276"}],"wp:attachment":[{"href":"https:\/\/municipiolahuacana.com\/index.php\/wp-json\/wp\/v2\/media?parent=1273"}],"curies":[{"name":"wp","href":"https:\/\/api.w.org\/{rel}","templated":true}]}}