{"id":1202,"date":"2024-08-08T03:17:28","date_gmt":"2024-08-08T08:17:28","guid":{"rendered":"https:\/\/municipiolahuacana.com\/?page_id=1202"},"modified":"2024-08-08T03:21:45","modified_gmt":"2024-08-08T08:21:45","slug":"dif-conac-2do-trimestre-2024","status":"publish","type":"page","link":"https:\/\/municipiolahuacana.com\/index.php\/dif-conac-2do-trimestre-2024\/","title":{"rendered":"DIF \u2013 CONAC 2DO TRIMESTRE 2024"},"content":{"rendered":"\n<figure class=\"wp-block-table is-style-stripes\"><table class=\"has-fixed-layout\"><tbody><tr><td><a href=\"http:\/\/www.municipiolahuacana.com\/\/DIF\/2024\/CONAC\/2do_Trim\/1.-%20%20Estado%20de%20actividades.pdf\" title=\"\">1.- Estado de actividades<\/a><\/td><\/tr><tr><td><a href=\"http:\/\/www.municipiolahuacana.com\/\/DIF\/2024\/CONAC\/2do_Trim\/2.-%20%20Estado%20de%20situacion%20financiera.pdf\" title=\"\">2.- Estado de situaci\u00f3n financiera<\/a><\/td><\/tr><tr><td><a href=\"http:\/\/www.municipiolahuacana.com\/\/DIF\/2024\/CONAC\/2do_Trim\/3.-%20%20Estado%20de%20variaci%C3%B3n%20en%20la%20hacienda%20p%C3%BAblica.pdf\" title=\"\">3.- Estado de variaci\u00f3n en la hacienda p\u00fablica<\/a><\/td><\/tr><tr><td><a href=\"http:\/\/www.municipiolahuacana.com\/\/DIF\/2024\/CONAC\/2do_Trim\/4.-%20%20Estado%20de%20cambios%20en%20la%20situaci%C3%B3n%20financiera.pdf\" title=\"\">4.- Estado de cambios en la situaci\u00f3n financiera<\/a><\/td><\/tr><tr><td><a href=\"http:\/\/www.municipiolahuacana.com\/\/DIF\/2024\/CONAC\/2do_Trim\/5.-%20%20Estado%20de%20flujos%20de%20efectivo.pdf\" title=\"\">5.- Estado de flujos de efectivo<\/a><\/td><\/tr><tr><td><a href=\"http:\/\/www.municipiolahuacana.com\/\/DIF\/2024\/CONAC\/2do_Trim\/6.-%20%20Estado%20anal%C3%ADtico%20del%20activo.pdf\" title=\"\">6.- Estado anal\u00edtico del activo<\/a><\/td><\/tr><tr><td><a href=\"http:\/\/www.municipiolahuacana.com\/\/DIF\/2024\/CONAC\/2do_Trim\/7.-%20Estado%20Analitico%20de%20la%20deuda%20y%20otros%20pasivos.pdf\" title=\"\">7.- Estado Anal\u00edtico de la deuda y otros pasivos<\/a><\/td><\/tr><tr><td><a href=\"http:\/\/www.municipiolahuacana.com\/\/DIF\/2024\/CONAC\/2do_Trim\/8.-%20Informe%20sobre%20el%20pasivo%20contingente.pdf\" title=\"\">8.- Informe sobre el pasivo contingente<\/a><\/td><\/tr><tr><td><a href=\"http:\/\/www.municipiolahuacana.com\/\/DIF\/2024\/CONAC\/2do_Trim\/9.-%20%20NOTAS%20ESTADOS%20FINANCIEROS%20CODIF.pdf\" title=\"\">9.- NOTAS ESTADOS FINANCIEROS CODIF<\/a><\/td><\/tr><tr><td><a href=\"http:\/\/www.municipiolahuacana.com\/\/DIF\/2024\/CONAC\/2do_Trim\/10.-%20%20Estado%20anal%C3%ADtico%20de%20ingresos.pdf\" title=\"\">10.- Estado anal\u00edtico de ingresos<\/a><\/td><\/tr><tr><td><a href=\"http:\/\/www.municipiolahuacana.com\/\/DIF\/2024\/CONAC\/2do_Trim\/11.-%20%20Egresos%20por%20clasificaci%C3%B3n%20administrativa.pdf\" title=\"\">11.- Egresos por clasificaci\u00f3n administrativa<\/a><\/td><\/tr><tr><td><a href=\"http:\/\/www.municipiolahuacana.com\/\/DIF\/2024\/CONAC\/2do_Trim\/12.-%20%20Egresos%20por%20clasificaci%C3%B3n%20econ%C3%B3mica%20por%20tipo%20de%20gasto_.pdf\" title=\"\">12.- Egresos por clasificaci\u00f3n econ\u00f3mica por tipo de gasto<\/a><\/td><\/tr><tr><td><a href=\"http:\/\/www.municipiolahuacana.com\/\/DIF\/2024\/CONAC\/2do_Trim\/13.-%20%20Egresos%20por%20clasificaci%C3%B3n%20por%20objeto%20del%20gasto_.pdf\" title=\"\">13.- Egresos por clasificaci\u00f3n por objeto del gasto<\/a><\/td><\/tr><tr><td><a href=\"http:\/\/www.municipiolahuacana.com\/\/DIF\/2024\/CONAC\/2do_Trim\/14.-%20Egresos%20por%20clasificaci%C3%B3n%20funcional_.pdf\" title=\"\">14.- Egresos por clasificaci\u00f3n funcional<\/a><\/td><\/tr><tr><td><a href=\"http:\/\/www.municipiolahuacana.com\/\/DIF\/2024\/CONAC\/2do_Trim\/15%20Endeudamiento%20Neto.pdf\" title=\"\">15.- Endeudamiento Neto<\/a><\/td><\/tr><tr><td><a href=\"http:\/\/www.municipiolahuacana.com\/\/DIF\/2024\/CONAC\/2do_Trim\/16.-%20Intereses%20de%20la%20deuda.pdf\" title=\"\">16.- Intereses de la deuda<\/a><\/td><\/tr><tr><td><a href=\"http:\/\/www.municipiolahuacana.com\/\/DIF\/2024\/CONAC\/2do_Trim\/17.-%20Gastos%20%20por%20categoria%20programatica.pdf\" title=\"\">17.- Gastos por categor\u00eda program\u00e1tica<\/a><\/td><\/tr><tr><td><a href=\"http:\/\/www.municipiolahuacana.com\/\/DIF\/2024\/CONAC\/2do_Trim\/18.-%20Indicadores%20de%20portura%20fiscal.pdf\" title=\"\">18.- Indicadores de postura fiscal<\/a><\/td><\/tr><tr><td><a href=\"http:\/\/www.municipiolahuacana.com\/\/DIF\/2024\/CONAC\/2do_Trim\/19.-%20Programa%20y%20proyectos%20de%20inversion.pdf\" title=\"\">19.- Programa y proyectos de inversi\u00f3n<\/a><\/td><\/tr><tr><td><a href=\"http:\/\/www.municipiolahuacana.com\/\/DIF\/2024\/CONAC\/2do_Trim\/20.-%20INVENTARION%20DE%20BIENES%20MUEBLES%202024.pdf\" title=\"\">20.- INVENTARION DE BIENES MUEBLES <\/a><\/td><\/tr><\/tbody><\/table><\/figure>\n\n","protected":false},"excerpt":{"rendered":"<p>1.- Estado de actividades 2.- Estado de situaci\u00f3n financiera 3.- Estado de variaci\u00f3n en la hacienda p\u00fablica 4.- Estado de cambios en la situaci\u00f3n financiera 5.- Estado de flujos de efectivo 6.- Estado anal\u00edtico del activo 7.- Estado Anal\u00edtico de la deuda y otros pasivos 8.- Informe sobre el pasivo [&hellip;]<\/p>\n","protected":false},"author":1,"featured_media":0,"parent":0,"menu_order":0,"comment_status":"closed","ping_status":"closed","template":"","meta":{"om_disable_all_campaigns":false,"_monsterinsights_skip_tracking":false,"_monsterinsights_sitenote_active":false,"_monsterinsights_sitenote_note":"","_monsterinsights_sitenote_category":0,"footnotes":""},"class_list":["post-1202","page","type-page","status-publish","hentry"],"aioseo_notices":[],"_links":{"self":[{"href":"https:\/\/municipiolahuacana.com\/index.php\/wp-json\/wp\/v2\/pages\/1202","targetHints":{"allow":["GET"]}}],"collection":[{"href":"https:\/\/municipiolahuacana.com\/index.php\/wp-json\/wp\/v2\/pages"}],"about":[{"href":"https:\/\/municipiolahuacana.com\/index.php\/wp-json\/wp\/v2\/types\/page"}],"author":[{"embeddable":true,"href":"https:\/\/municipiolahuacana.com\/index.php\/wp-json\/wp\/v2\/users\/1"}],"replies":[{"embeddable":true,"href":"https:\/\/municipiolahuacana.com\/index.php\/wp-json\/wp\/v2\/comments?post=1202"}],"version-history":[{"count":3,"href":"https:\/\/municipiolahuacana.com\/index.php\/wp-json\/wp\/v2\/pages\/1202\/revisions"}],"predecessor-version":[{"id":1207,"href":"https:\/\/municipiolahuacana.com\/index.php\/wp-json\/wp\/v2\/pages\/1202\/revisions\/1207"}],"wp:attachment":[{"href":"https:\/\/municipiolahuacana.com\/index.php\/wp-json\/wp\/v2\/media?parent=1202"}],"curies":[{"name":"wp","href":"https:\/\/api.w.org\/{rel}","templated":true}]}}