{"id":1196,"date":"2024-08-08T03:09:50","date_gmt":"2024-08-08T08:09:50","guid":{"rendered":"https:\/\/municipiolahuacana.com\/?page_id=1196"},"modified":"2024-08-08T03:12:46","modified_gmt":"2024-08-08T08:12:46","slug":"dif-ldf-2do-trimestre-2024","status":"publish","type":"page","link":"https:\/\/municipiolahuacana.com\/index.php\/dif-ldf-2do-trimestre-2024\/","title":{"rendered":"DIF \u2013 LDF 2DO TRIMESTRE 2024"},"content":{"rendered":"\n<figure class=\"wp-block-table is-style-stripes\"><table class=\"has-fixed-layout\"><tbody><tr><td><a href=\"http:\/\/www.municipiolahuacana.com\/\/DIF\/2024\/Ley_Dis_Fin\/1.-%20Estado%20de%20Situaci%C3%B3n%20Financiera%20Detallado.pdf\" title=\"\">1.- Estado de Situaci\u00f3n Financiera Detallado<\/a><\/td><\/tr><tr><td><a href=\"http:\/\/www.municipiolahuacana.com\/\/DIF\/2024\/Ley_Dis_Fin\/2.-Informe%20Anal%C3%ADtico%20de%20la%20Deuda%20P%C3%BAblica%20y%20Otros%20Pasivos_.pdf\" title=\"\">2.-Informe Anal\u00edtico de la Deuda P\u00fablica y Otros Pasivos<\/a><\/td><\/tr><tr><td><a href=\"http:\/\/www.municipiolahuacana.com\/\/DIF\/2024\/Ley_Dis_Fin\/3.-%20Informe%20Anal%C3%ADtico%20de%20Obligaciones%20Diferentes%20de%20Financiamientos_.pdf\" title=\"\">3.- Informe Anal\u00edtico de Obligaciones Diferentes de Financiamientos<\/a><\/td><\/tr><tr><td><a href=\"http:\/\/www.municipiolahuacana.com\/\/DIF\/2024\/Ley_Dis_Fin\/4.-%20Balance%20Presupuestario_.pdf\" title=\"\">4.- Balance Presupuestario<\/a><\/td><\/tr><tr><td><a href=\"http:\/\/www.municipiolahuacana.com\/\/DIF\/2024\/Ley_Dis_Fin\/5.-Estado%20Anal%C3%ADtico%20de%20Ingresos%20Detallado_.pdf\" title=\"\">5.-Estado Anal\u00edtico de Ingresos Detallado<\/a><\/td><\/tr><tr><td><a href=\"http:\/\/www.municipiolahuacana.com\/\/DIF\/2024\/Ley_Dis_Fin\/6a.-%20Por%20Objeto%20del%20Gasto_.pdf\" title=\"\">6a.- Por Objeto del Gasto<\/a><\/td><\/tr><tr><td><a href=\"http:\/\/www.municipiolahuacana.com\/\/DIF\/2024\/Ley_Dis_Fin\/6b.-%20Clasificaci%C3%B3n%20Administrativa_.pdf\" title=\"\">6b.- Clasificaci\u00f3n Administrativa<\/a><\/td><\/tr><tr><td><a href=\"http:\/\/www.municipiolahuacana.com\/\/DIF\/2024\/Ley_Dis_Fin\/6c.-Clasificaci%C3%B3n%20Funcional_.pdf\" title=\"\">6c.-Clasificaci\u00f3n Funcional<\/a><\/td><\/tr><tr><td><a href=\"http:\/\/www.municipiolahuacana.com\/\/DIF\/2024\/Ley_Dis_Fin\/6d.%20Clasificaci%C3%B3n%20de%20Servicios%20Personales%20por%20Categor%C3%ADa_.pdf\" title=\"\">6d.- Clasificaci\u00f3n de Servicios Personales por Categor\u00eda<\/a><\/td><\/tr><tr><td><a href=\"http:\/\/www.municipiolahuacana.com\/\/DIF\/2024\/Ley_Dis_Fin\/7a.-%20Proyecciones%20de%20Ingresos_.pdf\" title=\"\">7a.- Proyecciones de Ingresos<\/a><\/td><\/tr><tr><td><a href=\"http:\/\/www.municipiolahuacana.com\/\/DIF\/2024\/Ley_Dis_Fin\/7b.-%20Proyecciones%20de%20Egresos.pdf\" title=\"\">7b.- Proyecciones de Egresos<\/a><\/td><\/tr><tr><td><a href=\"http:\/\/www.municipiolahuacana.com\/\/DIF\/2024\/Ley_Dis_Fin\/7c.-Resultados%20de%20Ingresos_.pdf\" title=\"\">7c.-Resultados de Ingresos<\/a><\/td><\/tr><tr><td><a href=\"http:\/\/www.municipiolahuacana.com\/\/DIF\/2024\/Ley_Dis_Fin\/7d.-%20Resultado%20de%20Egresos._.pdf\" title=\"\">7d.- Resultado de Egresos<\/a><\/td><\/tr><\/tbody><\/table><\/figure>\n\n","protected":false},"excerpt":{"rendered":"<p>1.- Estado de Situaci\u00f3n Financiera Detallado 2.-Informe Anal\u00edtico de la Deuda P\u00fablica y Otros Pasivos 3.- Informe Anal\u00edtico de Obligaciones Diferentes de Financiamientos 4.- Balance Presupuestario 5.-Estado Anal\u00edtico de Ingresos Detallado 6a.- Por Objeto del Gasto 6b.- Clasificaci\u00f3n Administrativa 6c.-Clasificaci\u00f3n Funcional 6d.- Clasificaci\u00f3n de Servicios Personales por Categor\u00eda 7a.- Proyecciones [&hellip;]<\/p>\n","protected":false},"author":1,"featured_media":0,"parent":0,"menu_order":0,"comment_status":"closed","ping_status":"closed","template":"","meta":{"om_disable_all_campaigns":false,"_monsterinsights_skip_tracking":false,"_monsterinsights_sitenote_active":false,"_monsterinsights_sitenote_note":"","_monsterinsights_sitenote_category":0,"footnotes":""},"class_list":["post-1196","page","type-page","status-publish","hentry"],"aioseo_notices":[],"_links":{"self":[{"href":"https:\/\/municipiolahuacana.com\/index.php\/wp-json\/wp\/v2\/pages\/1196","targetHints":{"allow":["GET"]}}],"collection":[{"href":"https:\/\/municipiolahuacana.com\/index.php\/wp-json\/wp\/v2\/pages"}],"about":[{"href":"https:\/\/municipiolahuacana.com\/index.php\/wp-json\/wp\/v2\/types\/page"}],"author":[{"embeddable":true,"href":"https:\/\/municipiolahuacana.com\/index.php\/wp-json\/wp\/v2\/users\/1"}],"replies":[{"embeddable":true,"href":"https:\/\/municipiolahuacana.com\/index.php\/wp-json\/wp\/v2\/comments?post=1196"}],"version-history":[{"count":3,"href":"https:\/\/municipiolahuacana.com\/index.php\/wp-json\/wp\/v2\/pages\/1196\/revisions"}],"predecessor-version":[{"id":1201,"href":"https:\/\/municipiolahuacana.com\/index.php\/wp-json\/wp\/v2\/pages\/1196\/revisions\/1201"}],"wp:attachment":[{"href":"https:\/\/municipiolahuacana.com\/index.php\/wp-json\/wp\/v2\/media?parent=1196"}],"curies":[{"name":"wp","href":"https:\/\/api.w.org\/{rel}","templated":true}]}}