{"id":1188,"date":"2024-08-06T01:26:22","date_gmt":"2024-08-06T06:26:22","guid":{"rendered":"https:\/\/municipiolahuacana.com\/?page_id=1188"},"modified":"2024-08-06T01:29:11","modified_gmt":"2024-08-06T06:29:11","slug":"capam-ldf-2do-trimestre-2024","status":"publish","type":"page","link":"https:\/\/municipiolahuacana.com\/index.php\/capam-ldf-2do-trimestre-2024\/","title":{"rendered":"CAPAM \u2013 LDF 2do Trimestre 2024"},"content":{"rendered":"\n<figure class=\"wp-block-table is-style-stripes\"><table class=\"has-fixed-layout\"><tbody><tr><td><a href=\"http:\/\/www.municipiolahuacana.com\/capam\/Ley_Dis_Fin\/2024\/2do_Trim\/BalancePresup2dotri24.PDF\" title=\"\">Balance Presupuestario<\/a><\/td><\/tr><tr><td><a href=\"http:\/\/www.municipiolahuacana.com\/capam\/Ley_Dis_Fin\/2024\/2do_Trim\/EstAnalIngDetall2dotri24.PDF\" title=\"\">Estado Anal\u00edtico de Ingresos Detallado<\/a><\/td><\/tr><tr><td><a href=\"http:\/\/www.municipiolahuacana.com\/capam\/Ley_Dis_Fin\/2024\/2do_Trim\/EstAnalPreEgObjGast2dotri24.PDF\" title=\"\">Estado Anal\u00edtico del Presupuesto de Egresos por Objeto del Gasto<\/a><\/td><\/tr><tr><td><a href=\"http:\/\/www.municipiolahuacana.com\/capam\/Ley_Dis_Fin\/2024\/2do_Trim\/EstAnalPrepEgrDetServPers2dotri24.PDF\" title=\"\">Estado Anal\u00edtico del Prepuesto de Egresos Detallado Clasificaci\u00f3n de Servicios Personales<\/a><\/td><\/tr><tr><td><a href=\"http:\/\/www.municipiolahuacana.com\/capam\/Ley_Dis_Fin\/2024\/2do_Trim\/EstAnlPreEgClasFun2dotrio24.PDF\" title=\"\">Estado Anal\u00edtico del Presupuesto de Egresos Clasificaci\u00f3n Funcional<\/a><\/td><\/tr><tr><td><a href=\"http:\/\/www.municipiolahuacana.com\/capam\/Ley_Dis_Fin\/2024\/2do_Trim\/EstAnlPresClasAdmon2dotri24.PDF\" title=\"\">Estado Anal\u00edtico del Presupuesto Clasificaci\u00f3n Adm\u00f3n.<\/a><\/td><\/tr><tr><td><a href=\"http:\/\/www.municipiolahuacana.com\/capam\/Ley_Dis_Fin\/2024\/2do_Trim\/EstSitFinDetall2dotri24.PDF\" title=\"\">Estado de Situaci\u00f3n Financiera Detallado<\/a><\/td><\/tr><tr><td><a href=\"http:\/\/www.municipiolahuacana.com\/capam\/Ley_Dis_Fin\/2024\/2do_Trim\/Inf.Anl.DeudPPasifo2dotrim24.PDF\" title=\"\">Informe Anal\u00edtico de la Deuda P\u00fablica y otros Pasivos<\/a><\/td><\/tr><tr><td><a href=\"http:\/\/www.municipiolahuacana.com\/capam\/Ley_Dis_Fin\/2024\/2do_Trim\/InfAnlOblFinan2dotri24.PDF\" title=\"\">Informe Anal\u00edtico de Obligaciones de Diferentes Financiamientos<\/a><\/td><\/tr><tr><td><a href=\"http:\/\/www.municipiolahuacana.com\/capam\/Ley_Dis_Fin\/2024\/2do_Trim\/InfEstAcuariales2dotri24.PDF\" title=\"\">Informe sobre Estudios Actuariales<\/a><\/td><\/tr><tr><td><a href=\"http:\/\/www.municipiolahuacana.com\/capam\/Ley_Dis_Fin\/2024\/2do_Trim\/ProydeIng2dotri234.PDF\" title=\"\">Proyecciones de Ingresos<\/a><\/td><\/tr><tr><td><a href=\"http:\/\/www.municipiolahuacana.com\/capam\/Ley_Dis_Fin\/2024\/2do_Trim\/ResuIng2dotroi24.PDF\" title=\"\">Resultados de Ingresos<\/a><\/td><\/tr><tr><td><a href=\"http:\/\/www.municipiolahuacana.com\/capam\/Ley_Dis_Fin\/2024\/2do_Trim\/ResulEgres2dotri24.PDF\" title=\"\">Resultados de Egresos<\/a><\/td><\/tr><\/tbody><\/table><\/figure>\n\n","protected":false},"excerpt":{"rendered":"<p>Balance Presupuestario Estado Anal\u00edtico de Ingresos Detallado Estado Anal\u00edtico del Presupuesto de Egresos por Objeto del Gasto Estado Anal\u00edtico del Prepuesto de Egresos Detallado Clasificaci\u00f3n de Servicios Personales Estado Anal\u00edtico del Presupuesto de Egresos Clasificaci\u00f3n Funcional Estado Anal\u00edtico del Presupuesto Clasificaci\u00f3n Adm\u00f3n. Estado de Situaci\u00f3n Financiera Detallado Informe Anal\u00edtico de [&hellip;]<\/p>\n","protected":false},"author":1,"featured_media":0,"parent":0,"menu_order":0,"comment_status":"closed","ping_status":"closed","template":"","meta":{"om_disable_all_campaigns":false,"_monsterinsights_skip_tracking":false,"_monsterinsights_sitenote_active":false,"_monsterinsights_sitenote_note":"","_monsterinsights_sitenote_category":0,"footnotes":""},"class_list":["post-1188","page","type-page","status-publish","hentry"],"aioseo_notices":[],"_links":{"self":[{"href":"https:\/\/municipiolahuacana.com\/index.php\/wp-json\/wp\/v2\/pages\/1188","targetHints":{"allow":["GET"]}}],"collection":[{"href":"https:\/\/municipiolahuacana.com\/index.php\/wp-json\/wp\/v2\/pages"}],"about":[{"href":"https:\/\/municipiolahuacana.com\/index.php\/wp-json\/wp\/v2\/types\/page"}],"author":[{"embeddable":true,"href":"https:\/\/municipiolahuacana.com\/index.php\/wp-json\/wp\/v2\/users\/1"}],"replies":[{"embeddable":true,"href":"https:\/\/municipiolahuacana.com\/index.php\/wp-json\/wp\/v2\/comments?post=1188"}],"version-history":[{"count":3,"href":"https:\/\/municipiolahuacana.com\/index.php\/wp-json\/wp\/v2\/pages\/1188\/revisions"}],"predecessor-version":[{"id":1192,"href":"https:\/\/municipiolahuacana.com\/index.php\/wp-json\/wp\/v2\/pages\/1188\/revisions\/1192"}],"wp:attachment":[{"href":"https:\/\/municipiolahuacana.com\/index.php\/wp-json\/wp\/v2\/media?parent=1188"}],"curies":[{"name":"wp","href":"https:\/\/api.w.org\/{rel}","templated":true}]}}