{"id":1168,"date":"2024-08-05T18:10:32","date_gmt":"2024-08-05T23:10:32","guid":{"rendered":"https:\/\/municipiolahuacana.com\/?page_id=1168"},"modified":"2024-08-05T18:13:41","modified_gmt":"2024-08-05T23:13:41","slug":"ldf-4to-trimestre-2023","status":"publish","type":"page","link":"https:\/\/municipiolahuacana.com\/index.php\/ldf-4to-trimestre-2023\/","title":{"rendered":"LDF 4to Trimestre 2023"},"content":{"rendered":"\n<figure class=\"wp-block-table is-style-stripes\"><table class=\"has-fixed-layout\"><tbody><tr><td><a href=\"http:\/\/www.municipiolahuacana.com\/Ley_Disciplina_Financiera\/2023\/4to_Trim\/BALANCE%20PRESUPUESTARIO.pdf\" title=\"\">BALANCE PRESUPUESTARIO<\/a><\/td><\/tr><tr><td><a href=\"http:\/\/www.municipiolahuacana.com\/Ley_Disciplina_Financiera\/2023\/4to_Trim\/DIFERENTES%20FINANCIAMIENTO.pdf\" title=\"\">DIFERENTES FINANCIAMIENTO<\/a><\/td><\/tr><tr><td><a href=\"http:\/\/www.municipiolahuacana.com\/Ley_Disciplina_Financiera\/2023\/4to_Trim\/ESTADO%20ANALITICO%20DE%20INGRESOS%20DETALLADO.pdf\" title=\"\">ESTADO ANALITICO DE INGRESOS DETALLADO<\/a><\/td><\/tr><tr><td><a href=\"http:\/\/www.municipiolahuacana.com\/Ley_Disciplina_Financiera\/2023\/4to_Trim\/ESTADO%20DE%20SITUACION%20FINANCIERA%20DETALLADO.pdf\" title=\"\">ESTADO DE SITUACION FINANCIERA DETALLADO<\/a><\/td><\/tr><tr><td><a href=\"http:\/\/www.municipiolahuacana.com\/Ley_Disciplina_Financiera\/2023\/4to_Trim\/F6a_EAEPED_COG_31122023.pdf\" title=\"\">Estado Anal\u00edtico del Ejercicio del Presupuesto de Egresos Detallado Clasificaci\u00f3n por Objeto del Gasto<\/a><\/td><\/tr><tr><td><a href=\"http:\/\/www.municipiolahuacana.com\/Ley_Disciplina_Financiera\/2023\/4to_Trim\/F6b_EAEPED_CA_31122023.pdf\" title=\"\">Estado Anal\u00edtico del Ejercicio del Presupuesto de Egresos Detallado Clasificaci\u00f3n Administrativa<\/a><\/td><\/tr><tr><td><a href=\"http:\/\/www.municipiolahuacana.com\/Ley_Disciplina_Financiera\/2023\/4to_Trim\/F6c_EAEPED_CF_31122023.pdf\" title=\"\">Estado Anal\u00edtico del Ejercicio del Presupuesto de Egresos Detallado Clasificaci\u00f3n Funcional<\/a><\/td><\/tr><tr><td><a href=\"http:\/\/www.municipiolahuacana.com\/Ley_Disciplina_Financiera\/2023\/4to_Trim\/FORMATO%206D%20ANALITICO%20DEL%20EJRCICIO%20POR%20SERVICIOS%20PERSONALES.pdf\" title=\"\">FORMATO 6D ANALITICO DEL EJRCICIO POR SERVICIOS PERSONALES<\/a><\/td><\/tr><tr><td><a href=\"http:\/\/www.municipiolahuacana.com\/Ley_Disciplina_Financiera\/2023\/4to_Trim\/Formato%207a%20Proyecciones%20de%20Ingresos%20LDF%202023.pdf\" title=\"\">Formato 7a Proyecciones de Ingresos<\/a><\/td><\/tr><tr><td><a href=\"http:\/\/www.municipiolahuacana.com\/Ley_Disciplina_Financiera\/2023\/4to_Trim\/Formato%207b%20Proyecciones%20de%20Egresos%20%202023.pdf\" title=\"\">Formato 7b Proyecciones de Egresos<\/a><\/td><\/tr><tr><td><a href=\"http:\/\/www.municipiolahuacana.com\/Ley_Disciplina_Financiera\/2023\/4to_Trim\/Formato%207c%20Resultados%20de%20Ingresos%20LDF%202023.pdf\" title=\"\">Formato 7c Resultados de Ingresos<\/a><\/td><\/tr><tr><td><a href=\"http:\/\/www.municipiolahuacana.com\/Ley_Disciplina_Financiera\/2023\/4to_Trim\/Formato%207d%20Resultados%20de%20Egresos%202023.pdf\" title=\"\">Formato 7d Resultados de Egresos<\/a><\/td><\/tr><tr><td><a href=\"http:\/\/www.municipiolahuacana.com\/Ley_Disciplina_Financiera\/2023\/4to_Trim\/INFORME%20ANALITICO%20DE%20LA%20DEUDA%20PUBLICA%20Y%20OTROS%20PASIVOS.pdf\" title=\"\">INFORME ANALITICO DE LA DEUDA PUBLICA Y OTROS PASIVOS<\/a><\/td><\/tr><tr><td><a href=\"http:\/\/www.municipiolahuacana.com\/Ley_Disciplina_Financiera\/2023\/4to_Trim\/INFORME%20SOBRE%20ESTUDIOS%20ACTUARIALES%204.pdf\" title=\"\">INFORME SOBRE ESTUDIOS ACTUARIALES<\/a><\/td><\/tr><tr><td><a href=\"http:\/\/www.municipiolahuacana.com\/Ley_Disciplina_Financiera\/2023\/4to_Trim\/INVENTARIO.pdf\" title=\"\">INVENTARIO<\/a><\/td><\/tr><tr><td><a href=\"http:\/\/www.municipiolahuacana.com\/Ley_Disciplina_Financiera\/2023\/4to_Trim\/OBLIGACIONES%20CORTO%20PLAZAC%20CUPON%20ZERO%204TO%20TRIM.pdf\" title=\"\">OBLIGACIONES CORTO PLAZAC CUPON ZERO<\/a><\/td><\/tr><\/tbody><\/table><\/figure>\n\n","protected":false},"excerpt":{"rendered":"<p>BALANCE PRESUPUESTARIO DIFERENTES FINANCIAMIENTO ESTADO ANALITICO DE INGRESOS DETALLADO ESTADO DE SITUACION FINANCIERA DETALLADO Estado Anal\u00edtico del Ejercicio del Presupuesto de Egresos Detallado Clasificaci\u00f3n por Objeto del Gasto Estado Anal\u00edtico del Ejercicio del Presupuesto de Egresos Detallado Clasificaci\u00f3n Administrativa Estado Anal\u00edtico del Ejercicio del Presupuesto de Egresos Detallado Clasificaci\u00f3n Funcional [&hellip;]<\/p>\n","protected":false},"author":1,"featured_media":0,"parent":0,"menu_order":0,"comment_status":"closed","ping_status":"closed","template":"","meta":{"om_disable_all_campaigns":false,"_monsterinsights_skip_tracking":false,"_monsterinsights_sitenote_active":false,"_monsterinsights_sitenote_note":"","_monsterinsights_sitenote_category":0,"footnotes":""},"class_list":["post-1168","page","type-page","status-publish","hentry"],"aioseo_notices":[],"_links":{"self":[{"href":"https:\/\/municipiolahuacana.com\/index.php\/wp-json\/wp\/v2\/pages\/1168","targetHints":{"allow":["GET"]}}],"collection":[{"href":"https:\/\/municipiolahuacana.com\/index.php\/wp-json\/wp\/v2\/pages"}],"about":[{"href":"https:\/\/municipiolahuacana.com\/index.php\/wp-json\/wp\/v2\/types\/page"}],"author":[{"embeddable":true,"href":"https:\/\/municipiolahuacana.com\/index.php\/wp-json\/wp\/v2\/users\/1"}],"replies":[{"embeddable":true,"href":"https:\/\/municipiolahuacana.com\/index.php\/wp-json\/wp\/v2\/comments?post=1168"}],"version-history":[{"count":3,"href":"https:\/\/municipiolahuacana.com\/index.php\/wp-json\/wp\/v2\/pages\/1168\/revisions"}],"predecessor-version":[{"id":1172,"href":"https:\/\/municipiolahuacana.com\/index.php\/wp-json\/wp\/v2\/pages\/1168\/revisions\/1172"}],"wp:attachment":[{"href":"https:\/\/municipiolahuacana.com\/index.php\/wp-json\/wp\/v2\/media?parent=1168"}],"curies":[{"name":"wp","href":"https:\/\/api.w.org\/{rel}","templated":true}]}}