{"id":1133,"date":"2024-05-17T17:14:57","date_gmt":"2024-05-17T22:14:57","guid":{"rendered":"https:\/\/municipiolahuacana.com\/?page_id=1133"},"modified":"2024-05-17T17:18:37","modified_gmt":"2024-05-17T22:18:37","slug":"capam-conac-1er-trimestre-2024","status":"publish","type":"page","link":"https:\/\/municipiolahuacana.com\/index.php\/capam-conac-1er-trimestre-2024\/","title":{"rendered":"CAPAM \u2013 CONAC 1er Trimestre 2024"},"content":{"rendered":"\n<figure class=\"wp-block-table is-style-stripes\"><table><tbody><tr><td><a href=\"http:\/\/www.municipiolahuacana.com\/capam\/CONAC\/2024\/1er_Trim\/ConcEgrePrespGtosContab1ertri24.PDF\" title=\"\">Conciliaci\u00f3n entre los Egresos Presupuestarios y los Gastos Contables<\/a><\/td><\/tr><tr><td><a href=\"http:\/\/www.municipiolahuacana.com\/capam\/CONAC\/2024\/1er_Trim\/Conci.entreIngPresupConta1ertri24.PDF\" title=\"\">Conciliaci\u00f3n entre los Ingresos Presupuestarios y Contables<\/a><\/td><\/tr><tr><td><a href=\"http:\/\/www.municipiolahuacana.com\/capam\/CONAC\/2024\/1er_Trim\/EstadeActi1ertri24.PDF\" title=\"\">Estado de Actividades<\/a><\/td><\/tr><tr><td><a href=\"http:\/\/www.municipiolahuacana.com\/capam\/CONAC\/2024\/1er_Trim\/EstAnaEjerPreClasxObgto1ertri24.PDF\" title=\"\">Estado Anal\u00edtico del Ejercicio del Presupuesto de Egresos Clasificaci\u00f3n por Objeto del Gasto<\/a><\/td><\/tr><tr><td><a href=\"http:\/\/www.municipiolahuacana.com\/capam\/CONAC\/2024\/1er_Trim\/EstAnaEjerPreEgClaFunc1ertri24.PDF\" title=\"\">Estado Anal\u00edtico del Ejercicio del Presupuesto de Egresos Clasificaci\u00f3n Funcional<\/a><\/td><\/tr><tr><td><a href=\"http:\/\/www.municipiolahuacana.com\/capam\/CONAC\/2024\/1er_Trim\/EstAnalEjerPresClaEcon1ertri24.PDF\" title=\"\">Estado Anal\u00edtico del Ejercicio del Presupuesto Clasificaci\u00f3n Econ\u00f3mica<\/a><\/td><\/tr><tr><td><a href=\"http:\/\/www.municipiolahuacana.com\/capam\/CONAC\/2024\/1er_Trim\/EstAnalEjerPresupEgre1ertri24.PDF\" title=\"\">Estado Anal\u00edtico del Ejercicio del Presupuesto de Egresos<\/a><\/td><\/tr><tr><td><a href=\"http:\/\/www.municipiolahuacana.com\/capam\/CONAC\/2024\/1er_Trim\/EstdAnal.Ingr1ertri24.PDF\" title=\"\">Estado Anal\u00edtico de Ingresos<\/a><\/td><\/tr><tr><td><a href=\"http:\/\/www.municipiolahuacana.com\/capam\/CONAC\/2024\/1er_Trim\/EstdAnaliticoActivo1ertri24.PDF\" title=\"\">Estado Anal\u00edtico del Activo<\/a><\/td><\/tr><tr><td><a href=\"http:\/\/www.municipiolahuacana.com\/capam\/CONAC\/2024\/1er_Trim\/EstdeCambSituFina1ertri24.PDF\" title=\"\">Estado de Cambios de la Situaci\u00f3n Financiera<\/a><\/td><\/tr><tr><td><a href=\"http:\/\/www.municipiolahuacana.com\/capam\/CONAC\/2024\/1er_Trim\/EstdeSituacionFin1ertri24.PDF\" title=\"\">Estado de Situaci\u00f3n Financiera<\/a><\/td><\/tr><tr><td><a href=\"http:\/\/www.municipiolahuacana.com\/capam\/CONAC\/2024\/1er_Trim\/EstdeVaricHaciPub1ertri24.PDF\" title=\"\">Estado de Variaci\u00f3n de la Hacienda P\u00fablica<\/a><\/td><\/tr><tr><td><a href=\"http:\/\/www.municipiolahuacana.com\/capam\/CONAC\/2024\/1er_Trim\/EstFlujoEfec1ertri24.PDF\" title=\"\">Estado de Flujo de Efectivo<\/a><\/td><\/tr><tr><td><a href=\"http:\/\/www.municipiolahuacana.com\/capam\/CONAC\/2024\/1er_Trim\/FormatoejercgtoFedeyReinti1ertrti24.PDF\" title=\"\">Formato del ejercicio y destino del gasto Federalizado y Reintegros<\/a><\/td><\/tr><tr><td><a href=\"http:\/\/www.municipiolahuacana.com\/capam\/CONAC\/2024\/1er_Trim\/NotasEstdFinan1ertri24.PDF\" title=\"\">Notas a los Estados Financieros<\/a><\/td><\/tr><\/tbody><\/table><\/figure>\n\n","protected":false},"excerpt":{"rendered":"<p>Conciliaci\u00f3n entre los Egresos Presupuestarios y los Gastos Contables Conciliaci\u00f3n entre los Ingresos Presupuestarios y Contables Estado de Actividades Estado Anal\u00edtico del Ejercicio del Presupuesto de Egresos Clasificaci\u00f3n por Objeto del Gasto Estado Anal\u00edtico del Ejercicio del Presupuesto de Egresos Clasificaci\u00f3n Funcional Estado Anal\u00edtico del Ejercicio del Presupuesto Clasificaci\u00f3n Econ\u00f3mica [&hellip;]<\/p>\n","protected":false},"author":1,"featured_media":0,"parent":0,"menu_order":0,"comment_status":"closed","ping_status":"closed","template":"","meta":{"om_disable_all_campaigns":false,"_monsterinsights_skip_tracking":false,"_monsterinsights_sitenote_active":false,"_monsterinsights_sitenote_note":"","_monsterinsights_sitenote_category":0,"footnotes":""},"class_list":["post-1133","page","type-page","status-publish","hentry"],"aioseo_notices":[],"_links":{"self":[{"href":"https:\/\/municipiolahuacana.com\/index.php\/wp-json\/wp\/v2\/pages\/1133","targetHints":{"allow":["GET"]}}],"collection":[{"href":"https:\/\/municipiolahuacana.com\/index.php\/wp-json\/wp\/v2\/pages"}],"about":[{"href":"https:\/\/municipiolahuacana.com\/index.php\/wp-json\/wp\/v2\/types\/page"}],"author":[{"embeddable":true,"href":"https:\/\/municipiolahuacana.com\/index.php\/wp-json\/wp\/v2\/users\/1"}],"replies":[{"embeddable":true,"href":"https:\/\/municipiolahuacana.com\/index.php\/wp-json\/wp\/v2\/comments?post=1133"}],"version-history":[{"count":3,"href":"https:\/\/municipiolahuacana.com\/index.php\/wp-json\/wp\/v2\/pages\/1133\/revisions"}],"predecessor-version":[{"id":1137,"href":"https:\/\/municipiolahuacana.com\/index.php\/wp-json\/wp\/v2\/pages\/1133\/revisions\/1137"}],"wp:attachment":[{"href":"https:\/\/municipiolahuacana.com\/index.php\/wp-json\/wp\/v2\/media?parent=1133"}],"curies":[{"name":"wp","href":"https:\/\/api.w.org\/{rel}","templated":true}]}}