{"id":1076,"date":"2024-02-11T03:26:55","date_gmt":"2024-02-11T08:26:55","guid":{"rendered":"http:\/\/municipiolahuacana.com\/?page_id=1076"},"modified":"2024-02-14T14:11:53","modified_gmt":"2024-02-14T19:11:53","slug":"dif-conac-4to-trimestre-2023","status":"publish","type":"page","link":"https:\/\/municipiolahuacana.com\/index.php\/dif-conac-4to-trimestre-2023\/","title":{"rendered":"DIF \u2013 CONAC 4TO TRIMESTRE 2023"},"content":{"rendered":"\n<div class=\"wp-block-themeisle-blocks-advanced-columns has-1-columns has-desktop-equal-layout has-tablet-equal-layout has-mobile-equal-layout has-default-gap has-vertical-unset\" id=\"wp-block-themeisle-blocks-advanced-columns-d56e73f2\"><div class=\"wp-block-themeisle-blocks-advanced-columns-overlay\"><\/div><div class=\"innerblocks-wrap\">\n<div class=\"wp-block-themeisle-blocks-advanced-column\" id=\"wp-block-themeisle-blocks-advanced-column-d04033ba\">\n<figure class=\"wp-block-table is-style-stripes\"><table><tbody><tr><td><a href=\"http:\/\/www.municipiolahuacana.com\/DIF\/2023\/CONAC\/4to_Trim\/1.-%20Estado%20de%20Actividades.pdf\" title=\"1.- Estado de Actividades\">1.- Estado de Actividades<\/a><\/td><\/tr><tr><td><a href=\"http:\/\/www.municipiolahuacana.com\/DIF\/2023\/CONAC\/4to_Trim\/2.-%20Estado%20de%20Situacion%20Financiera.pdf\" title=\"2.- Estado de Situaci\u00f3n Financiera\">2.- Estado de Situaci\u00f3n Financiera<\/a><\/td><\/tr><tr><td><a href=\"http:\/\/www.municipiolahuacana.com\/DIF\/2023\/CONAC\/4to_Trim\/3.-%20Estado%20de%20Variacion%20en%20la%20Hacienda%20Publica.pdf\" title=\"3.- Estado de Variaci\u00f3n en la Hacienda Publica\">3.- Estado de Variaci\u00f3n en la Hacienda Publica<\/a><\/td><\/tr><tr><td><a href=\"http:\/\/www.municipiolahuacana.com\/DIF\/2023\/CONAC\/4to_Trim\/4.-%20Estado%20de%20Cambio%20en%20la%20Situacion%20Financiera.pdf\" title=\"4.- Estado de Cambio en la Situaci\u00f3n Financiera\">4.- Estado de Cambio en la Situaci\u00f3n Financiera<\/a><\/td><\/tr><tr><td><a href=\"http:\/\/www.municipiolahuacana.com\/DIF\/2023\/CONAC\/4to_Trim\/5.-%20Estado%20de%20Flujo%20de%20Efectivo.pdf\" title=\"5.- Estado de Flujo de Efectivo\">5.- Estado de Flujo de Efectivo<\/a><\/td><\/tr><tr><td><a href=\"http:\/\/www.municipiolahuacana.com\/DIF\/2023\/CONAC\/4to_Trim\/6.-%20Estado%20Analitico%20del%20Activo_.pdf\" title=\"6.- Estado Anal\u00edtico del Activo\">6.- Estado Anal\u00edtico del Activo<\/a><\/td><\/tr><tr><td><a href=\"http:\/\/www.municipiolahuacana.com\/DIF\/2023\/CONAC\/4to_Trim\/7.-%20Estado%20Analitico%20de%20la%20Deuda%20y%20otros%20pasivos_.pdf\" title=\"7.- Estado Anal\u00edtico de la Deuda y otros pasivos\">7.- Estado Anal\u00edtico de la Deuda y otros pasivos<\/a><\/td><\/tr><tr><td><a href=\"http:\/\/www.municipiolahuacana.com\/DIF\/2023\/CONAC\/4to_Trim\/8.-%20Informe%20sobre%20el%20Pasivo%20Contingente.pdf\" title=\"8.- Informe sobre el Pasivo Contingente\">8.- Informe sobre el Pasivo Contingente<\/a><\/td><\/tr><tr><td><a href=\"http:\/\/www.municipiolahuacana.com\/DIF\/2023\/CONAC\/4to_Trim\/9.-%20Notas%20a%20los%20Estados%20Financieros.pdf\" title=\"9.- Notas a los Estados Financieros\">9.- Notas a los Estados Financieros<\/a><\/td><\/tr><tr><td><a href=\"http:\/\/www.municipiolahuacana.com\/DIF\/2023\/CONAC\/4to_Trim\/10.-%20Estado%20Analitico%20de%20Ingresos.pdf\" title=\"10.- Estado Anal\u00edtico de Ingresos\">10.- Estado Anal\u00edtico de Ingresos<\/a><\/td><\/tr><tr><td><a href=\"http:\/\/www.municipiolahuacana.com\/DIF\/2023\/CONAC\/4to_Trim\/11.-%20Estado%20Analitico%20del%20ejercicio%20del%20presupuesto%20de%20Egresos%20con%20base%20en%20la%20clasificacion%20administrativa.pdf\" title=\"11.- Estado Anal\u00edtico del ejercicio del presupuesto de Egresos con base en la clasificaci\u00f3n administrativa\">11.- Estado Anal\u00edtico del ejercicio del presupuesto de Egresos con base en la clasificaci\u00f3n administrativa<\/a><\/td><\/tr><tr><td><a href=\"http:\/\/www.municipiolahuacana.com\/DIF\/2023\/CONAC\/4to_Trim\/12.-%20Estado%20Analitico%20del%20ejercicio%20del%20presupuesto%20de%20egresos%20co%20base%20en%20la%20clasificacion%20economica.pdf\" title=\"12.- Estado Anal\u00edtico del ejercicio del presupuesto de egresos con base en la clasificaci\u00f3n econ\u00f3mica\">12.- Estado Anal\u00edtico del ejercicio del presupuesto de egresos con base en la clasificaci\u00f3n econ\u00f3mica<\/a><\/td><\/tr><tr><td><a href=\"http:\/\/www.municipiolahuacana.com\/DIF\/2023\/CONAC\/4to_Trim\/13.-%20Estado%20analitico%20del%20ejercicio%20del%20presupuesto%20de%20egresos%20con%20base%20en%20la%20clasificacion%20por%20Objeto%20de%20Gasto_.pdf\" title=\"13.- Estado anal\u00edtico del ejercicio del presupuesto de egresos con base en la clasificaci\u00f3n por Objeto de Gasto\">13.- Estado anal\u00edtico del ejercicio del presupuesto de egresos con base en la clasificaci\u00f3n por Objeto de Gasto<\/a><\/td><\/tr><tr><td><a href=\"http:\/\/www.municipiolahuacana.com\/DIF\/2023\/CONAC\/4to_Trim\/14.-%20Estado%20Analitico%20del%20ejercicio%20del%20presupuesto%20de%20egresos%20con%20base%20en%20la%20clasificacion%20Funcional_.pdf\" title=\"14.- Estado Anal\u00edtico del ejercicio del presupuesto de egresos con base en la clasificaci\u00f3n Funcional\">14.- Estado Anal\u00edtico del ejercicio del presupuesto de egresos con base en la clasificaci\u00f3n Funcional<\/a><\/td><\/tr><tr><td><a href=\"http:\/\/www.municipiolahuacana.com\/DIF\/2023\/CONAC\/4to_Trim\/15.-%20Endeudamiento%20Neto.pdf\" title=\"15.- Endeudamiento Neto\">15.- Endeudamiento Neto<\/a><\/td><\/tr><tr><td><a href=\"http:\/\/www.municipiolahuacana.com\/DIF\/2023\/CONAC\/4to_Trim\/16.-%20Intereses%20de%20la%20deuda.pdf\" title=\"16.- Intereses de la deuda\">16.- Intereses de la deuda<\/a><\/td><\/tr><tr><td><a href=\"http:\/\/www.municipiolahuacana.com\/DIF\/2023\/CONAC\/4to_Trim\/17.-%20Gasto%20por%20Categoria%20Programatica.pdf\" title=\"17.- Gasto por Categor\u00eda Program\u00e1tica\">17.- Gasto por Categor\u00eda Program\u00e1tica<\/a><\/td><\/tr><tr><td><a href=\"http:\/\/www.municipiolahuacana.com\/DIF\/2023\/CONAC\/4to_Trim\/18.-%20Indicadores%20de%20postura%20fiscal.pdf\" title=\"18.- Indicadores de postura fiscal\">18.- Indicadores de postura fiscal<\/a><\/td><\/tr><tr><td><a href=\"http:\/\/www.municipiolahuacana.com\/DIF\/2023\/CONAC\/4to_Trim\/19.-%20Programa%20y%20proyectos.pdf\" title=\"19.- Programa y proyectos\">19.- Programa y proyectos<\/a><\/td><\/tr><tr><td><a href=\"http:\/\/www.municipiolahuacana.com\/DIF\/2023\/CONAC\/4to_Trim\/20.-%20Inventario%20de%20Bienes%20Muebles%20inmuebles.pdf\" title=\"20.- Inventario de Bienes Muebles inmuebles\">20.- Inventario de Bienes Muebles inmuebles<\/a><\/td><\/tr><tr><td><a href=\"http:\/\/www.municipiolahuacana.com\/DIF\/2023\/CONAC\/4to_Trim\/ayudas%20y%20subsisdios.pdf\" title=\"21.- Ayudas y Subsidios\">21.- Ayudas y Subsidios<\/a><\/td><\/tr><\/tbody><\/table><\/figure>\n<\/div>\n<\/div><\/div>\n","protected":false},"excerpt":{"rendered":"","protected":false},"author":1,"featured_media":0,"parent":0,"menu_order":0,"comment_status":"closed","ping_status":"closed","template":"","meta":{"om_disable_all_campaigns":false,"_monsterinsights_skip_tracking":false,"_monsterinsights_sitenote_active":false,"_monsterinsights_sitenote_note":"","_monsterinsights_sitenote_category":0,"footnotes":""},"class_list":["post-1076","page","type-page","status-publish","hentry"],"aioseo_notices":[],"_links":{"self":[{"href":"https:\/\/municipiolahuacana.com\/index.php\/wp-json\/wp\/v2\/pages\/1076","targetHints":{"allow":["GET"]}}],"collection":[{"href":"https:\/\/municipiolahuacana.com\/index.php\/wp-json\/wp\/v2\/pages"}],"about":[{"href":"https:\/\/municipiolahuacana.com\/index.php\/wp-json\/wp\/v2\/types\/page"}],"author":[{"embeddable":true,"href":"https:\/\/municipiolahuacana.com\/index.php\/wp-json\/wp\/v2\/users\/1"}],"replies":[{"embeddable":true,"href":"https:\/\/municipiolahuacana.com\/index.php\/wp-json\/wp\/v2\/comments?post=1076"}],"version-history":[{"count":4,"href":"https:\/\/municipiolahuacana.com\/index.php\/wp-json\/wp\/v2\/pages\/1076\/revisions"}],"predecessor-version":[{"id":1091,"href":"https:\/\/municipiolahuacana.com\/index.php\/wp-json\/wp\/v2\/pages\/1076\/revisions\/1091"}],"wp:attachment":[{"href":"https:\/\/municipiolahuacana.com\/index.php\/wp-json\/wp\/v2\/media?parent=1076"}],"curies":[{"name":"wp","href":"https:\/\/api.w.org\/{rel}","templated":true}]}}