{"id":1052,"date":"2024-02-02T18:39:33","date_gmt":"2024-02-02T23:39:33","guid":{"rendered":"http:\/\/municipiolahuacana.com\/?page_id=1052"},"modified":"2024-02-14T14:14:40","modified_gmt":"2024-02-14T19:14:40","slug":"capam-conac-4to-trimestre-2023","status":"publish","type":"page","link":"https:\/\/municipiolahuacana.com\/index.php\/capam-conac-4to-trimestre-2023\/","title":{"rendered":"CAPAM \u2013 CONAC 4to Trimestre 2023"},"content":{"rendered":"\n<div class=\"wp-block-themeisle-blocks-advanced-columns has-1-columns has-desktop-equal-layout has-tablet-equal-layout has-mobile-equal-layout has-default-gap has-vertical-unset\" id=\"wp-block-themeisle-blocks-advanced-columns-340f4f45\"><div class=\"wp-block-themeisle-blocks-advanced-columns-overlay\"><\/div><div class=\"innerblocks-wrap\">\n<div class=\"wp-block-themeisle-blocks-advanced-column\" id=\"wp-block-themeisle-blocks-advanced-column-492f201c\">\n<figure class=\"wp-block-table is-style-stripes\"><table><tbody><tr><td><a href=\"http:\/\/www.municipiolahuacana.com\/capam\/CONAC\/2023\/4to_Trim\/ConciEgrePresuGastContb4totri23.pdf\" title=\"Conciliaci\u00f3n entre los Egresos Presupuestarios y los Gastos Contables\">Conciliaci\u00f3n entre los Egresos Presupuestarios y los Gastos Contables<\/a><\/td><\/tr><tr><td><a href=\"http:\/\/www.municipiolahuacana.com\/capam\/CONAC\/2023\/4to_Trim\/ConciIngPresupContab4totri23.pdf\" title=\"Conciliaci\u00f3n entre los Egresos Presupuestarios y los Gastos Contables\">Conciliaci\u00f3n entre los Egresos Presupuestarios y los Gastos Contables<\/a><\/td><\/tr><tr><td><a href=\"http:\/\/www.municipiolahuacana.com\/capam\/CONAC\/2023\/4to_Trim\/EstadodeActividades4totri23.pdf\" title=\"Estado de Actividades\">Estado de Actividades<\/a><\/td><\/tr><tr><td><a href=\"http:\/\/www.municipiolahuacana.com\/capam\/CONAC\/2023\/4to_Trim\/EstAnaDelActivo4totri23.pdf\" title=\"Estado Anal\u00edtico del Activo\">Estado Anal\u00edtico del Activo<\/a><\/td><\/tr><tr><td><a href=\"http:\/\/www.municipiolahuacana.com\/capam\/CONAC\/2023\/4to_Trim\/EstAnaEjercPresEgreEconom4totri23.pdf\" title=\"Estado Anal\u00edtico Ejercicio Presupuesto Egresos Clasificaci\u00f3n Econ\u00f3mica\">Estado Anal\u00edtico Ejercicio Presupuesto Egresos Clasificaci\u00f3n Econ\u00f3mica<\/a><\/td><\/tr><tr><td><a href=\"http:\/\/www.municipiolahuacana.com\/capam\/CONAC\/2023\/4to_Trim\/EstAnaEjerPrepEgreFuncio4totri2023.pdf\" title=\"Estado Anal\u00edtico Ejercicio Presupuesto Egresos Clasificaci\u00f3n Funcional\">Estado Anal\u00edtico Ejercicio Presupuesto Egresos Clasificaci\u00f3n Funcional<\/a><\/td><\/tr><tr><td><a href=\"http:\/\/www.municipiolahuacana.com\/capam\/CONAC\/2023\/4to_Trim\/EstAnaIngreso4totri23.pdf\" title=\"Estado Anal\u00edtico de Ingresos\">Estado Anal\u00edtico de Ingresos<\/a><\/td><\/tr><tr><td><a href=\"http:\/\/www.municipiolahuacana.com\/capam\/CONAC\/2023\/4to_Trim\/EstAnaPresEgreAdminis4totri23.pdf\" title=\"Estado Anal\u00edtico del Presupuesto de Egresos Clasificaci\u00f3n Administrativa\">Estado Anal\u00edtico del Presupuesto de Egresos Clasificaci\u00f3n Administrativa<\/a><\/td><\/tr><tr><td><a href=\"http:\/\/www.municipiolahuacana.com\/capam\/CONAC\/2023\/4to_Trim\/EstAnaPrespEgrexObjGast4totrim23.pdf\" title=\"Estado Anal\u00edtico del Presupuesto de Egresos por Objeto del Gasto\">Estado Anal\u00edtico del Presupuesto de Egresos por Objeto del Gasto<\/a><\/td><\/tr><tr><td><a href=\"http:\/\/www.municipiolahuacana.com\/capam\/CONAC\/2023\/4to_Trim\/EstCambSitFic4totri23.pdf\" title=\"Estado de Cambio de Situaci\u00f3n Financiera\">Estado de Cambio de Situaci\u00f3n Financiera<\/a><\/td><\/tr><tr><td><a href=\"http:\/\/www.municipiolahuacana.com\/capam\/CONAC\/2023\/4to_Trim\/EstFludeEfec4totri23.pdf\" title=\"Estado de Flujo de Efectivo\">Estado de Flujo de Efectivo<\/a><\/td><\/tr><tr><td><a href=\"http:\/\/www.municipiolahuacana.com\/capam\/CONAC\/2023\/4to_Trim\/EstSituaFinanciera4totri23.pdf\" title=\"Estado de Situaci\u00f3n Financiera\">Estado de Situaci\u00f3n Financiera<\/a><\/td><\/tr><tr><td><a href=\"http:\/\/www.municipiolahuacana.com\/capam\/CONAC\/2023\/4to_Trim\/EstSituFinanciera4totri23.pdf\" title=\"Estado de Situaci\u00f3n Financiera\">Estado de Situaci\u00f3n Financiera<\/a><\/td><\/tr><tr><td><a href=\"http:\/\/www.municipiolahuacana.com\/capam\/CONAC\/2023\/4to_Trim\/EstVariaHacidPubli4totri23.pdf\" title=\"Estado de Variaci\u00f3n Hacienda P\u00fablica\">Estado de Variaci\u00f3n Hacienda P\u00fablica<\/a><\/td><\/tr><tr><td><a href=\"http:\/\/www.municipiolahuacana.com\/capam\/CONAC\/2023\/4to_Trim\/Formt.destGastFederReint4totri23.pdf\" title=\"Formato del Destino del Gasto Federalizado y Reintegros\">Formato del Destino del Gasto Federalizado y Reintegros<\/a><\/td><\/tr><tr><td><a href=\"http:\/\/www.municipiolahuacana.com\/capam\/CONAC\/2023\/4to_Trim\/NotasEstFinan4totrim23.pdf\" title=\"Notas Estados Financieros\">Notas Estados Financieros<\/a><\/td><\/tr><tr><td><a href=\"http:\/\/www.municipiolahuacana.com\/capam\/CONAC\/2023\/4to_Trim\/ayudas%20y%20subsisdios%20capam.pdf\" title=\"Ayudas y Subsidios\">Ayudas y Subsidios<\/a><\/td><\/tr><\/tbody><\/table><\/figure>\n<\/div>\n<\/div><\/div>\n","protected":false},"excerpt":{"rendered":"","protected":false},"author":1,"featured_media":0,"parent":0,"menu_order":0,"comment_status":"closed","ping_status":"closed","template":"","meta":{"om_disable_all_campaigns":false,"_monsterinsights_skip_tracking":false,"_monsterinsights_sitenote_active":false,"_monsterinsights_sitenote_note":"","_monsterinsights_sitenote_category":0,"footnotes":""},"class_list":["post-1052","page","type-page","status-publish","hentry"],"aioseo_notices":[],"_links":{"self":[{"href":"https:\/\/municipiolahuacana.com\/index.php\/wp-json\/wp\/v2\/pages\/1052","targetHints":{"allow":["GET"]}}],"collection":[{"href":"https:\/\/municipiolahuacana.com\/index.php\/wp-json\/wp\/v2\/pages"}],"about":[{"href":"https:\/\/municipiolahuacana.com\/index.php\/wp-json\/wp\/v2\/types\/page"}],"author":[{"embeddable":true,"href":"https:\/\/municipiolahuacana.com\/index.php\/wp-json\/wp\/v2\/users\/1"}],"replies":[{"embeddable":true,"href":"https:\/\/municipiolahuacana.com\/index.php\/wp-json\/wp\/v2\/comments?post=1052"}],"version-history":[{"count":4,"href":"https:\/\/municipiolahuacana.com\/index.php\/wp-json\/wp\/v2\/pages\/1052\/revisions"}],"predecessor-version":[{"id":1092,"href":"https:\/\/municipiolahuacana.com\/index.php\/wp-json\/wp\/v2\/pages\/1052\/revisions\/1092"}],"wp:attachment":[{"href":"https:\/\/municipiolahuacana.com\/index.php\/wp-json\/wp\/v2\/media?parent=1052"}],"curies":[{"name":"wp","href":"https:\/\/api.w.org\/{rel}","templated":true}]}}