{"id":1006,"date":"2023-11-10T18:29:52","date_gmt":"2023-11-10T23:29:52","guid":{"rendered":"http:\/\/municipiolahuacana.com\/?page_id=1006"},"modified":"2023-11-10T18:36:41","modified_gmt":"2023-11-10T23:36:41","slug":"capam-ldf-3er-trimestre-2023","status":"publish","type":"page","link":"https:\/\/municipiolahuacana.com\/index.php\/capam-ldf-3er-trimestre-2023\/","title":{"rendered":"CAPAM &#8211; LDF 3er Trimestre 2023"},"content":{"rendered":"\n<div class=\"wp-block-themeisle-blocks-advanced-columns has-1-columns has-desktop-equal-layout has-tablet-equal-layout has-mobile-equal-layout has-default-gap has-vertical-unset\" id=\"wp-block-themeisle-blocks-advanced-columns-b3e155d0\"><div class=\"wp-block-themeisle-blocks-advanced-columns-overlay\"><\/div><div class=\"innerblocks-wrap\">\n<div class=\"wp-block-themeisle-blocks-advanced-column\" id=\"wp-block-themeisle-blocks-advanced-column-f9850c87\">\n<figure class=\"wp-block-table is-style-stripes\"><table><tbody><tr><td><a href=\"http:\/\/www.municipiolahuacana.com\/capam\/Ley_Dis_Fin\/2023\/3er_Trim\/BalancePresup3ertri23.pdf\" title=\"Balance Presupuestario\">Balance Presupuestario<\/a><\/td><\/tr><tr><td><a href=\"http:\/\/www.municipiolahuacana.com\/capam\/Ley_Dis_Fin\/2023\/3er_Trim\/EstAnaEjerPrespEgreClasfservPerso3ertrim23.pdf\" title=\"Estado Anal\u00edtico Ejercicio Presupuesto Egresos Clasificaci\u00f3n Servicios Personales\">Estado Anal\u00edtico Ejercicio Presupuesto Egresos Clasificaci\u00f3n Servicios Personales<\/a><\/td><\/tr><tr><td><a href=\"http:\/\/www.municipiolahuacana.com\/capam\/Ley_Dis_Fin\/2023\/3er_Trim\/EstAnaIngrDetallado3ertri23.pdf\" title=\"Estado Anal\u00edtico Ingresos Detallado\">Estado Anal\u00edtico Ingresos Detallado<\/a><\/td><\/tr><tr><td><a href=\"http:\/\/www.municipiolahuacana.com\/capam\/Ley_Dis_Fin\/2023\/3er_Trim\/EstAnalEjerPresEgreClasAdmon3ertrim23.pdf\" title=\"Estado Anal\u00edtico Ejercicio Presupuesto Egresos Clasificaci\u00f3n Adm\u00f3n.\">Estado Anal\u00edtico Ejercicio Presupuesto Egresos Clasificaci\u00f3n Adm\u00f3n.<\/a><\/td><\/tr><tr><td><a href=\"http:\/\/www.municipiolahuacana.com\/capam\/Ley_Dis_Fin\/2023\/3er_Trim\/EstAnalEjerPrespEgreDetxObjgast3ertri23.pdf\" title=\"Estado Anal\u00edtico Ejercicio Presupuesto Egresos Detallado x Objeto del Gasto\">Estado Anal\u00edtico Ejercicio Presupuesto Egresos Detallado x Objeto del Gasto<\/a><\/td><\/tr><tr><td><a href=\"http:\/\/www.municipiolahuacana.com\/capam\/Ley_Dis_Fin\/2023\/3er_Trim\/EstAnalPresEgreClasFunc3ertri23.pdf\" title=\"Estado Anal\u00edtico Presupuesto Egresos Clasificaci\u00f3n Funcional\">Estado Anal\u00edtico Presupuesto Egresos Clasificaci\u00f3n Funcional<\/a><\/td><\/tr><tr><td><a href=\"http:\/\/www.municipiolahuacana.com\/capam\/Ley_Dis_Fin\/2023\/3er_Trim\/EstSitFinanDetallado3ertri23.pdf\" title=\"Estado Situaci\u00f3n Financiera Detallado\">Estado Situaci\u00f3n Financiera Detallado<\/a><\/td><\/tr><tr><td><a href=\"http:\/\/www.municipiolahuacana.com\/capam\/Ley_Dis_Fin\/2023\/3er_Trim\/ProyeccionesEgreso3ertrim23.pdf\" title=\"Proyecciones de Egresos\">Proyecciones de Egresos<\/a><\/td><\/tr><tr><td><a href=\"http:\/\/www.municipiolahuacana.com\/capam\/Ley_Dis_Fin\/2023\/3er_Trim\/Proyeciones%20Ingresos3ertri23.pdf\" title=\"Proyecciones Ingresos\">Proyecciones Ingresos<\/a><\/td><\/tr><tr><td><a href=\"http:\/\/www.municipiolahuacana.com\/capam\/Ley_Dis_Fin\/2023\/3er_Trim\/ResultadosEgresos3ertri23.pdf\" title=\"Resultados Egresos\">Resultados Egresos<\/a><\/td><\/tr><tr><td><a href=\"http:\/\/www.municipiolahuacana.com\/capam\/Ley_Dis_Fin\/2023\/3er_Trim\/ResultadosIngresos3ertrim23.pdf\" title=\"Resultados Ingresos\">Resultados Ingresos<\/a><\/td><\/tr><\/tbody><\/table><\/figure>\n<\/div>\n<\/div><\/div>\n","protected":false},"excerpt":{"rendered":"","protected":false},"author":1,"featured_media":0,"parent":0,"menu_order":0,"comment_status":"closed","ping_status":"closed","template":"","meta":{"om_disable_all_campaigns":false,"_monsterinsights_skip_tracking":false,"_monsterinsights_sitenote_active":false,"_monsterinsights_sitenote_note":"","_monsterinsights_sitenote_category":0,"footnotes":""},"class_list":["post-1006","page","type-page","status-publish","hentry"],"aioseo_notices":[],"_links":{"self":[{"href":"https:\/\/municipiolahuacana.com\/index.php\/wp-json\/wp\/v2\/pages\/1006","targetHints":{"allow":["GET"]}}],"collection":[{"href":"https:\/\/municipiolahuacana.com\/index.php\/wp-json\/wp\/v2\/pages"}],"about":[{"href":"https:\/\/municipiolahuacana.com\/index.php\/wp-json\/wp\/v2\/types\/page"}],"author":[{"embeddable":true,"href":"https:\/\/municipiolahuacana.com\/index.php\/wp-json\/wp\/v2\/users\/1"}],"replies":[{"embeddable":true,"href":"https:\/\/municipiolahuacana.com\/index.php\/wp-json\/wp\/v2\/comments?post=1006"}],"version-history":[{"count":3,"href":"https:\/\/municipiolahuacana.com\/index.php\/wp-json\/wp\/v2\/pages\/1006\/revisions"}],"predecessor-version":[{"id":1010,"href":"https:\/\/municipiolahuacana.com\/index.php\/wp-json\/wp\/v2\/pages\/1006\/revisions\/1010"}],"wp:attachment":[{"href":"https:\/\/municipiolahuacana.com\/index.php\/wp-json\/wp\/v2\/media?parent=1006"}],"curies":[{"name":"wp","href":"https:\/\/api.w.org\/{rel}","templated":true}]}}